{"id":7865,"date":"2020-12-20T08:04:15","date_gmt":"2020-12-20T08:04:15","guid":{"rendered":"http:\/\/www.svu.edu.eg\/faculties\/law\/?page_id=7865"},"modified":"2020-12-20T08:04:20","modified_gmt":"2020-12-20T08:04:20","slug":"le-mot-de-doyen","status":"publish","type":"page","link":"http:\/\/www.svu.edu.eg\/faculties\/law\/fr\/le-mot-de-doyen\/","title":{"rendered":"Le mot de doyen"},"content":{"rendered":"<div class=\"search-main-wrap search-long\">\n<div class=\"translation-wrap clearfix\">\n<div class=\"right-side-wrap\">\n<div><\/div>\n<div><\/div>\n<div id=\"trtext\"><span id=\"s2_1\"><img decoding=\"async\" loading=\"lazy\" class=\"\" src=\"http:\/\/www.svu.edu.eg\/faculties\/law\/wp-content\/uploads\/2020\/10\/%D8%AF-%D8%AF%D9%88%D9%8A%D8%A8-242x300.jpg\" width=\"147\" height=\"182\">Le progr\u00e8s des \u00c9tats et des peuples se mesure non seulement par le d\u00e9veloppement militaire ou technologique, mais aussi par la mesure dans laquelle les peuples respectent le droit et la mesure dans laquelle l\u2019\u00c9tat et sa protection d\u00e9fendent le principe de l\u2019\u00c9tat de droit.<\/span><br \/>\n<span id=\"s2_2\">La loi est n\u00e9cessaire pour r\u00e9glementer les relations dans toute soci\u00e9t\u00e9, pour atteindre la stabilit\u00e9 et pour promouvoir la s\u00e9curit\u00e9 et la tranquillit\u00e9 parmi tous les citoyens.<\/span><br \/>\n<span id=\"s2_3\">L\u2019\u00e9tude de la Facult\u00e9 de droit est un pilier fondamental d\u2019une soci\u00e9t\u00e9 d\u00e9mocratique, o\u00f9 les diff\u00e9rentes branches du droit, dont beaucoup contiennent des sujets importants traitant de la plupart de nos questions de vie, nous enseignent \u00e0 r\u00e9aliser la justice, la justice et le respect des droits de l\u2019homme, dans la mesure o\u00f9 elle conserve sa valeur.<\/span><\/div>\n<\/div>\n<\/div>\n<\/div>\n<div class=\"newsearch vertical dnone\">\n<div class=\"leftpart\"><\/div>\n<\/div>\n","protected":false},"excerpt":{"rendered":"<p>Le progr\u00e8s des \u00c9tats et des peuples se mesure non seulement par le d\u00e9veloppement militaire ou technologique, mais aussi par la mesure dans laquelle les peuples respectent le droit et [&hellip;]<\/p>\n","protected":false},"author":2,"featured_media":0,"parent":0,"menu_order":0,"comment_status":"closed","ping_status":"closed","template":"","meta":[],"_links":{"self":[{"href":"http:\/\/www.svu.edu.eg\/faculties\/law\/wp-json\/wp\/v2\/pages\/7865"}],"collection":[{"href":"http:\/\/www.svu.edu.eg\/faculties\/law\/wp-json\/wp\/v2\/pages"}],"about":[{"href":"http:\/\/www.svu.edu.eg\/faculties\/law\/wp-json\/wp\/v2\/types\/page"}],"author":[{"embeddable":true,"href":"http:\/\/www.svu.edu.eg\/faculties\/law\/wp-json\/wp\/v2\/users\/2"}],"replies":[{"embeddable":true,"href":"http:\/\/www.svu.edu.eg\/faculties\/law\/wp-json\/wp\/v2\/comments?post=7865"}],"version-history":[{"count":2,"href":"http:\/\/www.svu.edu.eg\/faculties\/law\/wp-json\/wp\/v2\/pages\/7865\/revisions"}],"predecessor-version":[{"id":7867,"href":"http:\/\/www.svu.edu.eg\/faculties\/law\/wp-json\/wp\/v2\/pages\/7865\/revisions\/7867"}],"wp:attachment":[{"href":"http:\/\/www.svu.edu.eg\/faculties\/law\/wp-json\/wp\/v2\/media?parent=7865"}],"curies":[{"name":"wp","href":"https:\/\/api.w.org\/{rel}","templated":true}]}}