{"id":1118,"date":"2020-12-27T07:13:58","date_gmt":"2020-12-27T07:13:58","guid":{"rendered":"http:\/\/www.svu.edu.eg\/faculties\/inurs\/?page_id=1118"},"modified":"2022-03-24T06:40:55","modified_gmt":"2022-03-24T06:40:55","slug":"la-tresorerie","status":"publish","type":"page","link":"http:\/\/www.svu.edu.eg\/faculties\/inurs\/fr\/la-tresorerie\/","title":{"rendered":"La  tr\u00e9sorerie"},"content":{"rendered":"<p><span style=\"font-size: 14pt;\"><em><span style=\"font-family: georgia, palatino;\">Tous les ch\u00e8ques des salaires des membres du corps professoral et leurs assistants ont \u00e9t\u00e9 pay\u00e9s par administration des comptes, recevoir des d\u00e9penses sp\u00e9ciales des \u00e9tudiants et des \u00e9tudiantes pour l\u2019extraction et la fourniture de la carte \u00e0 la banque.<\/span><\/em><\/span><\/p>\n\n\n<p style=\"text-align:left\"><\/p>\n","protected":false},"excerpt":{"rendered":"<p>Tous les ch\u00e8ques des salaires des membres du corps professoral et leurs assistants ont \u00e9t\u00e9 pay\u00e9s par administration des comptes, recevoir des d\u00e9penses sp\u00e9ciales des \u00e9tudiants et des \u00e9tudiantes pour [&hellip;]<\/p>\n","protected":false},"author":2,"featured_media":0,"parent":0,"menu_order":0,"comment_status":"closed","ping_status":"closed","template":"","meta":{"_monsterinsights_skip_tracking":false,"_monsterinsights_sitenote_active":false,"_monsterinsights_sitenote_note":"","_monsterinsights_sitenote_category":0},"_links":{"self":[{"href":"http:\/\/www.svu.edu.eg\/faculties\/inurs\/wp-json\/wp\/v2\/pages\/1118"}],"collection":[{"href":"http:\/\/www.svu.edu.eg\/faculties\/inurs\/wp-json\/wp\/v2\/pages"}],"about":[{"href":"http:\/\/www.svu.edu.eg\/faculties\/inurs\/wp-json\/wp\/v2\/types\/page"}],"author":[{"embeddable":true,"href":"http:\/\/www.svu.edu.eg\/faculties\/inurs\/wp-json\/wp\/v2\/users\/2"}],"replies":[{"embeddable":true,"href":"http:\/\/www.svu.edu.eg\/faculties\/inurs\/wp-json\/wp\/v2\/comments?post=1118"}],"version-history":[{"count":3,"href":"http:\/\/www.svu.edu.eg\/faculties\/inurs\/wp-json\/wp\/v2\/pages\/1118\/revisions"}],"predecessor-version":[{"id":1520,"href":"http:\/\/www.svu.edu.eg\/faculties\/inurs\/wp-json\/wp\/v2\/pages\/1118\/revisions\/1520"}],"wp:attachment":[{"href":"http:\/\/www.svu.edu.eg\/faculties\/inurs\/wp-json\/wp\/v2\/media?parent=1118"}],"curies":[{"name":"wp","href":"https:\/\/api.w.org\/{rel}","templated":true}]}}