{"id":1115,"date":"2020-12-27T07:04:21","date_gmt":"2020-12-27T07:04:21","guid":{"rendered":"http:\/\/www.svu.edu.eg\/faculties\/inurs\/?page_id=1115"},"modified":"2022-03-24T06:43:28","modified_gmt":"2022-03-24T06:43:28","slug":"restriction-et-conservation","status":"publish","type":"page","link":"http:\/\/www.svu.edu.eg\/faculties\/inurs\/fr\/restriction-et-conservation\/","title":{"rendered":"Restriction et Conservation"},"content":{"rendered":"<p><\/p>\n<p><em><span style=\"font-size: 14pt; font-family: georgia, palatino;\">L\u2019administration envoie toutes les communications envoy\u00e9es pr\u00e9c\u00e9demment l\u2019institut \u00e0 l\u2019int\u00e9rieur et l\u2019ext\u00e9rieur de l\u2019universit\u00e9 ainsi re\u00e7oit et enregistre la correspondance envoy\u00e9e de l\u2019ext\u00e9rieur de l\u2019institut aux d\u00e9partements concern\u00e9s.<\/span><\/em><\/p>\n<p><\/p>\n\n\n<p style=\"text-align:left\"><\/p>\n","protected":false},"excerpt":{"rendered":"<p>L\u2019administration envoie toutes les communications envoy\u00e9es pr\u00e9c\u00e9demment l\u2019institut \u00e0 l\u2019int\u00e9rieur et l\u2019ext\u00e9rieur de l\u2019universit\u00e9 ainsi re\u00e7oit et enregistre la correspondance envoy\u00e9e de l\u2019ext\u00e9rieur de l\u2019institut aux d\u00e9partements concern\u00e9s.<\/p>\n","protected":false},"author":2,"featured_media":0,"parent":0,"menu_order":0,"comment_status":"closed","ping_status":"closed","template":"","meta":{"_monsterinsights_skip_tracking":false,"_monsterinsights_sitenote_active":false,"_monsterinsights_sitenote_note":"","_monsterinsights_sitenote_category":0},"_links":{"self":[{"href":"http:\/\/www.svu.edu.eg\/faculties\/inurs\/wp-json\/wp\/v2\/pages\/1115"}],"collection":[{"href":"http:\/\/www.svu.edu.eg\/faculties\/inurs\/wp-json\/wp\/v2\/pages"}],"about":[{"href":"http:\/\/www.svu.edu.eg\/faculties\/inurs\/wp-json\/wp\/v2\/types\/page"}],"author":[{"embeddable":true,"href":"http:\/\/www.svu.edu.eg\/faculties\/inurs\/wp-json\/wp\/v2\/users\/2"}],"replies":[{"embeddable":true,"href":"http:\/\/www.svu.edu.eg\/faculties\/inurs\/wp-json\/wp\/v2\/comments?post=1115"}],"version-history":[{"count":4,"href":"http:\/\/www.svu.edu.eg\/faculties\/inurs\/wp-json\/wp\/v2\/pages\/1115\/revisions"}],"predecessor-version":[{"id":1522,"href":"http:\/\/www.svu.edu.eg\/faculties\/inurs\/wp-json\/wp\/v2\/pages\/1115\/revisions\/1522"}],"wp:attachment":[{"href":"http:\/\/www.svu.edu.eg\/faculties\/inurs\/wp-json\/wp\/v2\/media?parent=1115"}],"curies":[{"name":"wp","href":"https:\/\/api.w.org\/{rel}","templated":true}]}}