{"id":1111,"date":"2020-12-26T10:20:28","date_gmt":"2020-12-26T10:20:28","guid":{"rendered":"http:\/\/www.svu.edu.eg\/faculties\/inurs\/?page_id=1111"},"modified":"2022-03-24T06:55:46","modified_gmt":"2022-03-24T06:55:46","slug":"centre-dinformation","status":"publish","type":"page","link":"http:\/\/www.svu.edu.eg\/faculties\/inurs\/fr\/centre-dinformation\/","title":{"rendered":"Centre d&#8217;information"},"content":{"rendered":"<p><span style=\"font-size: 14pt; font-family: georgia, palatino;\"><em>L\u2019institut dispose de 15 ordinateurs connect\u00e9s l\u2019internet sert les \u00e9tudiants et les \u00e9tudiantes dans la recherche, la connaissance et il y a un \u00e9cra.<\/em><\/span><\/p>\n\n\n<p style=\"text-align:left\"><\/p>\n","protected":false},"excerpt":{"rendered":"<p>L\u2019institut dispose de 15 ordinateurs connect\u00e9s l\u2019internet sert les \u00e9tudiants et les \u00e9tudiantes dans la recherche, la connaissance et il y a un \u00e9cra.<\/p>\n","protected":false},"author":2,"featured_media":0,"parent":0,"menu_order":0,"comment_status":"closed","ping_status":"closed","template":"","meta":{"_monsterinsights_skip_tracking":false,"_monsterinsights_sitenote_active":false,"_monsterinsights_sitenote_note":"","_monsterinsights_sitenote_category":0},"_links":{"self":[{"href":"http:\/\/www.svu.edu.eg\/faculties\/inurs\/wp-json\/wp\/v2\/pages\/1111"}],"collection":[{"href":"http:\/\/www.svu.edu.eg\/faculties\/inurs\/wp-json\/wp\/v2\/pages"}],"about":[{"href":"http:\/\/www.svu.edu.eg\/faculties\/inurs\/wp-json\/wp\/v2\/types\/page"}],"author":[{"embeddable":true,"href":"http:\/\/www.svu.edu.eg\/faculties\/inurs\/wp-json\/wp\/v2\/users\/2"}],"replies":[{"embeddable":true,"href":"http:\/\/www.svu.edu.eg\/faculties\/inurs\/wp-json\/wp\/v2\/comments?post=1111"}],"version-history":[{"count":3,"href":"http:\/\/www.svu.edu.eg\/faculties\/inurs\/wp-json\/wp\/v2\/pages\/1111\/revisions"}],"predecessor-version":[{"id":1524,"href":"http:\/\/www.svu.edu.eg\/faculties\/inurs\/wp-json\/wp\/v2\/pages\/1111\/revisions\/1524"}],"wp:attachment":[{"href":"http:\/\/www.svu.edu.eg\/faculties\/inurs\/wp-json\/wp\/v2\/media?parent=1111"}],"curies":[{"name":"wp","href":"https:\/\/api.w.org\/{rel}","templated":true}]}}