{"id":1105,"date":"2020-12-26T10:12:53","date_gmt":"2020-12-26T10:12:53","guid":{"rendered":"http:\/\/www.svu.edu.eg\/faculties\/inurs\/?page_id=1105"},"modified":"2022-03-24T07:47:08","modified_gmt":"2022-03-24T07:47:08","slug":"la-bibliotheque","status":"publish","type":"page","link":"http:\/\/www.svu.edu.eg\/faculties\/inurs\/fr\/la-bibliotheque\/","title":{"rendered":"La biblioth\u00e8que"},"content":{"rendered":"\n<p style=\"text-align:left\"> <\/p>\n\n\n<p><\/p>\n\n\n<\/p>\n<p><em><span style=\"font-size: 14pt; font-family: georgia, palatino;\">-l\u2019universit\u00e9 aide \u00e0 une enqu\u00eate sa mission dans les domaines de l\u2019\u00e9ducation et de la recherche scientifique.<\/span><\/em><\/p>\n<p><em><span style=\"font-size: 14pt; font-family: georgia, palatino;\">\n\n\n\n<\/span><\/em><\/p>\n<p><em><span style=\"font-size: 14pt; font-family: georgia, palatino;\">-Fournir les ressources du savoir \u00e9ducatif, scientifique et culturel.<\/span><\/em><\/p>\n<p><em><span style=\"font-size: 14pt; font-family: georgia, palatino;\">\n\n\n\n<\/span><\/em><\/p>\n<p><em><span style=\"font-size: 14pt; font-family: georgia, palatino;\">\u00a0-D\u00e9velopper leurs collections de diff\u00e9rentes connaissances pour les besoins de la communaut\u00e9.<\/span><\/em><\/p>\n<p><em><span style=\"font-size: 14pt; font-family: georgia, palatino;\">\n\n\n\n<\/span><\/em><\/p>\n<p><em><span style=\"font-size: 14pt; font-family: georgia, palatino;\">\u00a0-Collaborer avec la biblioth\u00e8que universitaire dans le domaine de l\u2019\u00e9change et du don des publications.<\/span><\/em><\/p>\n<p><em><span style=\"font-size: 14pt; font-family: georgia, palatino;\">-Faciliter et simplifier la biblioth\u00e8que pour ses personnes b\u00e9n\u00e9ficiaires du service de pr\u00eat.<\/span><\/em><\/p>\n<p><em><span style=\"font-size: 14pt; font-family: georgia, palatino;\">-Maintenir le produit de la pens\u00e9e humaine.<\/span><\/em><\/p>\n<p><em><span style=\"font-size: 14pt; font-family: georgia, palatino;\">-L\u2019acquisitions de la biblioth\u00e8que des livres anglais et des r\u00e9f\u00e9rences scientifiques 219 volumes.L\u2019acquisitions de la biblioth\u00e8que \u00a0des livres arabes et des r\u00e9f\u00e9rences scientifiques 93 volumes.<\/span><\/em><\/p>\n<p>\u00a0<\/p>\n<p>\n\n\n\n<table class=\"wp-block-table aligncenter is-style-regular\"><tbody><tr><td>  <strong> <em>Nom<\/em><\/strong>   <\/td><td>  <strong> <em>Fonction<\/em><\/strong>   <\/td><td>  <strong><em> Numbre<\/em><\/strong>   <\/td><\/tr><tr><td>  <em> Yasser Mahamed<\/em>  &nbsp;&nbsp;&nbsp;&nbsp;&nbsp;&nbsp;&nbsp;&nbsp;&nbsp; &nbsp;   <\/td><td> <em>Directeur<\/em>   <\/td><td>  <em> 01146041021<\/em> <\/td><\/tr><tr><td><em>Eman Hassan<\/em><br><em> Rehab Ahmed<\/em>   <\/td><td><em>Secr\u00e9taire<\/em> <br><em>Secr\u00e9taire<\/em>  <\/td><td>\n  &nbsp;\n  <\/td><\/tr><\/tbody><\/table>\n\n\n\n<p><\/p>\n","protected":false},"excerpt":{"rendered":"<p>-l\u2019universit\u00e9 aide \u00e0 une enqu\u00eate sa mission dans les domaines de l\u2019\u00e9ducation et de la recherche scientifique. -Fournir les ressources du savoir \u00e9ducatif, scientifique et culturel. \u00a0-D\u00e9velopper leurs collections de [&hellip;]<\/p>\n","protected":false},"author":2,"featured_media":0,"parent":0,"menu_order":0,"comment_status":"closed","ping_status":"closed","template":"","meta":{"_monsterinsights_skip_tracking":false,"_monsterinsights_sitenote_active":false,"_monsterinsights_sitenote_note":"","_monsterinsights_sitenote_category":0},"_links":{"self":[{"href":"http:\/\/www.svu.edu.eg\/faculties\/inurs\/wp-json\/wp\/v2\/pages\/1105"}],"collection":[{"href":"http:\/\/www.svu.edu.eg\/faculties\/inurs\/wp-json\/wp\/v2\/pages"}],"about":[{"href":"http:\/\/www.svu.edu.eg\/faculties\/inurs\/wp-json\/wp\/v2\/types\/page"}],"author":[{"embeddable":true,"href":"http:\/\/www.svu.edu.eg\/faculties\/inurs\/wp-json\/wp\/v2\/users\/2"}],"replies":[{"embeddable":true,"href":"http:\/\/www.svu.edu.eg\/faculties\/inurs\/wp-json\/wp\/v2\/comments?post=1105"}],"version-history":[{"count":7,"href":"http:\/\/www.svu.edu.eg\/faculties\/inurs\/wp-json\/wp\/v2\/pages\/1105\/revisions"}],"predecessor-version":[{"id":1536,"href":"http:\/\/www.svu.edu.eg\/faculties\/inurs\/wp-json\/wp\/v2\/pages\/1105\/revisions\/1536"}],"wp:attachment":[{"href":"http:\/\/www.svu.edu.eg\/faculties\/inurs\/wp-json\/wp\/v2\/media?parent=1105"}],"curies":[{"name":"wp","href":"https:\/\/api.w.org\/{rel}","templated":true}]}}