{"id":1102,"date":"2020-12-26T10:08:57","date_gmt":"2020-12-26T10:08:57","guid":{"rendered":"http:\/\/www.svu.edu.eg\/faculties\/inurs\/?page_id=1102"},"modified":"2022-03-24T07:42:36","modified_gmt":"2022-03-24T07:42:36","slug":"les-ressources-humaines","status":"publish","type":"page","link":"http:\/\/www.svu.edu.eg\/faculties\/inurs\/fr\/les-ressources-humaines\/","title":{"rendered":"Les ressources humaines"},"content":{"rendered":"\n<p style=\"text-align:left\"><\/p>\n\n\n<p><em><span style=\"font-size: 14pt; font-family: georgia, palatino;\">-L\u2019administration du personnel r\u00e9vise les formulaires mensuels des membres du corps professoral et des assistants ainsi que des heures de travail exc\u00e9dentaires et des formulaires de correction pour des membres du corps professoral \u00e0 l\u2019int\u00e9rieur de la facult\u00e9 et \u00e0 l\u2019\u00e9tranger et faire des enregistrements r\u00e9guliers pour l\u2019enregistrement p\u00e9riodique des prestations et ouvrir des cartes pour l\u2019enregistrement des salaires variables.<\/span><\/em><\/p>\n<p><em><span style=\"font-size: 14pt; font-family: georgia, palatino;\">-L\u2019administration du personnel r\u00e9vise formulaires d\u2019\u00e9change des salaires mensuels et les primes pour les travailleurs de la facult\u00e9 et faire des enregistrements r\u00e9guliers pour l\u2019enregistrement p\u00e9riodique des prestations et ouvrir des cartes pour l\u2019enregistrement des salaires variable.<\/span><\/em><\/p>\n<p><em><span style=\"font-size: 14pt; font-family: georgia, palatino;\">-L\u2019administration du personnel r\u00e9vise formulaires d\u2019\u00e9change des salaires mensuels pour les travailleurs temporaires et faire des enregistrements r\u00e9guliers pour l\u2019enregistrement p\u00e9riodique des prestation et toutes proc\u00e9dures de recrutement.<\/span><\/em><\/p>\n\n\n<table class=\"wp-block-table\"><tbody><tr><td>\n  *\n  <\/td><td>  <strong><em> Nom<\/em><\/strong>   <\/td><td><em><strong>   Fonction<\/strong><\/em>   <\/td><td> <em><strong>  Numbre <\/strong><\/em>  <\/td><\/tr><tr><td>\n  1\n  <\/td><td>  <em> Yasser Younes<\/em>   <\/td><td>  <em> Directeur<\/em>   <\/td><td>  <em> 01016463262<\/em>   <\/td><\/tr><tr><td>\n  2\n  <\/td><td><em>   Moustafa Mahamed<\/em>   <\/td><td>  <em> Employ\u00e9<\/em>   <\/td><td>\n  &nbsp;\n  <\/td><\/tr><tr><td>\n  3\n  <\/td><td><em>   Easraa Abo El-Hajjaj<\/em>   <\/td><td>   <em>Employ\u00e9e<\/em>   <\/td><td>\n  &nbsp;\n  <\/td><\/tr><tr><td>\n  4\n  <\/td><td> <em>  Abd Alla Mahmoud<\/em>   \u00a0   <\/td><td>  <em> Employ\u00e9<\/em>   <\/td><td>\n  &nbsp;\n  <\/td><\/tr><\/tbody><\/table>\n","protected":false},"excerpt":{"rendered":"<p>-L\u2019administration du personnel r\u00e9vise les formulaires mensuels des membres du corps professoral et des assistants ainsi que des heures de travail exc\u00e9dentaires et des formulaires de correction pour des membres [&hellip;]<\/p>\n","protected":false},"author":2,"featured_media":0,"parent":0,"menu_order":0,"comment_status":"closed","ping_status":"closed","template":"","meta":{"_monsterinsights_skip_tracking":false,"_monsterinsights_sitenote_active":false,"_monsterinsights_sitenote_note":"","_monsterinsights_sitenote_category":0},"_links":{"self":[{"href":"http:\/\/www.svu.edu.eg\/faculties\/inurs\/wp-json\/wp\/v2\/pages\/1102"}],"collection":[{"href":"http:\/\/www.svu.edu.eg\/faculties\/inurs\/wp-json\/wp\/v2\/pages"}],"about":[{"href":"http:\/\/www.svu.edu.eg\/faculties\/inurs\/wp-json\/wp\/v2\/types\/page"}],"author":[{"embeddable":true,"href":"http:\/\/www.svu.edu.eg\/faculties\/inurs\/wp-json\/wp\/v2\/users\/2"}],"replies":[{"embeddable":true,"href":"http:\/\/www.svu.edu.eg\/faculties\/inurs\/wp-json\/wp\/v2\/comments?post=1102"}],"version-history":[{"count":4,"href":"http:\/\/www.svu.edu.eg\/faculties\/inurs\/wp-json\/wp\/v2\/pages\/1102\/revisions"}],"predecessor-version":[{"id":1535,"href":"http:\/\/www.svu.edu.eg\/faculties\/inurs\/wp-json\/wp\/v2\/pages\/1102\/revisions\/1535"}],"wp:attachment":[{"href":"http:\/\/www.svu.edu.eg\/faculties\/inurs\/wp-json\/wp\/v2\/media?parent=1102"}],"curies":[{"name":"wp","href":"https:\/\/api.w.org\/{rel}","templated":true}]}}