{"id":1096,"date":"2020-12-26T09:54:28","date_gmt":"2020-12-26T09:54:28","guid":{"rendered":"http:\/\/www.svu.edu.eg\/faculties\/inurs\/?page_id=1096"},"modified":"2022-03-24T07:55:42","modified_gmt":"2022-03-24T07:55:42","slug":"affaires-detudiants","status":"publish","type":"page","link":"http:\/\/www.svu.edu.eg\/faculties\/inurs\/fr\/affaires-detudiants\/","title":{"rendered":"Affaires d&#8217;\u00e9tudiants"},"content":{"rendered":"\n\n<em><span style=\"font-size: 14pt; font-family: georgia, palatino;\">L<\/span><span style=\"font-size: 14pt; font-family: georgia, palatino;\">es affaires des \u00e9tudiants sont parmi les d\u00e9partements les plus proches des \u00e9tudiants, elle pr\u00e9sente les services, l\u2019administration et l\u2019orientation dont les \u00e9tudiants ont le plus besoin, en particulier les nouveaux \u00e9tudiants. L\u2019ordinateur sert \u00e0 entrer des donn\u00e9es pour les \u00e9tudiants et \u00e0 imprimer les r\u00e9sultats en fonction de la technologie et de la modernit\u00e9, l\u2019administration unique aux autres administrations dans ce domaine.<\/span><\/em>\n\n","protected":false},"excerpt":{"rendered":"<p>Les affaires des \u00e9tudiants sont parmi les d\u00e9partements les plus proches des \u00e9tudiants, elle pr\u00e9sente les services, l\u2019administration et l\u2019orientation dont les \u00e9tudiants ont le plus besoin, en particulier les [&hellip;]<\/p>\n","protected":false},"author":2,"featured_media":0,"parent":0,"menu_order":0,"comment_status":"closed","ping_status":"closed","template":"","meta":{"_monsterinsights_skip_tracking":false,"_monsterinsights_sitenote_active":false,"_monsterinsights_sitenote_note":"","_monsterinsights_sitenote_category":0},"_links":{"self":[{"href":"http:\/\/www.svu.edu.eg\/faculties\/inurs\/wp-json\/wp\/v2\/pages\/1096"}],"collection":[{"href":"http:\/\/www.svu.edu.eg\/faculties\/inurs\/wp-json\/wp\/v2\/pages"}],"about":[{"href":"http:\/\/www.svu.edu.eg\/faculties\/inurs\/wp-json\/wp\/v2\/types\/page"}],"author":[{"embeddable":true,"href":"http:\/\/www.svu.edu.eg\/faculties\/inurs\/wp-json\/wp\/v2\/users\/2"}],"replies":[{"embeddable":true,"href":"http:\/\/www.svu.edu.eg\/faculties\/inurs\/wp-json\/wp\/v2\/comments?post=1096"}],"version-history":[{"count":3,"href":"http:\/\/www.svu.edu.eg\/faculties\/inurs\/wp-json\/wp\/v2\/pages\/1096\/revisions"}],"predecessor-version":[{"id":1541,"href":"http:\/\/www.svu.edu.eg\/faculties\/inurs\/wp-json\/wp\/v2\/pages\/1096\/revisions\/1541"}],"wp:attachment":[{"href":"http:\/\/www.svu.edu.eg\/faculties\/inurs\/wp-json\/wp\/v2\/media?parent=1096"}],"curies":[{"name":"wp","href":"https:\/\/api.w.org\/{rel}","templated":true}]}}