{"id":1093,"date":"2020-12-26T09:48:53","date_gmt":"2020-12-26T09:48:53","guid":{"rendered":"http:\/\/www.svu.edu.eg\/faculties\/inurs\/?page_id=1093"},"modified":"2022-03-22T08:15:02","modified_gmt":"2022-03-22T08:15:02","slug":"les-moyens-de-communication","status":"publish","type":"page","link":"http:\/\/www.svu.edu.eg\/faculties\/inurs\/fr\/les-moyens-de-communication\/","title":{"rendered":"Les moyens de communication"},"content":{"rendered":"<p><\/p>\n<p><em><span style=\"font-size: 14pt; font-family: georgia, palatino;\">-Num\u00e9ro de t\u00e9l\u00e9phone\u00a0:- 5345725<\/span><\/em><br \/><br \/><em><span style=\"font-size: 14pt; font-family: georgia, palatino;\">\u2013 Num\u00e9ro de t\u00e9l\u00e9copieur\u00a0: 0965345725<\/span><\/em><br \/><br \/><em><span style=\"font-size: 14pt; font-family: georgia, palatino;\">\u2013E-mail\u00a0: <a href=\"mailto:Emohmed12@yahoo.com\">Emohmed12@yahoo.com<\/a><\/span><\/em><\/p>\n<p><em><span style=\"font-size: 14pt; font-family: georgia, palatino;\"> <\/span><\/em><\/p>\n<p><em><span style=\"font-size: 14pt; font-family: georgia, palatino;\">Num\u00e9ro postal\u00a0: 83523<\/span><\/em><\/p>\n<p><\/p>\n\n\n<p style=\"text-align:left\"><\/p>\n","protected":false},"excerpt":{"rendered":"<p>-Num\u00e9ro de t\u00e9l\u00e9phone\u00a0:- 5345725 \u2013 Num\u00e9ro de t\u00e9l\u00e9copieur\u00a0: 0965345725 \u2013E-mail\u00a0: Emohmed12@yahoo.com Num\u00e9ro postal\u00a0: 83523<\/p>\n","protected":false},"author":2,"featured_media":0,"parent":0,"menu_order":0,"comment_status":"closed","ping_status":"closed","template":"","meta":{"_monsterinsights_skip_tracking":false,"_monsterinsights_sitenote_active":false,"_monsterinsights_sitenote_note":"","_monsterinsights_sitenote_category":0},"_links":{"self":[{"href":"http:\/\/www.svu.edu.eg\/faculties\/inurs\/wp-json\/wp\/v2\/pages\/1093"}],"collection":[{"href":"http:\/\/www.svu.edu.eg\/faculties\/inurs\/wp-json\/wp\/v2\/pages"}],"about":[{"href":"http:\/\/www.svu.edu.eg\/faculties\/inurs\/wp-json\/wp\/v2\/types\/page"}],"author":[{"embeddable":true,"href":"http:\/\/www.svu.edu.eg\/faculties\/inurs\/wp-json\/wp\/v2\/users\/2"}],"replies":[{"embeddable":true,"href":"http:\/\/www.svu.edu.eg\/faculties\/inurs\/wp-json\/wp\/v2\/comments?post=1093"}],"version-history":[{"count":4,"href":"http:\/\/www.svu.edu.eg\/faculties\/inurs\/wp-json\/wp\/v2\/pages\/1093\/revisions"}],"predecessor-version":[{"id":1518,"href":"http:\/\/www.svu.edu.eg\/faculties\/inurs\/wp-json\/wp\/v2\/pages\/1093\/revisions\/1518"}],"wp:attachment":[{"href":"http:\/\/www.svu.edu.eg\/faculties\/inurs\/wp-json\/wp\/v2\/media?parent=1093"}],"curies":[{"name":"wp","href":"https:\/\/api.w.org\/{rel}","templated":true}]}}