{"id":1090,"date":"2020-12-26T09:42:30","date_gmt":"2020-12-26T09:42:30","guid":{"rendered":"http:\/\/www.svu.edu.eg\/faculties\/inurs\/?page_id=1090"},"modified":"2022-03-22T08:13:44","modified_gmt":"2022-03-22T08:13:44","slug":"le-siege","status":"publish","type":"page","link":"http:\/\/www.svu.edu.eg\/faculties\/inurs\/fr\/le-siege\/","title":{"rendered":"Le si\u00e8ge"},"content":{"rendered":"<p><em><span style=\"font-size: 14pt; font-family: georgia, palatino;\">*Emplacement de l\u2019institut technique des soins infirmiers \u00e0 Qena:-\u00a0\u00a0<\/span><\/em><\/p>\n<p><em><span style=\"font-size: 14pt; font-family: georgia, palatino;\">-L\u2019institut a \u00e9t\u00e9 d\u00e9plac\u00e9 sur le site de l\u2019ancien facult\u00e9 de soins infirmiers \u00e0 c\u00f4t\u00e9 de la travers\u00e9e des jeunes dans le centre de Qena.<\/span><\/em><\/p>\n<p><em><span style=\"font-size: 14pt; font-family: georgia, palatino;\">-L\u2019\u00e9tude de l\u2019institut a commenc\u00e9 en 2010-2011 et graduation de la premi\u00e8re promotion de l\u2019ann\u00e9e acad\u00e9mique 2013\/2014.<\/span><\/em><\/p>\n\n\n<p style=\"text-align:left\"><\/p>\n","protected":false},"excerpt":{"rendered":"<p>*Emplacement de l\u2019institut technique des soins infirmiers \u00e0 Qena:-\u00a0\u00a0 -L\u2019institut a \u00e9t\u00e9 d\u00e9plac\u00e9 sur le site de l\u2019ancien facult\u00e9 de soins infirmiers \u00e0 c\u00f4t\u00e9 de la travers\u00e9e des jeunes dans [&hellip;]<\/p>\n","protected":false},"author":2,"featured_media":0,"parent":0,"menu_order":0,"comment_status":"closed","ping_status":"closed","template":"","meta":{"_monsterinsights_skip_tracking":false,"_monsterinsights_sitenote_active":false,"_monsterinsights_sitenote_note":"","_monsterinsights_sitenote_category":0},"_links":{"self":[{"href":"http:\/\/www.svu.edu.eg\/faculties\/inurs\/wp-json\/wp\/v2\/pages\/1090"}],"collection":[{"href":"http:\/\/www.svu.edu.eg\/faculties\/inurs\/wp-json\/wp\/v2\/pages"}],"about":[{"href":"http:\/\/www.svu.edu.eg\/faculties\/inurs\/wp-json\/wp\/v2\/types\/page"}],"author":[{"embeddable":true,"href":"http:\/\/www.svu.edu.eg\/faculties\/inurs\/wp-json\/wp\/v2\/users\/2"}],"replies":[{"embeddable":true,"href":"http:\/\/www.svu.edu.eg\/faculties\/inurs\/wp-json\/wp\/v2\/comments?post=1090"}],"version-history":[{"count":8,"href":"http:\/\/www.svu.edu.eg\/faculties\/inurs\/wp-json\/wp\/v2\/pages\/1090\/revisions"}],"predecessor-version":[{"id":1517,"href":"http:\/\/www.svu.edu.eg\/faculties\/inurs\/wp-json\/wp\/v2\/pages\/1090\/revisions\/1517"}],"wp:attachment":[{"href":"http:\/\/www.svu.edu.eg\/faculties\/inurs\/wp-json\/wp\/v2\/media?parent=1090"}],"curies":[{"name":"wp","href":"https:\/\/api.w.org\/{rel}","templated":true}]}}