{"id":1087,"date":"2020-12-26T09:37:24","date_gmt":"2020-12-26T09:37:24","guid":{"rendered":"http:\/\/www.svu.edu.eg\/faculties\/inurs\/?page_id=1087"},"modified":"2022-03-22T08:07:51","modified_gmt":"2022-03-22T08:07:51","slug":"les-conditions-dadmission","status":"publish","type":"page","link":"http:\/\/www.svu.edu.eg\/faculties\/inurs\/fr\/les-conditions-dadmission\/","title":{"rendered":"Les conditions d&#8217;admission"},"content":{"rendered":"<p><em><span style=\"font-size: 14pt; font-family: georgia, palatino;\">1- Obtention d&#8217;un dipl\u00f4me d&#8217;\u00e9tudes secondaires ou son \u00e9quivalent (Division des sciences).<\/span><\/em><\/p>\n<p><em><span style=\"font-size: 14pt; font-family: georgia, palatino;\">2- Demande d&#8217;admission \u00e0 l&#8217;institut par l&#8217;interm\u00e9diaire du bureau de coordination des admissions des universit\u00e9s.<\/span><\/em><\/p>\n<p><em><span style=\"font-size: 14pt; font-family: georgia, palatino;\">3- L&#8217;institut accepte des \u00e9tudiants et des \u00e9tudiantes.<\/span><\/em><\/p>\n<p><em><span style=\"font-size: 14pt; font-family: georgia, palatino;\">4- Admission des nouveaux arrivants \u00e0 l&#8217;institut conform\u00e9ment aux r\u00e8gles fix\u00e9es par le conseil sup\u00e9rieur des universit\u00e9s.<\/span><\/em><\/p>\n","protected":false},"excerpt":{"rendered":"<p>1- Obtention d&#8217;un dipl\u00f4me d&#8217;\u00e9tudes secondaires ou son \u00e9quivalent (Division des sciences). 2- Demande d&#8217;admission \u00e0 l&#8217;institut par l&#8217;interm\u00e9diaire du bureau de coordination des admissions des universit\u00e9s. 3- L&#8217;institut accepte [&hellip;]<\/p>\n","protected":false},"author":2,"featured_media":0,"parent":0,"menu_order":0,"comment_status":"closed","ping_status":"closed","template":"","meta":{"_monsterinsights_skip_tracking":false,"_monsterinsights_sitenote_active":false,"_monsterinsights_sitenote_note":"","_monsterinsights_sitenote_category":0},"_links":{"self":[{"href":"http:\/\/www.svu.edu.eg\/faculties\/inurs\/wp-json\/wp\/v2\/pages\/1087"}],"collection":[{"href":"http:\/\/www.svu.edu.eg\/faculties\/inurs\/wp-json\/wp\/v2\/pages"}],"about":[{"href":"http:\/\/www.svu.edu.eg\/faculties\/inurs\/wp-json\/wp\/v2\/types\/page"}],"author":[{"embeddable":true,"href":"http:\/\/www.svu.edu.eg\/faculties\/inurs\/wp-json\/wp\/v2\/users\/2"}],"replies":[{"embeddable":true,"href":"http:\/\/www.svu.edu.eg\/faculties\/inurs\/wp-json\/wp\/v2\/comments?post=1087"}],"version-history":[{"count":3,"href":"http:\/\/www.svu.edu.eg\/faculties\/inurs\/wp-json\/wp\/v2\/pages\/1087\/revisions"}],"predecessor-version":[{"id":1511,"href":"http:\/\/www.svu.edu.eg\/faculties\/inurs\/wp-json\/wp\/v2\/pages\/1087\/revisions\/1511"}],"wp:attachment":[{"href":"http:\/\/www.svu.edu.eg\/faculties\/inurs\/wp-json\/wp\/v2\/media?parent=1087"}],"curies":[{"name":"wp","href":"https:\/\/api.w.org\/{rel}","templated":true}]}}