{"id":1081,"date":"2020-12-26T08:48:28","date_gmt":"2020-12-26T08:48:28","guid":{"rendered":"http:\/\/www.svu.edu.eg\/faculties\/inurs\/?page_id=1081"},"modified":"2022-03-22T07:19:47","modified_gmt":"2022-03-22T07:19:47","slug":"les-objectifs","status":"publish","type":"page","link":"http:\/\/www.svu.edu.eg\/faculties\/inurs\/fr\/les-objectifs\/","title":{"rendered":"Les objectifs"},"content":{"rendered":"<p><em><span style=\"font-size: 14pt; font-family: georgia, palatino;\">1- Disposer d&#8217;infirmi\u00e8res capables de prodiguer des soins bas\u00e9s sur l&#8217;information et les comp\u00e9tences pratiques tout en travaillant avec des personnes et des patients sains dans tous les \u00e9tablissements de sant\u00e9.<\/span><\/em><\/p>\n<p><em><span style=\"font-size: 14pt; font-family: georgia, palatino;\">2- Compl\u00e9ter la structure administrative.<\/span><\/em><\/p>\n<p><em><span style=\"font-size: 14pt; font-family: georgia, palatino;\">3- D\u00e9velopper des programmes \u00e9ducatifs en accord avec les normes de qualit\u00e9 et les besoins du travail.<\/span><\/em><\/p>\n<p><em><span style=\"font-size: 14pt; font-family: georgia, palatino;\">4- Renforcement des relations avec le dipl\u00f4m\u00e9 et entre les \u00e9tablissements infirmiers au niveau de la r\u00e9publique.<\/span><\/em><\/p>\n","protected":false},"excerpt":{"rendered":"<p>1- Disposer d&#8217;infirmi\u00e8res capables de prodiguer des soins bas\u00e9s sur l&#8217;information et les comp\u00e9tences pratiques tout en travaillant avec des personnes et des patients sains dans tous les \u00e9tablissements de [&hellip;]<\/p>\n","protected":false},"author":2,"featured_media":0,"parent":0,"menu_order":0,"comment_status":"closed","ping_status":"closed","template":"","meta":{"_monsterinsights_skip_tracking":false,"_monsterinsights_sitenote_active":false,"_monsterinsights_sitenote_note":"","_monsterinsights_sitenote_category":0},"_links":{"self":[{"href":"http:\/\/www.svu.edu.eg\/faculties\/inurs\/wp-json\/wp\/v2\/pages\/1081"}],"collection":[{"href":"http:\/\/www.svu.edu.eg\/faculties\/inurs\/wp-json\/wp\/v2\/pages"}],"about":[{"href":"http:\/\/www.svu.edu.eg\/faculties\/inurs\/wp-json\/wp\/v2\/types\/page"}],"author":[{"embeddable":true,"href":"http:\/\/www.svu.edu.eg\/faculties\/inurs\/wp-json\/wp\/v2\/users\/2"}],"replies":[{"embeddable":true,"href":"http:\/\/www.svu.edu.eg\/faculties\/inurs\/wp-json\/wp\/v2\/comments?post=1081"}],"version-history":[{"count":4,"href":"http:\/\/www.svu.edu.eg\/faculties\/inurs\/wp-json\/wp\/v2\/pages\/1081\/revisions"}],"predecessor-version":[{"id":1504,"href":"http:\/\/www.svu.edu.eg\/faculties\/inurs\/wp-json\/wp\/v2\/pages\/1081\/revisions\/1504"}],"wp:attachment":[{"href":"http:\/\/www.svu.edu.eg\/faculties\/inurs\/wp-json\/wp\/v2\/media?parent=1081"}],"curies":[{"name":"wp","href":"https:\/\/api.w.org\/{rel}","templated":true}]}}