{"id":1075,"date":"2020-12-26T08:21:50","date_gmt":"2020-12-26T08:21:50","guid":{"rendered":"http:\/\/www.svu.edu.eg\/faculties\/inurs\/?page_id=1075"},"modified":"2022-03-03T09:05:16","modified_gmt":"2022-03-03T09:05:16","slug":"le-mot-du-directeur","status":"publish","type":"page","link":"http:\/\/www.svu.edu.eg\/faculties\/inurs\/fr\/le-mot-du-directeur\/","title":{"rendered":"Mot du directeur"},"content":{"rendered":"\n<p style=\"text-align:left\"><\/p>\n\n\n<p>\u00a0<\/p>\n<p><em><span style=\"font-size: 14pt; font-family: georgia, palatino;\">Mes chers fils les \u00e9tudiants de l\u2019Institut Technique d\u2019Infirmier de l\u2019Universit\u00e9.<\/span><\/em><\/p>\n<p><em><span style=\"font-size: 14pt; font-family: georgia, palatino;\">Je vous invite \u00e0 faire plus, \u00e0 faire mieux, \u00e0 \u00e9tudier, \u00e0 faire de la recherche et diligente des le\u00e7ons th\u00e9oriques et scientifiques, et faire Le plus grand s\u00e9rieux, diligence, pers\u00e9v\u00e9rance et attention \u00e0 l\u2019application pratique j\u2019esp\u00e8re que vous suivrez les r\u00e8gles de la formation pratique votre vie universitaire est une exp\u00e9rience utile qui vous profitera dans votre carri\u00e8re et votre vie le priv\u00e9.<\/span><\/em><\/p>\n<p>\u00a0<\/p>\n\n\n<p style=\"text-align:left\"><\/p>\n","protected":false},"excerpt":{"rendered":"<p>\u00a0 Mes chers fils les \u00e9tudiants de l\u2019Institut Technique d\u2019Infirmier de l\u2019Universit\u00e9. Je vous invite \u00e0 faire plus, \u00e0 faire mieux, \u00e0 \u00e9tudier, \u00e0 faire de la recherche et diligente [&hellip;]<\/p>\n","protected":false},"author":2,"featured_media":0,"parent":0,"menu_order":0,"comment_status":"closed","ping_status":"closed","template":"","meta":{"_monsterinsights_skip_tracking":false,"_monsterinsights_sitenote_active":false,"_monsterinsights_sitenote_note":"","_monsterinsights_sitenote_category":0},"_links":{"self":[{"href":"http:\/\/www.svu.edu.eg\/faculties\/inurs\/wp-json\/wp\/v2\/pages\/1075"}],"collection":[{"href":"http:\/\/www.svu.edu.eg\/faculties\/inurs\/wp-json\/wp\/v2\/pages"}],"about":[{"href":"http:\/\/www.svu.edu.eg\/faculties\/inurs\/wp-json\/wp\/v2\/types\/page"}],"author":[{"embeddable":true,"href":"http:\/\/www.svu.edu.eg\/faculties\/inurs\/wp-json\/wp\/v2\/users\/2"}],"replies":[{"embeddable":true,"href":"http:\/\/www.svu.edu.eg\/faculties\/inurs\/wp-json\/wp\/v2\/comments?post=1075"}],"version-history":[{"count":5,"href":"http:\/\/www.svu.edu.eg\/faculties\/inurs\/wp-json\/wp\/v2\/pages\/1075\/revisions"}],"predecessor-version":[{"id":1489,"href":"http:\/\/www.svu.edu.eg\/faculties\/inurs\/wp-json\/wp\/v2\/pages\/1075\/revisions\/1489"}],"wp:attachment":[{"href":"http:\/\/www.svu.edu.eg\/faculties\/inurs\/wp-json\/wp\/v2\/media?parent=1075"}],"curies":[{"name":"wp","href":"https:\/\/api.w.org\/{rel}","templated":true}]}}