{"id":1066,"date":"2020-12-19T11:25:39","date_gmt":"2020-12-19T11:25:39","guid":{"rendered":"http:\/\/www.svu.edu.eg\/faculties\/inurs\/?page_id=1066"},"modified":"2022-03-21T08:57:59","modified_gmt":"2022-03-21T08:57:59","slug":"breve-de-linstitut","status":"publish","type":"page","link":"http:\/\/www.svu.edu.eg\/faculties\/inurs\/fr\/breve-de-linstitut\/","title":{"rendered":"Br\u00e8ve de l&#8217;institut"},"content":{"rendered":"\n<p style=\"text-align:left\"><\/p>\n\n\n<p><em><span style=\"font-size: 14pt; font-family: georgia, palatino;\">L\u2019institut a \u00e9t\u00e9 cr\u00e9\u00e9 par d\u00e9cision minist\u00e9rielle (1380) du 24 \/6\/ 2009 concernant la cr\u00e9ation de l\u2019institut, qui est rattach\u00e9 \u00e0 la facult\u00e9 de m\u00e9decine apr\u00e8s l&#8217;acc\u00e8s de la Loi&nbsp; 49 de 1972 sur l\u2019organisation des universit\u00e9s et des lois.<\/span><\/em><\/p>\n<p><em><span style=\"font-size: 14pt; font-family: georgia, palatino;\">Le d\u00e9cret r\u00e9publicain 809 de 1997 concernant r\u00e8glement d&#8217;application de la loi sur l\u2019organisation des universit\u00e9s et ses d\u00e9cisions modifi\u00e9es.<\/span><\/em><\/p>\n\n\n<p style=\"text-align:left\"><\/p>\n\n\n<p><\/p>\n\n\n<\/p>\n<p><em><span style=\"font-size: 14pt; font-family: georgia, palatino;\">( <strong>Article I<\/strong> <strong>)<\/strong><\/span><\/em><\/p>\n<p><em><span style=\"font-size: 14pt; font-family: georgia, palatino;\">\n\n\n\n<\/span><\/em><\/p>\n<p><em><span style=\"font-size: 14pt; font-family: georgia, palatino;\">Approuv\u00e9 la cr\u00e9ation d\u2019un institut rattach\u00e9 \u00e0 la Facult\u00e9 de m\u00e9decine de l\u2019Universit\u00e9 Qena.<\/span><\/em><\/p>\n<p><em><span style=\"font-size: 14pt; font-family: georgia, palatino;\"><strong data-rich-text-format-boundary=\"true\">(Article II<\/strong>)<\/span><\/em><\/p>\n<p><em><span style=\"font-size: 14pt; font-family: georgia, palatino;\">Le r\u00e8glement type pour les instituts rattach\u00e9s aux facult\u00e9s de m\u00e9decine des universit\u00e9s \u00e9gyptiennes, publi\u00e9 par le d\u00e9cret minist\u00e9riel 1268 du 28 \/10\/ 1997, et les d\u00e9cisions modifi\u00e9es.<\/span><\/em><\/p>\n<p><em><span style=\"font-size: 14pt; font-family: georgia, palatino;\"><strong data-rich-text-format-boundary=\"true\">(Article III<\/strong>)<\/span><\/em><\/p>\n<p><em><span style=\"font-size: 14pt; font-family: georgia, palatino;\">Toutes les autorit\u00e9s comp\u00e9tentes doivent mettre en \u0153uvre cette d\u00e9cision.<\/span><\/em><\/p>\n<p><em><strong><span style=\"font-size: 14pt; font-family: georgia, palatino;\">*Note importante:-<\/span><\/strong><\/em><br \/><em><span style=\"font-size: 14pt; font-family: georgia, palatino;\">Le conseil sup\u00e9rieur des universit\u00e9s a d\u00e9cid\u00e9 le 31\/05\/2012 pour convenir d\u2019\u00eatre les<\/span><\/em><br \/><em><span style=\"font-size: 14pt; font-family: georgia, palatino;\">instituts techniques d&#8217;infirmi\u00e8res affili\u00e9s aux facult\u00e9s d&#8217;infirmi\u00e8res des universit\u00e9s.<\/span><\/em><\/p>\n<p>\u00a0<\/p>\n<p>\n\n\n<p><\/p>\n\n\n<p style=\"text-align:left\"> <\/p>\n\n\n\n<p style=\"text-align:left\"><\/p>\n\n\n\n<p style=\"text-align:left\"><\/p>\n\n\n\n<p style=\"text-align:left\"><\/p>\n","protected":false},"excerpt":{"rendered":"<p>L\u2019institut a \u00e9t\u00e9 cr\u00e9\u00e9 par d\u00e9cision minist\u00e9rielle (1380) du 24 \/6\/ 2009 concernant la cr\u00e9ation de l\u2019institut, qui est rattach\u00e9 \u00e0 la facult\u00e9 de m\u00e9decine apr\u00e8s l&#8217;acc\u00e8s de la Loi&nbsp; [&hellip;]<\/p>\n","protected":false},"author":2,"featured_media":0,"parent":0,"menu_order":0,"comment_status":"closed","ping_status":"closed","template":"","meta":{"_monsterinsights_skip_tracking":false,"_monsterinsights_sitenote_active":false,"_monsterinsights_sitenote_note":"","_monsterinsights_sitenote_category":0},"_links":{"self":[{"href":"http:\/\/www.svu.edu.eg\/faculties\/inurs\/wp-json\/wp\/v2\/pages\/1066"}],"collection":[{"href":"http:\/\/www.svu.edu.eg\/faculties\/inurs\/wp-json\/wp\/v2\/pages"}],"about":[{"href":"http:\/\/www.svu.edu.eg\/faculties\/inurs\/wp-json\/wp\/v2\/types\/page"}],"author":[{"embeddable":true,"href":"http:\/\/www.svu.edu.eg\/faculties\/inurs\/wp-json\/wp\/v2\/users\/2"}],"replies":[{"embeddable":true,"href":"http:\/\/www.svu.edu.eg\/faculties\/inurs\/wp-json\/wp\/v2\/comments?post=1066"}],"version-history":[{"count":4,"href":"http:\/\/www.svu.edu.eg\/faculties\/inurs\/wp-json\/wp\/v2\/pages\/1066\/revisions"}],"predecessor-version":[{"id":1501,"href":"http:\/\/www.svu.edu.eg\/faculties\/inurs\/wp-json\/wp\/v2\/pages\/1066\/revisions\/1501"}],"wp:attachment":[{"href":"http:\/\/www.svu.edu.eg\/faculties\/inurs\/wp-json\/wp\/v2\/media?parent=1066"}],"curies":[{"name":"wp","href":"https:\/\/api.w.org\/{rel}","templated":true}]}}