{"id":7606,"date":"2022-03-14T08:39:19","date_gmt":"2022-03-14T08:39:19","guid":{"rendered":"http:\/\/www.svu.edu.eg\/faculties\/hu-edu\/?page_id=7606"},"modified":"2022-03-14T08:39:33","modified_gmt":"2022-03-14T08:39:33","slug":"enseigement-a-distance","status":"publish","type":"page","link":"http:\/\/www.svu.edu.eg\/faculties\/hu-edu\/fr\/enseigement-a-distance\/","title":{"rendered":"enseigement \u00e0 distance"},"content":{"rendered":"<p><span style=\"color: #ff0000;\"><a style=\"color: #ff0000;\" href=\"http:\/\/www.svu.edu.eg\/faculties\/hu-edu\/%d8%a7%d9%84%d9%81%d8%b1%d9%82%d8%a9-%d8%a7%d9%84%d8%a3%d9%88%d9%84%d9%89\/\"><em><strong><span style=\"font-size: 14pt;\">&#8211; Premi\u00e8re division<\/span><\/strong><\/em><\/a><\/span><\/p>\n<p><span style=\"color: #ff0000;\"><a style=\"color: #ff0000;\" href=\"http:\/\/www.svu.edu.eg\/faculties\/hu-edu\/%d8%a7%d9%84%d9%81%d8%b1%d9%82%d8%a9-%d8%a7%d9%84%d8%ab%d8%a7%d9%86%d9%8a%d8%a9\/\"><em><strong><span style=\"font-size: 14pt;\">&#8211; Deuxi\u00e8me division<\/span><\/strong><\/em><\/a><\/span><\/p>\n<p><span style=\"color: #ff0000;\"><a style=\"color: #ff0000;\" href=\"http:\/\/www.svu.edu.eg\/faculties\/hu-edu\/%d8%a7%d9%84%d9%81%d8%b1%d9%82%d8%a9-%d8%a7%d9%84%d8%ab%d8%a7%d9%84%d8%ab%d8%a9\/\"><em><strong><span style=\"font-size: 14pt;\">&#8211; Troisi\u00e8me division<\/span><\/strong><\/em><\/a><\/span><\/p>\n<p><span style=\"color: #ff0000;\"><a style=\"color: #ff0000;\" href=\"http:\/\/www.svu.edu.eg\/faculties\/hu-edu\/%d8%a7%d9%84%d9%81%d8%b1%d9%82%d8%a9-%d8%a7%d9%84%d8%b1%d8%a7%d8%a8%d8%b9%d8%a9\/\"><em><strong><span style=\"font-size: 14pt;\">&#8211; Quatri\u00e8me division<\/span><\/strong><\/em><\/a><\/span><\/p>\n<p><span style=\"color: #ff0000;\"><a style=\"color: #ff0000;\" href=\"http:\/\/www.svu.edu.eg\/faculties\/hu-edu\/%d8%a7%d9%84%d8%af%d8%b1%d8%a7%d8%b3%d8%a7%d8%aa-%d8%a7%d9%84%d8%b9%d9%84%d9%8a%d8%a7\/\"><em><strong><span style=\"font-size: 14pt;\">&#8211; \u00c9tudes sup\u00e9rieures<\/span><\/strong><\/em><\/a><\/span><\/p>\n","protected":false},"excerpt":{"rendered":"<p>&#8211; Premi\u00e8re division &#8211; Deuxi\u00e8me division &#8211; Troisi\u00e8me division &#8211; Quatri\u00e8me division &#8211; \u00c9tudes sup\u00e9rieures<\/p>\n","protected":false},"author":2,"featured_media":0,"parent":0,"menu_order":0,"comment_status":"closed","ping_status":"closed","template":"","meta":{"_monsterinsights_skip_tracking":false,"_monsterinsights_sitenote_active":false,"_monsterinsights_sitenote_note":"","_monsterinsights_sitenote_category":0},"_links":{"self":[{"href":"http:\/\/www.svu.edu.eg\/faculties\/hu-edu\/wp-json\/wp\/v2\/pages\/7606"}],"collection":[{"href":"http:\/\/www.svu.edu.eg\/faculties\/hu-edu\/wp-json\/wp\/v2\/pages"}],"about":[{"href":"http:\/\/www.svu.edu.eg\/faculties\/hu-edu\/wp-json\/wp\/v2\/types\/page"}],"author":[{"embeddable":true,"href":"http:\/\/www.svu.edu.eg\/faculties\/hu-edu\/wp-json\/wp\/v2\/users\/2"}],"replies":[{"embeddable":true,"href":"http:\/\/www.svu.edu.eg\/faculties\/hu-edu\/wp-json\/wp\/v2\/comments?post=7606"}],"version-history":[{"count":2,"href":"http:\/\/www.svu.edu.eg\/faculties\/hu-edu\/wp-json\/wp\/v2\/pages\/7606\/revisions"}],"predecessor-version":[{"id":7608,"href":"http:\/\/www.svu.edu.eg\/faculties\/hu-edu\/wp-json\/wp\/v2\/pages\/7606\/revisions\/7608"}],"wp:attachment":[{"href":"http:\/\/www.svu.edu.eg\/faculties\/hu-edu\/wp-json\/wp\/v2\/media?parent=7606"}],"curies":[{"name":"wp","href":"https:\/\/api.w.org\/{rel}","templated":true}]}}