{"id":7561,"date":"2022-03-13T09:30:39","date_gmt":"2022-03-13T09:30:39","guid":{"rendered":"http:\/\/www.svu.edu.eg\/faculties\/hu-edu\/?page_id=7561"},"modified":"2022-09-25T08:40:37","modified_gmt":"2022-09-25T08:40:37","slug":"doyen-de-la-faculte","status":"publish","type":"page","link":"http:\/\/www.svu.edu.eg\/faculties\/hu-edu\/fr\/doyen-de-la-faculte\/","title":{"rendered":"Doyen de la facult\u00e9"},"content":{"rendered":"<p><img decoding=\"async\" class=\"aligncenter\" src=\"http:\/\/www.svu.edu.eg\/faculties\/hu-edu\/wp-content\/uploads\/2022\/02\/elaosboa81436-300x180.jpg\" \/><\/p>\n<p style=\"text-align: center;\"><a href=\"http:\/\/www.svu.edu.eg\/faculties\/hu-edu\/wp-content\/uploads\/2020\/01\/%D8%A7%D9%84%D8%B3%D9%8A%D8%B1%D8%A9-%D8%A7%D9%84%D8%B0%D8%A7%D8%AA%D9%8A%D8%A9-%D8%A3-%D8%AF-%D8%A3%D8%B4%D8%B1%D9%81-%D9%85%D8%AD%D9%88%D8%AF-%D8%A3%D8%AD%D9%85%D8%AF-%D9%85%D8%AD%D9%85%D9%88%D8%AF.pdf\"><span style=\"font-size: 18pt;\"><em><strong><span style=\"font-family: georgia, palatino;\">Prof.Dr. Ashraf Mahmoud Ahmed Mahmoud<\/span><\/strong><\/em><\/span><\/a><\/p>\n<p style=\"text-align: center;\"><em><strong><span style=\"font-size: 14pt; font-family: georgia, palatino;\">Professeur d&#8217;\u00e9ducation compar\u00e9e et d&#8217;administration de l&#8217;\u00e9ducation<\/span><\/strong><\/em><\/p>\n","protected":false},"excerpt":{"rendered":"<p>Prof.Dr. Ashraf Mahmoud Ahmed Mahmoud Professeur d&#8217;\u00e9ducation compar\u00e9e et d&#8217;administration de l&#8217;\u00e9ducation<\/p>\n","protected":false},"author":2,"featured_media":0,"parent":0,"menu_order":0,"comment_status":"closed","ping_status":"closed","template":"","meta":{"_monsterinsights_skip_tracking":false,"_monsterinsights_sitenote_active":false,"_monsterinsights_sitenote_note":"","_monsterinsights_sitenote_category":0},"_links":{"self":[{"href":"http:\/\/www.svu.edu.eg\/faculties\/hu-edu\/wp-json\/wp\/v2\/pages\/7561"}],"collection":[{"href":"http:\/\/www.svu.edu.eg\/faculties\/hu-edu\/wp-json\/wp\/v2\/pages"}],"about":[{"href":"http:\/\/www.svu.edu.eg\/faculties\/hu-edu\/wp-json\/wp\/v2\/types\/page"}],"author":[{"embeddable":true,"href":"http:\/\/www.svu.edu.eg\/faculties\/hu-edu\/wp-json\/wp\/v2\/users\/2"}],"replies":[{"embeddable":true,"href":"http:\/\/www.svu.edu.eg\/faculties\/hu-edu\/wp-json\/wp\/v2\/comments?post=7561"}],"version-history":[{"count":3,"href":"http:\/\/www.svu.edu.eg\/faculties\/hu-edu\/wp-json\/wp\/v2\/pages\/7561\/revisions"}],"predecessor-version":[{"id":9870,"href":"http:\/\/www.svu.edu.eg\/faculties\/hu-edu\/wp-json\/wp\/v2\/pages\/7561\/revisions\/9870"}],"wp:attachment":[{"href":"http:\/\/www.svu.edu.eg\/faculties\/hu-edu\/wp-json\/wp\/v2\/media?parent=7561"}],"curies":[{"name":"wp","href":"https:\/\/api.w.org\/{rel}","templated":true}]}}