{"id":4336,"date":"2020-12-19T07:21:58","date_gmt":"2020-12-19T07:21:58","guid":{"rendered":"http:\/\/www.svu.edu.eg\/faculties\/hu-edu\/?page_id=4336"},"modified":"2022-01-09T21:10:14","modified_gmt":"2022-01-09T21:10:14","slug":"sante-mentale","status":"publish","type":"page","link":"http:\/\/www.svu.edu.eg\/faculties\/hu-edu\/fr\/sante-mentale\/","title":{"rendered":"Sant\u00e9 mentale"},"content":{"rendered":"<p><img decoding=\"async\" src=\"https:\/\/tse2.mm.bing.net\/th?id=OIP.zaM30sb_RUjD-EuLEtG0vwHaB2&amp;pid=Api&amp;P=0&amp;w=550&amp;h=138\"><\/p>\n<p><em><span style=\"font-size: 18pt;\"><strong>*Le mot du chef:-<\/strong><\/span><\/em><\/p>\n<p><em><span style=\"font-size: 14pt;\"><strong>Le d\u00e9partement est l\u2019un de principaux d\u00e9partements \u00e9ducatifs de la Facult\u00e9 . Il participe au d\u00e9veloppement professionnel et \u00e9ducatif de l\u2019enseignant. Le d\u00e9partement donne un doctorat et une ma\u00eetrise en philosophie,<\/strong> <strong>dans les disciplines de la sant\u00e9 mentale, de l&#8217;\u00e9ducation sp\u00e9cialis\u00e9e, de l&#8217;orientation psychologique et \u00e9ducative.&nbsp; <\/strong><\/span><\/em><\/p>\n\n\n<p style=\"text-align:left\"><\/p>\n","protected":false},"excerpt":{"rendered":"<p>*Le mot du chef:- Le d\u00e9partement est l\u2019un de principaux d\u00e9partements \u00e9ducatifs de la Facult\u00e9 . Il participe au d\u00e9veloppement professionnel et \u00e9ducatif de l\u2019enseignant. Le d\u00e9partement donne un doctorat [&hellip;]<\/p>\n","protected":false},"author":6,"featured_media":0,"parent":0,"menu_order":0,"comment_status":"closed","ping_status":"closed","template":"","meta":{"_monsterinsights_skip_tracking":false,"_monsterinsights_sitenote_active":false,"_monsterinsights_sitenote_note":"","_monsterinsights_sitenote_category":0},"_links":{"self":[{"href":"http:\/\/www.svu.edu.eg\/faculties\/hu-edu\/wp-json\/wp\/v2\/pages\/4336"}],"collection":[{"href":"http:\/\/www.svu.edu.eg\/faculties\/hu-edu\/wp-json\/wp\/v2\/pages"}],"about":[{"href":"http:\/\/www.svu.edu.eg\/faculties\/hu-edu\/wp-json\/wp\/v2\/types\/page"}],"author":[{"embeddable":true,"href":"http:\/\/www.svu.edu.eg\/faculties\/hu-edu\/wp-json\/wp\/v2\/users\/6"}],"replies":[{"embeddable":true,"href":"http:\/\/www.svu.edu.eg\/faculties\/hu-edu\/wp-json\/wp\/v2\/comments?post=4336"}],"version-history":[{"count":5,"href":"http:\/\/www.svu.edu.eg\/faculties\/hu-edu\/wp-json\/wp\/v2\/pages\/4336\/revisions"}],"predecessor-version":[{"id":6930,"href":"http:\/\/www.svu.edu.eg\/faculties\/hu-edu\/wp-json\/wp\/v2\/pages\/4336\/revisions\/6930"}],"wp:attachment":[{"href":"http:\/\/www.svu.edu.eg\/faculties\/hu-edu\/wp-json\/wp\/v2\/media?parent=4336"}],"curies":[{"name":"wp","href":"https:\/\/api.w.org\/{rel}","templated":true}]}}