{"id":4318,"date":"2020-12-17T09:52:35","date_gmt":"2020-12-17T09:52:35","guid":{"rendered":"http:\/\/www.svu.edu.eg\/faculties\/hu-edu\/?page_id=4318"},"modified":"2022-09-25T09:14:40","modified_gmt":"2022-09-25T09:14:40","slug":"ladministration-de-la-bibliotheque","status":"publish","type":"page","link":"http:\/\/www.svu.edu.eg\/faculties\/hu-edu\/fr\/ladministration-de-la-bibliotheque\/","title":{"rendered":"L&#8217;administration de la biblioth\u00e8que"},"content":{"rendered":"<p><span style=\"color: #000080;\"><em><strong><span style=\"font-family: georgia, palatino; font-size: 18pt;\">La structure organisationnelle de l&#8217; administration de la biblioth\u00e8que\u00a0<\/span><\/strong><\/em><\/span><\/p>\n<p><span style=\"font-size: 14pt; font-family: georgia, palatino;\"><em>Mme. Manal Hammad<\/em><\/span><\/p>\n<p><span style=\"font-size: 14pt; font-family: georgia, palatino;\"><em>Directrice de la biblioth\u00e8que<\/em><\/span><\/p>\n<p><span style=\"font-size: 14pt; font-family: georgia, palatino;\"><em>Mme. Alia Ghossoub<\/em><\/span><\/p>\n<p><span style=\"font-size: 14pt; font-family: georgia, palatino;\"><em>Biblioth\u00e9caire<\/em><\/span><\/p>\n<p><span style=\"font-size: 14pt; font-family: georgia, palatino;\"><em>Mme.Fatima Mohamed<\/em><\/span><\/p>\n<p><span style=\"font-size: 14pt; font-family: georgia, palatino;\"><em>Biblioth\u00e9caire<\/em><\/span><\/p>\n","protected":false},"excerpt":{"rendered":"<p>La structure organisationnelle de l&#8217; administration de la biblioth\u00e8que\u00a0 Mme. Manal Hammad Directrice de la biblioth\u00e8que Mme. Alia Ghossoub Biblioth\u00e9caire Mme.Fatima Mohamed Biblioth\u00e9caire<\/p>\n","protected":false},"author":6,"featured_media":0,"parent":0,"menu_order":0,"comment_status":"closed","ping_status":"closed","template":"","meta":{"_monsterinsights_skip_tracking":false,"_monsterinsights_sitenote_active":false,"_monsterinsights_sitenote_note":"","_monsterinsights_sitenote_category":0},"_links":{"self":[{"href":"http:\/\/www.svu.edu.eg\/faculties\/hu-edu\/wp-json\/wp\/v2\/pages\/4318"}],"collection":[{"href":"http:\/\/www.svu.edu.eg\/faculties\/hu-edu\/wp-json\/wp\/v2\/pages"}],"about":[{"href":"http:\/\/www.svu.edu.eg\/faculties\/hu-edu\/wp-json\/wp\/v2\/types\/page"}],"author":[{"embeddable":true,"href":"http:\/\/www.svu.edu.eg\/faculties\/hu-edu\/wp-json\/wp\/v2\/users\/6"}],"replies":[{"embeddable":true,"href":"http:\/\/www.svu.edu.eg\/faculties\/hu-edu\/wp-json\/wp\/v2\/comments?post=4318"}],"version-history":[{"count":5,"href":"http:\/\/www.svu.edu.eg\/faculties\/hu-edu\/wp-json\/wp\/v2\/pages\/4318\/revisions"}],"predecessor-version":[{"id":9879,"href":"http:\/\/www.svu.edu.eg\/faculties\/hu-edu\/wp-json\/wp\/v2\/pages\/4318\/revisions\/9879"}],"wp:attachment":[{"href":"http:\/\/www.svu.edu.eg\/faculties\/hu-edu\/wp-json\/wp\/v2\/media?parent=4318"}],"curies":[{"name":"wp","href":"https:\/\/api.w.org\/{rel}","templated":true}]}}