{"id":4297,"date":"2020-12-17T09:19:54","date_gmt":"2020-12-17T09:19:54","guid":{"rendered":"http:\/\/www.svu.edu.eg\/faculties\/hu-edu\/?page_id=4297"},"modified":"2022-03-19T07:23:00","modified_gmt":"2022-03-19T07:23:00","slug":"bureau-du-doyen","status":"publish","type":"page","link":"http:\/\/www.svu.edu.eg\/faculties\/hu-edu\/fr\/bureau-du-doyen\/","title":{"rendered":"Bureau du doyen"},"content":{"rendered":"<div class=\"n2-section-smartslider fitvidsignore \" data-ssid=\"16\" tabindex=\"0\" role=\"region\" aria-label=\"Slider\"><div id=\"n2-ss-16-align\" class=\"n2-ss-align\"><div class=\"n2-padding\"><div id=\"n2-ss-16\" data-creator=\"Smart Slider 3\" data-responsive=\"auto\" class=\"n2-ss-slider n2-ow n2-has-hover n2notransition  \"><div class=\"n2-ss-slider-wrapper-inside\">\n        <div class=\"n2-ss-slider-1 n2_ss__touch_element n2-ow\">\n            <div class=\"n2-ss-slider-2 n2-ow\">\n                                                <div class=\"n2-ss-slider-3 n2-ow\">\n\n                    <div class=\"n2-ss-slide-backgrounds n2-ow-all\"><div class=\"n2-ss-slide-background\" data-public-id=\"1\" data-mode=\"blurfit\"><div class=\"n2-ss-slide-background-image\" data-blur=\"0\" data-opacity=\"100\" data-x=\"50\" data-y=\"50\" data-alt=\"\" data-title=\"\" data-blurfitmode=\"default\" style=\"margin:-14px;padding:14px\" data-globalblur=\"7\" data-bgblur=\"7\"><picture style=\"filter:blur(7px)\" class=\"skip-lazy\" data-skip-lazy=\"1\"><img decoding=\"async\" src=\"\/\/www.svu.edu.eg\/faculties\/hu-edu\/wp-content\/uploads\/2019\/12\/-001-e1581883065169.jpg\" alt=\"\" title=\"\" loading=\"lazy\" class=\"skip-lazy\" data-skip-lazy=\"1\"><\/picture><\/div><div class=\"n2-ss-slide-background-image\" data-blur=\"0\" data-opacity=\"100\" data-x=\"50\" data-y=\"50\" data-alt=\"\" data-title=\"\"><picture class=\"skip-lazy\" data-skip-lazy=\"1\"><img decoding=\"async\" src=\"\/\/www.svu.edu.eg\/faculties\/hu-edu\/wp-content\/uploads\/2019\/12\/-001-e1581883065169.jpg\" alt=\"\" title=\"\" loading=\"lazy\" class=\"skip-lazy\" data-skip-lazy=\"1\"><\/picture><\/div><div data-color=\"RGBA(255,255,255,0)\" style=\"background-color: RGBA(255,255,255,0);\" class=\"n2-ss-slide-background-color\"><\/div><\/div><div class=\"n2-ss-slide-background\" data-public-id=\"2\" data-mode=\"blurfit\" aria-hidden=\"true\"><div class=\"n2-ss-slide-background-image\" data-blur=\"0\" data-opacity=\"100\" data-x=\"50\" data-y=\"50\" data-alt=\"\" data-title=\"\" data-blurfitmode=\"default\" style=\"margin:-14px;padding:14px\" data-globalblur=\"7\" data-bgblur=\"7\"><picture style=\"filter:blur(7px)\" class=\"skip-lazy\" data-skip-lazy=\"1\"><img decoding=\"async\" src=\"\/\/www.svu.edu.eg\/faculties\/hu-edu\/wp-content\/uploads\/2020\/01\/-e1581884234773.jpg\" alt=\"\" title=\"\" loading=\"lazy\" class=\"skip-lazy\" data-skip-lazy=\"1\"><\/picture><\/div><div class=\"n2-ss-slide-background-image\" data-blur=\"0\" data-opacity=\"100\" data-x=\"50\" data-y=\"50\" data-alt=\"\" data-title=\"\"><picture class=\"skip-lazy\" data-skip-lazy=\"1\"><img decoding=\"async\" src=\"\/\/www.svu.edu.eg\/faculties\/hu-edu\/wp-content\/uploads\/2020\/01\/-e1581884234773.jpg\" alt=\"\" title=\"\" loading=\"lazy\" class=\"skip-lazy\" data-skip-lazy=\"1\"><\/picture><\/div><div data-color=\"RGBA(255,255,255,0)\" style=\"background-color: RGBA(255,255,255,0);\" class=\"n2-ss-slide-background-color\"><\/div><\/div><\/div>                    <div class=\"n2-ss-slider-4 n2-ow\">\n                        <svg xmlns=\"http:\/\/www.w3.org\/2000\/svg\" viewBox=\"0 0 1200 400\" data-related-device=\"desktopPortrait\" class=\"n2-ow n2-ss-preserve-size n2-ss-preserve-size--slider n2-ss-slide-limiter\"><\/svg><div data-first=\"1\" data-slide-duration=\"0\" data-id=\"194\" data-slide-public-id=\"1\" data-title=\"\u064a\u0648\u0633\u0641 001\" class=\"n2-ss-slide n2-ow  n2-ss-slide-194\"><div role=\"note\" class=\"n2-ss-slide--focus\" tabindex=\"-1\">\u064a\u0648\u0633\u0641 001<\/div><div class=\"n2-ss-layers-container n2-ss-slide-limiter n2-ow\"><div class=\"n2-ss-layer n2-ow n-uc-h3I8XmRgVhfJ\" data-sstype=\"slide\" data-pm=\"default\"><div class=\"n2-ss-layer n2-ow n-uc-Gvv8Ah1xYXdd\" data-pm=\"default\" data-sstype=\"content\" data-hasbackground=\"0\"><div class=\"n2-ss-section-main-content n2-ss-layer-with-background n2-ss-layer-content n2-ow n-uc-Gvv8Ah1xYXdd-inner\"><div class=\"n2-ss-layer n2-ow n-uc-bodkyTmekFhV\" data-pm=\"normal\" data-sstype=\"layer\"><div id=\"n2-ss-16item1\" class=\"n2-font-cb0859c565c9fd51bc3a62df026b5b87-hover n2-style-f920cbdbc06fd32b880c9bc82b35397f-heading   n2-ss-item-content n2-ss-text n2-ow\" style=\"display:block;\">\u0645\u062f\u064a\u0631 \u0645\u0643\u062a\u0628 \u0627\u0644\u0639\u0645\u064a\u062f<br>\u0623\/ \u064a\u0648\u0633\u0641 \u0623\u062d\u0645\u062f \u0645\u062d\u0645\u062f<\/div><\/div><\/div><\/div><\/div><\/div><\/div><div data-slide-duration=\"0\" data-id=\"195\" data-slide-public-id=\"2\" aria-hidden=\"true\" data-title=\"\u0647\u0646\u062f\" class=\"n2-ss-slide n2-ow  n2-ss-slide-195\"><div role=\"note\" class=\"n2-ss-slide--focus\" tabindex=\"-1\">\u0647\u0646\u062f<\/div><div class=\"n2-ss-layers-container n2-ss-slide-limiter n2-ow\"><div class=\"n2-ss-layer n2-ow n-uc-TMS7mM9voWV6\" data-sstype=\"slide\" data-pm=\"default\"><div class=\"n2-ss-layer n2-ow n-uc-A7ZzHNtzyqGJ\" data-pm=\"default\" data-sstype=\"content\" data-hasbackground=\"0\"><div class=\"n2-ss-section-main-content n2-ss-layer-with-background n2-ss-layer-content n2-ow n-uc-A7ZzHNtzyqGJ-inner\"><div class=\"n2-ss-layer n2-ow n-uc-2MHOVtIL6xyI\" data-pm=\"normal\" data-sstype=\"layer\"><div id=\"n2-ss-16item2\" class=\"n2-font-8a8cb4606556c2df397cbf235bd75ecb-hover n2-style-f920cbdbc06fd32b880c9bc82b35397f-heading   n2-ss-item-content n2-ss-text n2-ow\" style=\"display:block;\">\u0633\u0643\u0631\u062a\u064a\u0631\u0647 \u0645\u0643\u062a\u0628 \u0627\u0644\u0639\u0645\u064a\u062f<br>\u0623\/ \u0647\u0646\u0640\u0640\u062f \u0645\u062d\u0631\u0648\u0635 \u0645\u062d\u0645\u062f<\/div><\/div><\/div><\/div><\/div><\/div><\/div>                    <\/div>\n\n                                    <\/div>\n            <\/div>\n        <\/div>\n        <div class=\"n2-ss-slider-controls n2-ss-slider-controls-absolute-left-center\"><div style=\"--widget-offset:15px;\" class=\"n2-ss-widget nextend-arrow n2-ow-all nextend-arrow-previous  nextend-arrow-animated-fade\" data-hide-mobileportrait=\"1\" id=\"n2-ss-16-arrow-previous\" role=\"button\" aria-label=\"previous arrow\" tabindex=\"0\"><img decoding=\"async\" loading=\"lazy\" width=\"32\" height=\"32\" class=\"skip-lazy\" data-skip-lazy=\"1\" src=\"data:image\/svg+xml;base64,PHN2ZyB3aWR0aD0iMzIiIGhlaWdodD0iMzIiIHZpZXdCb3g9IjAgMCAzMiAzMiIgeG1sbnM9Imh0dHA6Ly93d3cudzMub3JnLzIwMDAvc3ZnIj4KICAgIDxwYXRoIGQ9Ik0xMS40MzMgMTUuOTkyTDIyLjY5IDUuNzEyYy4zOTMtLjM5LjM5My0xLjAzIDAtMS40Mi0uMzkzLS4zOS0xLjAzLS4zOS0xLjQyMyAwbC0xMS45OCAxMC45NGMtLjIxLjIxLS4zLjQ5LS4yODUuNzYtLjAxNS4yOC4wNzUuNTYuMjg0Ljc3bDExLjk4IDEwLjk0Yy4zOTMuMzkgMS4wMy4zOSAxLjQyNCAwIC4zOTMtLjQuMzkzLTEuMDMgMC0xLjQybC0xMS4yNTctMTAuMjkiCiAgICAgICAgICBmaWxsPSIjZmZmZmZmIiBvcGFjaXR5PSIwLjgiIGZpbGwtcnVsZT0iZXZlbm9kZCIvPgo8L3N2Zz4=\" alt=\"previous arrow\"><\/div><\/div><div class=\"n2-ss-slider-controls n2-ss-slider-controls-absolute-right-center\"><div style=\"--widget-offset:15px;\" class=\"n2-ss-widget nextend-arrow n2-ow-all nextend-arrow-next  nextend-arrow-animated-fade\" data-hide-mobileportrait=\"1\" id=\"n2-ss-16-arrow-next\" role=\"button\" aria-label=\"next arrow\" tabindex=\"0\"><img decoding=\"async\" loading=\"lazy\" width=\"32\" height=\"32\" class=\"skip-lazy\" data-skip-lazy=\"1\" src=\"data:image\/svg+xml;base64,PHN2ZyB3aWR0aD0iMzIiIGhlaWdodD0iMzIiIHZpZXdCb3g9IjAgMCAzMiAzMiIgeG1sbnM9Imh0dHA6Ly93d3cudzMub3JnLzIwMDAvc3ZnIj4KICAgIDxwYXRoIGQ9Ik0xMC43MjIgNC4yOTNjLS4zOTQtLjM5LTEuMDMyLS4zOS0xLjQyNyAwLS4zOTMuMzktLjM5MyAxLjAzIDAgMS40MmwxMS4yODMgMTAuMjgtMTEuMjgzIDEwLjI5Yy0uMzkzLjM5LS4zOTMgMS4wMiAwIDEuNDIuMzk1LjM5IDEuMDMzLjM5IDEuNDI3IDBsMTIuMDA3LTEwLjk0Yy4yMS0uMjEuMy0uNDkuMjg0LS43Ny4wMTQtLjI3LS4wNzYtLjU1LS4yODYtLjc2TDEwLjcyIDQuMjkzeiIKICAgICAgICAgIGZpbGw9IiNmZmZmZmYiIG9wYWNpdHk9IjAuOCIgZmlsbC1ydWxlPSJldmVub2RkIi8+Cjwvc3ZnPg==\" alt=\"next arrow\"><\/div><\/div><\/div><\/div><ss3-loader><\/ss3-loader><\/div><\/div><div class=\"n2_clear\"><\/div><\/div>\n\n<p><span style=\"color: #000080;\"><em><strong><span style=\"font-size: 18pt; font-family: georgia, palatino;\">*<span style=\"color: #808000;\">T\u00e2ches de bureau:-<\/span><\/span><\/strong><\/em><\/span><\/p>\n<p><em><span style=\"font-size: 14pt; font-family: georgia, palatino;\">1. Cr\u00e9ez des fichiers sp\u00e9ciaux pour chaque \u0153uvre : des fichiers avec des dossiers papier dans lesquels revenir en cas de besoin, et des fichiers num\u00e9riques \u00ab \u00e0 sauvegarder sur l&#8217;ordinateur \u00bb.<\/span><\/em><\/p>\n<p><em><span style=\"font-size: 14pt; font-family: georgia, palatino;\">2. Cr\u00e9er ( Dossiers papier + fichiers informatiques) pour les membres du corps professoral et les employ\u00e9s de la facult\u00e9.<\/span><\/em><\/p>\n<p><em><span style=\"font-size: 14pt; font-family: georgia, palatino;\">3. Recevoir les correspondances entrantes des parties externes, internes ou externes \u00e0 l&#8217;universit\u00e9, puis les enregistrer.<\/span><\/em><\/p>\n<p><em><span style=\"font-size: 14pt; font-family: georgia, palatino;\">4. Pr\u00e9senter ces correspondances au doyen de la facult\u00e9 pour signature puis les redistribuer aux administrations de la facult\u00e9.<\/span><\/em><\/p>\n<p><em><span style=\"font-size: 14pt; font-family: georgia, palatino;\">5. R\u00e9diger les correspondances du doyen de la facult\u00e9, les enregistrer, puis les distribuer aux autorit\u00e9s concern\u00e9es.<\/span><\/em><\/p>\n<p><em><span style=\"font-size: 14pt; font-family: georgia, palatino;\">6. Recevoir et r\u00e9pondre aux appels t\u00e9l\u00e9phoniques.<\/span><\/em><\/p>\n<p><em><span style=\"font-size: 14pt; font-family: georgia, palatino;\">7. Suivre la mise en \u0153uvre des instructions du doyen concernant les administrations de la facult\u00e9 \u00a0et pr\u00e9parer des rapports p\u00e9riodiques.<\/span><\/em><\/p>\n<p><em><span style=\"font-size: 14pt; font-family: georgia, palatino;\">8. Pr\u00e9parer les ordres du jour des r\u00e9unions.<\/span><\/em><\/p>\n<p><em><span style=\"font-size: 14pt; font-family: georgia, palatino;\">9. Recevoir et envoyer des e-mails au doyen pour donner suite \u00e0 sa correspondance, y compris les messages provenant du conseil sup\u00e9rieur des universit\u00e9s et du comit\u00e9 sectoriel des \u00e9tudes m\u00e9dicales.<\/span><\/em><\/p>\n<p><em><span style=\"font-size: 14pt; font-family: georgia, palatino;\">10. Participation \u00e0 l&#8217;organisation et \u00e0 la pr\u00e9paration de tous les s\u00e9minaires, r\u00e9unions et projets de recherche organis\u00e9s par la facult\u00e9.<\/span><\/em><\/p>","protected":false},"excerpt":{"rendered":"<p>*T\u00e2ches de bureau:- 1. Cr\u00e9ez des fichiers sp\u00e9ciaux pour chaque \u0153uvre : des fichiers avec des dossiers papier dans lesquels revenir en cas de besoin, et des fichiers num\u00e9riques \u00ab [&hellip;]<\/p>\n","protected":false},"author":6,"featured_media":0,"parent":0,"menu_order":0,"comment_status":"closed","ping_status":"closed","template":"","meta":{"_monsterinsights_skip_tracking":false,"_monsterinsights_sitenote_active":false,"_monsterinsights_sitenote_note":"","_monsterinsights_sitenote_category":0},"_links":{"self":[{"href":"http:\/\/www.svu.edu.eg\/faculties\/hu-edu\/wp-json\/wp\/v2\/pages\/4297"}],"collection":[{"href":"http:\/\/www.svu.edu.eg\/faculties\/hu-edu\/wp-json\/wp\/v2\/pages"}],"about":[{"href":"http:\/\/www.svu.edu.eg\/faculties\/hu-edu\/wp-json\/wp\/v2\/types\/page"}],"author":[{"embeddable":true,"href":"http:\/\/www.svu.edu.eg\/faculties\/hu-edu\/wp-json\/wp\/v2\/users\/6"}],"replies":[{"embeddable":true,"href":"http:\/\/www.svu.edu.eg\/faculties\/hu-edu\/wp-json\/wp\/v2\/comments?post=4297"}],"version-history":[{"count":7,"href":"http:\/\/www.svu.edu.eg\/faculties\/hu-edu\/wp-json\/wp\/v2\/pages\/4297\/revisions"}],"predecessor-version":[{"id":7806,"href":"http:\/\/www.svu.edu.eg\/faculties\/hu-edu\/wp-json\/wp\/v2\/pages\/4297\/revisions\/7806"}],"wp:attachment":[{"href":"http:\/\/www.svu.edu.eg\/faculties\/hu-edu\/wp-json\/wp\/v2\/media?parent=4297"}],"curies":[{"name":"wp","href":"https:\/\/api.w.org\/{rel}","templated":true}]}}