{"id":4294,"date":"2020-12-17T08:49:37","date_gmt":"2020-12-17T08:49:37","guid":{"rendered":"http:\/\/www.svu.edu.eg\/faculties\/hu-edu\/?page_id=4294"},"modified":"2022-09-25T08:55:35","modified_gmt":"2022-09-25T08:55:35","slug":"secretaire-de-la-faculte","status":"publish","type":"page","link":"http:\/\/www.svu.edu.eg\/faculties\/hu-edu\/fr\/secretaire-de-la-faculte\/","title":{"rendered":"secr\u00e9taire de la facult\u00e9"},"content":{"rendered":"<p><img decoding=\"async\" class=\"aligncenter\" src=\"http:\/\/www.svu.edu.eg\/faculties\/hu-edu\/wp-content\/uploads\/2022\/03\/download-1.jpg\" \/><\/p>\n<p style=\"text-align: center;\"><span style=\"font-size: 18pt;\"><em><strong><span style=\"font-family: georgia, palatino;\">M.Mostafa Abo El-Wafa<\/span><\/strong><\/em><\/span><\/p>\n<p style=\"text-align: center;\"><strong><em><span style=\"font-size: 18pt; font-family: georgia, palatino;\">Secr\u00e9taire de la facult\u00e9<\/span><\/em><\/strong><\/p>\n<hr \/>\n<p><span style=\"font-size: 18pt;\"><em><span style=\"font-family: georgia, palatino;\"><strong><u>*<\/u><\/strong><strong><u>D\u00e9finition d\u2019\u00e9mploi de secr\u00e9taire de la facult\u00e9<\/u><\/strong>:-<\/span><\/em><\/span><\/p>\n<p><span style=\"font-size: 14pt;\">&#8211;<em><span style=\"font-family: georgia, palatino;\">Cette fonction est la premi\u00e8re de fonctions administratives.<\/span><\/em><\/span><\/p>\n<p><span style=\"font-size: 14pt;\"><em><span style=\"font-family: georgia, palatino;\">-Le titulaire de la fonction fait Politique des actions financi\u00e8res et administratives de la facult\u00e9 et suivi de leur mise en \u0153uvre.<\/span><\/em><\/span><\/p>\n<p><span style=\"font-size: 18pt; font-family: georgia, palatino;\"><em><strong>*<u>Les obligations e<\/u><u>t <\/u><u>responsabilit\u00e9s:-<\/u><\/strong><\/em><\/span><\/p>\n<p><span style=\"font-family: georgia, palatino; font-size: 14pt;\"><em>-Le titulaire de la fonction fait l\u2019objet pour la direction g\u00e9n\u00e9rale du doyen de la facult\u00e9.<\/em><\/span><\/p>\n<p><span style=\"font-family: georgia, palatino; font-size: 14pt;\"><em>-Superviser les divisions organisationnelles inf\u00e9rieures.<\/em><\/span><\/p>\n<p><span style=\"font-family: georgia, palatino; font-size: 14pt;\"><em>\u2013Superviser la planification du travail financier et administratif dans son ensemble et proposer et imprimer des programmes Ses dirigeants.<\/em><\/span><\/p>\n<p><span style=\"font-family: georgia, palatino; font-size: 14pt;\"><em>-Contr\u00f4le de l\u2019application des lois, r\u00e8glements et d\u00e9cisions promulgu\u00e9s et suivis par eux.<\/em><\/span><\/p>\n<p><span style=\"font-family: georgia, palatino; font-size: 14pt;\"><em>-Superviser l\u2019\u00e9laboration et le suivi de la mise en \u0153uvre de tous les syst\u00e8mes de surveillance financi\u00e8re.<\/em><\/span><\/p>\n<p><span style=\"font-family: georgia, palatino; font-size: 14pt;\"><em>-Assurer le suivi des r\u00e9sultats des activit\u00e9s de ses services et identifier les moyens.<\/em><\/span><\/p>\n<p><span style=\"font-family: georgia, palatino; font-size: 14pt;\"><em>-Superviser l\u2019\u00e9laboration des plans d\u2019achat des articles requis.<\/em><\/span><\/p>\n<p><span style=\"font-family: georgia, palatino; font-size: 14pt;\"><em>-Superviser la formation de commissions techniques.<\/em><\/span><\/p>\n<p><span style=\"font-family: georgia, palatino; font-size: 14pt;\"><em>-Suivi de la mise en \u0153uvre des d\u00e9cisions du Conseil de la facult\u00e9 et du Conseil de l\u2019Universit\u00e9.<\/em><\/span><\/p>\n<p><span style=\"font-family: georgia, palatino; font-size: 14pt;\"><em>-Participation aux commissions fonctionnelles sp\u00e9cialis\u00e9es.<\/em><\/span><\/p>\n<p><span style=\"font-family: georgia, palatino; font-size: 14pt;\"><em>-faire d\u2019autres travaux semblables.<\/em><\/span><\/p>\n","protected":false},"excerpt":{"rendered":"<p>M.Mostafa Abo El-Wafa Secr\u00e9taire de la facult\u00e9 *D\u00e9finition d\u2019\u00e9mploi de secr\u00e9taire de la facult\u00e9:- &#8211;Cette fonction est la premi\u00e8re de fonctions administratives. -Le titulaire de la fonction fait Politique des [&hellip;]<\/p>\n","protected":false},"author":6,"featured_media":0,"parent":0,"menu_order":0,"comment_status":"closed","ping_status":"closed","template":"","meta":{"_monsterinsights_skip_tracking":false,"_monsterinsights_sitenote_active":false,"_monsterinsights_sitenote_note":"","_monsterinsights_sitenote_category":0},"_links":{"self":[{"href":"http:\/\/www.svu.edu.eg\/faculties\/hu-edu\/wp-json\/wp\/v2\/pages\/4294"}],"collection":[{"href":"http:\/\/www.svu.edu.eg\/faculties\/hu-edu\/wp-json\/wp\/v2\/pages"}],"about":[{"href":"http:\/\/www.svu.edu.eg\/faculties\/hu-edu\/wp-json\/wp\/v2\/types\/page"}],"author":[{"embeddable":true,"href":"http:\/\/www.svu.edu.eg\/faculties\/hu-edu\/wp-json\/wp\/v2\/users\/6"}],"replies":[{"embeddable":true,"href":"http:\/\/www.svu.edu.eg\/faculties\/hu-edu\/wp-json\/wp\/v2\/comments?post=4294"}],"version-history":[{"count":6,"href":"http:\/\/www.svu.edu.eg\/faculties\/hu-edu\/wp-json\/wp\/v2\/pages\/4294\/revisions"}],"predecessor-version":[{"id":9874,"href":"http:\/\/www.svu.edu.eg\/faculties\/hu-edu\/wp-json\/wp\/v2\/pages\/4294\/revisions\/9874"}],"wp:attachment":[{"href":"http:\/\/www.svu.edu.eg\/faculties\/hu-edu\/wp-json\/wp\/v2\/media?parent=4294"}],"curies":[{"name":"wp","href":"https:\/\/api.w.org\/{rel}","templated":true}]}}