{"id":4282,"date":"2020-12-16T10:22:41","date_gmt":"2020-12-16T10:22:41","guid":{"rendered":"http:\/\/www.svu.edu.eg\/faculties\/hu-edu\/?page_id=4282"},"modified":"2022-03-15T07:23:28","modified_gmt":"2022-03-15T07:23:28","slug":"vice-doyen-de-lenvironnement-et-de-service-communautaire","status":"publish","type":"page","link":"http:\/\/www.svu.edu.eg\/faculties\/hu-edu\/fr\/vice-doyen-de-lenvironnement-et-de-service-communautaire\/","title":{"rendered":"Vice-doyen aux affaires environnementales et au service communautaire"},"content":{"rendered":"<p><img decoding=\"async\" class=\"aligncenter\" src=\"http:\/\/www.svu.edu.eg\/faculties\/hu-edu\/wp-content\/uploads\/2021\/04\/WhatsApp-Image-2021-03-30-at-12.20.03-PM-1-300x200.jpeg\"><\/p>\n<p style=\"text-align: center;\"><a href=\"http:\/\/www.svu.edu.eg\/faculties\/hu-edu\/wp-content\/uploads\/2022\/03\/Dr-Rabab-CV.pdf\"><em><strong><span style=\"font-size: 14pt; font-family: georgia, palatino;\">Prof.Dr.Rabab Magdi Ismail Zamzami <\/span><\/strong><\/em><\/a><\/p>\n<p><strong><u>&nbsp;<span style=\"font-size: 18pt; color: #ff0000;\">*<\/span><\/u><\/strong><span style=\"font-size: 18pt; color: #ff0000;\"><strong><u>Les objectives:-<\/u><\/strong><\/span><\/p>\n<p><span style=\"font-size: 14pt;\"><em><span style=\"font-family: georgia, palatino;\">Le principal objectif de la Facult\u00e9 d\u2019\u00e9ducation pour le service communautaire et le d\u00e9veloppement de l\u2019environnement est de servir la communautaire et de r\u00e9pondre \u00e0 ses besoins par les objectifs suivants:-<\/span><\/em><\/span><\/p>\n<p><em><span style=\"font-size: 14pt; font-family: georgia, palatino;\">1-Stimuler, encourager et sensibiliser les membres du corps professoral, leurs adjoints et les \u00e9tudiants \u00e0 la participation communautaire et \u00e0 leur r\u00f4le dans la protection de l\u2019environnement ; am\u00e9liorer leur affiliation de la facult\u00e9 et communautaire.<\/span><\/em><\/p>\n<p><em><span style=\"font-size: 14pt; font-family: georgia, palatino;\">2-Pr\u00e9server l\u2019environnement interne de la facult\u00e9, le prot\u00e9ger de la contamination et rationaliser l\u2019utilisation des ressources comme l\u2019eau et l\u2019\u00e9nergie.<\/span><\/em><\/p>\n<p><em><span style=\"font-size: 14pt; font-family: georgia, palatino;\">3-Impliquer les acteurs communautaires (\u00e9ducation, centres de la jeunesse et des sports, associations communautaires et organisations gouvernementales et non gouvernementales locales) dans les activit\u00e9s de la facult\u00e9.<\/span><\/em><\/p>\n<p><em><span style=\"font-size: 14pt; font-family: georgia, palatino;\">4-Accro\u00eetre la satisfaction Parties communautaires des activit\u00e9s de la facult\u00e9 et \u00e9tendre la collaboration avec les organisations, institutions et associations avec la facult\u00e9 Pour r\u00e9soudre les probl\u00e8mes communautaires.<\/span><\/em><\/p>\n<p><em><span style=\"font-size: 14pt; font-family: georgia, palatino;\">5-Contribuer \u00e0 pr\u00e9paration les relations consensuelles entre les trios secteurs (affaires \u00e9tudiantes, \u00e9tudes sup\u00e9rieures, environnement).<\/span><\/em><\/p>\n<p><em><span style=\"font-size: 14pt; font-family: georgia, palatino;\">6-\u00c9largir les canaux de partenariat entre la facult\u00e9 et les d\u00e9partements de l\u2019\u00e9ducation du gouverneur de la mer rouge Pour soutenir la formation sur le terrain et la formation en cours d\u2019emploi pour l\u2019enseignant.<\/span><\/em><\/p>\n<p><em><span style=\"font-size: 14pt; font-family: georgia, palatino;\">7-Expansion des programmes de nature communautaire distincte, des cours de formation et des consultations.<\/span><\/em><\/p>\n<p><em><span style=\"font-size: 14pt; font-family: georgia, palatino;\">8-Commercialisation les services offerts par la facult\u00e9 dans divers domaines.<\/span><\/em><\/p>\n<p><em><span style=\"font-size: 14pt; font-family: georgia, palatino;\">9- Activer le r\u00f4le de la facult\u00e9 dans la qualification des dipl\u00f4m\u00e9s pour du travail.<\/span><\/em><\/p>\n","protected":false},"excerpt":{"rendered":"<p>Prof.Dr.Rabab Magdi Ismail Zamzami &nbsp;*Les objectives:- Le principal objectif de la Facult\u00e9 d\u2019\u00e9ducation pour le service communautaire et le d\u00e9veloppement de l\u2019environnement est de servir la communautaire et de r\u00e9pondre [&hellip;]<\/p>\n","protected":false},"author":6,"featured_media":0,"parent":0,"menu_order":0,"comment_status":"closed","ping_status":"closed","template":"","meta":{"_monsterinsights_skip_tracking":false,"_monsterinsights_sitenote_active":false,"_monsterinsights_sitenote_note":"","_monsterinsights_sitenote_category":0},"_links":{"self":[{"href":"http:\/\/www.svu.edu.eg\/faculties\/hu-edu\/wp-json\/wp\/v2\/pages\/4282"}],"collection":[{"href":"http:\/\/www.svu.edu.eg\/faculties\/hu-edu\/wp-json\/wp\/v2\/pages"}],"about":[{"href":"http:\/\/www.svu.edu.eg\/faculties\/hu-edu\/wp-json\/wp\/v2\/types\/page"}],"author":[{"embeddable":true,"href":"http:\/\/www.svu.edu.eg\/faculties\/hu-edu\/wp-json\/wp\/v2\/users\/6"}],"replies":[{"embeddable":true,"href":"http:\/\/www.svu.edu.eg\/faculties\/hu-edu\/wp-json\/wp\/v2\/comments?post=4282"}],"version-history":[{"count":9,"href":"http:\/\/www.svu.edu.eg\/faculties\/hu-edu\/wp-json\/wp\/v2\/pages\/4282\/revisions"}],"predecessor-version":[{"id":7674,"href":"http:\/\/www.svu.edu.eg\/faculties\/hu-edu\/wp-json\/wp\/v2\/pages\/4282\/revisions\/7674"}],"wp:attachment":[{"href":"http:\/\/www.svu.edu.eg\/faculties\/hu-edu\/wp-json\/wp\/v2\/media?parent=4282"}],"curies":[{"name":"wp","href":"https:\/\/api.w.org\/{rel}","templated":true}]}}