{"id":4272,"date":"2020-12-16T10:01:57","date_gmt":"2020-12-16T10:01:57","guid":{"rendered":"http:\/\/www.svu.edu.eg\/faculties\/hu-edu\/?page_id=4272"},"modified":"2022-03-14T08:19:40","modified_gmt":"2022-03-14T08:19:40","slug":"reglements-de-la-faculte","status":"publish","type":"page","link":"http:\/\/www.svu.edu.eg\/faculties\/hu-edu\/fr\/reglements-de-la-faculte\/","title":{"rendered":"R\u00e8glements de la facult\u00e9"},"content":{"rendered":"<p><em><span style=\"font-size: 18pt; font-family: georgia, palatino;\"><strong><u>*<\/u><\/strong><strong><u>R\u00e8glements de la facult\u00e9<\/u><\/strong><strong><u>:-<\/u><\/strong><\/span><\/em><\/p>\n<p><span style=\"font-family: georgia, palatino;\"><em><span style=\"font-size: 14pt;\">R\u00e8glement de d\u00e9partement g\u00e9n\u00e9rale en arabe<\/span><\/em><\/span><\/p>\n<p><span style=\"font-family: georgia, palatino;\"><em><span style=\"font-size: 14pt;\">R\u00e8glement de d\u00e9partement d\u2019enfance en arabe<\/span><\/em><\/span><\/p>\n<p><span style=\"font-family: georgia, palatino;\"><em><span style=\"font-size: 14pt;\">R\u00e8glement de d\u00e9partement n\u00e9cessaire en arabe<\/span><\/em><\/span><\/p>\n<p><em><span style=\"font-size: 18pt; font-family: georgia, palatino;\"><strong><u>*Division de l&#8217;\u00e9ducation de base nouvelle liste:-<\/u><\/strong><\/span><\/em><\/p>\n<p><em><span style=\"font-size: 14pt; font-family: georgia, palatino;\">-Division de l&#8217;\u00e9ducation de base<\/span><\/em><\/p>\n<p><em><span style=\"font-size: 14pt; font-family: georgia, palatino;\">-Division d\u2019enfance<\/span><\/em><\/p>\n<p><em><span style=\"font-size: 14pt; font-family: georgia, palatino;\">-Division de la langue arabe et des \u00e9tudes islamiques &#8211; G\u00e9n\u00e9ral<\/span><\/em><\/p>\n<p><em><span style=\"font-size: 14pt; font-family: georgia, palatino;\">-Division de langue anglaise &#8211; G\u00e9n\u00e9ral<\/span><\/em><\/p>\n<p><em><span style=\"font-size: 14pt; font-family: georgia, palatino;\">-Division de la langue fran\u00e7aise<\/span><\/em><\/p>\n<p><em><span style=\"font-size: 14pt; font-family: georgia, palatino;\">-Division d&#8217;histoire &#8211; G\u00e9n\u00e9ral<\/span><\/em><\/p>\n<p><em><span style=\"font-size: 14pt; font-family: georgia, palatino;\">-Division de la g\u00e9ographie<\/span><\/em><\/p>\n<p><em><span style=\"font-size: 14pt; font-family: georgia, palatino;\">-Division des math\u00e9matiques<\/span><\/em><\/p>\n<p><em><span style=\"font-size: 14pt; font-family: georgia, palatino;\">-Division des sciences de la biologique et g\u00e9ologique<\/span><\/em><\/p>\n<p><em><span style=\"font-size: 14pt; font-family: georgia, palatino;\">-Division de la philosophie et r\u00e9union<\/span><\/em><\/p>\n<p><em><span style=\"font-size: 14pt; font-family: georgia, palatino;\">-Division l\u2019arabe et \u00e9tudes -n\u00e9cessaire<\/span><\/em><\/p>\n<p><em><span style=\"font-size: 14pt; font-family: georgia, palatino;\">-Division des maths- n\u00e9cessaire<\/span><\/em><\/p>\n<p><em><span style=\"font-size: 14pt; font-family: georgia, palatino;\">-Division des sciences &#8211; n\u00e9cessaire<\/span><\/em><\/p>\n<p><em><span style=\"font-size: 14pt; font-family: georgia, palatino;\">-Division de l\u2019anglais -n\u00e9cessaire<\/span><\/em><\/p>\n<p><em><span style=\"font-size: 14pt; font-family: georgia, palatino;\">-Division d\u2019\u00e9tudes sociales &#8211; n\u00e9cessaire<\/span><\/em><\/p>\n<p><em><span style=\"font-size: 14pt; font-family: georgia, palatino;\">-Division de la psychologie<\/span><\/em><\/p>\n<p><em><span style=\"font-size: 14pt; font-family: georgia, palatino;\">-Division de la physique et chimie<\/span><\/em><\/p>\n<p><em><span style=\"font-size: 14pt; font-family: georgia, palatino;\">-Division de la chimie<\/span><\/em><\/p>\n<p><em><span style=\"font-size: 14pt; font-family: georgia, palatino;\">-Division de la physique <\/span><\/em><\/p>\n<p><em><span style=\"font-size: 18pt; font-family: georgia, palatino;\"><strong><u>*R\u00e8glement int\u00e9rieur de la Facult\u00e9 -ancien:-<\/u><\/strong><\/span><\/em><\/p>\n<p><span style=\"font-size: 14pt; font-family: georgia, palatino;\"><em>l&#8217;\u00e9ducation de base<\/em><\/span><\/p>\n<p><span style=\"font-size: 14pt; font-family: georgia, palatino;\"><em>-Division de la langue arabe et des \u00e9tudes islamiques &#8211; G\u00e9n\u00e9ral<\/em><\/span><\/p>\n<p><span style=\"font-size: 14pt; font-family: georgia, palatino;\"><em>-Division de langue anglaise &#8211; G\u00e9n\u00e9ral<\/em><\/span><\/p>\n<p><span style=\"font-size: 14pt; font-family: georgia, palatino;\"><em>-Division d&#8217;histoire &#8211; G\u00e9n\u00e9ral<\/em><\/span><\/p>\n<p><span style=\"font-size: 14pt; font-family: georgia, palatino;\"><em><strong>&#8211;\u00a0<\/strong>Division des maths- n\u00e9cessaire<\/em><\/span><\/p>\n<p><span style=\"font-size: 14pt; font-family: georgia, palatino;\"><em>-Division de l\u2019anglais- n\u00e9cessaire<\/em><\/span><\/p>\n<p><span style=\"font-size: 14pt; font-family: georgia, palatino;\"><em>-Mati\u00e8res sociales &#8211; n\u00e9cessaire<\/em><\/span><\/p>\n<p><span style=\"font-size: 14pt; font-family: georgia, palatino;\"><em>-Langue arabe &#8211; n\u00e9cessaire<\/em><\/span><\/p>\n<p><span style=\"font-size: 18pt;\"><em><strong><span style=\"font-family: georgia, palatino;\"><u>*Nouvelle liste:-<\/u><\/span><\/strong><\/em><\/span><\/p>\n<p><strong><span style=\"font-size: 14pt; font-family: georgia, palatino;\"><em><u>Mat\u00e9riels p\u00e9dagogique sur la liste<\/u><\/em><\/span><u><br \/>\n<\/u><\/strong><\/p>\n<p><span style=\"font-size: 14pt; font-family: georgia, palatino;\"><em>-Cours d\u00e9finis sur la liste<\/em><\/span><\/p>\n<p><span style=\"font-size: 14pt; font-family: georgia, palatino;\"><em>-Donn\u00e9es de certificat<\/em><\/span><\/p>\n<p><span style=\"font-size: 14pt; font-family: georgia, palatino;\"><em>-Donn\u00e9es d\u00e9taill\u00e9es sur les divisions<\/em><\/span><\/p>\n<p><span style=\"font-size: 14pt; font-family: georgia, palatino;\"><em>-Division de la structure acad\u00e9mique des d\u00e9partements, divisions et disciplines<\/em><\/span><\/p>\n<p><span style=\"font-size: 14pt; font-family: georgia, palatino;\"><em>-Structure des \u00e9tapes scolaires<\/em><\/span><\/p>\n","protected":false},"excerpt":{"rendered":"<p>*R\u00e8glements de la facult\u00e9:- R\u00e8glement de d\u00e9partement g\u00e9n\u00e9rale en arabe R\u00e8glement de d\u00e9partement d\u2019enfance en arabe R\u00e8glement de d\u00e9partement n\u00e9cessaire en arabe *Division de l&#8217;\u00e9ducation de base nouvelle liste:- -Division [&hellip;]<\/p>\n","protected":false},"author":6,"featured_media":0,"parent":0,"menu_order":0,"comment_status":"closed","ping_status":"closed","template":"","meta":{"_monsterinsights_skip_tracking":false,"_monsterinsights_sitenote_active":false,"_monsterinsights_sitenote_note":"","_monsterinsights_sitenote_category":0},"_links":{"self":[{"href":"http:\/\/www.svu.edu.eg\/faculties\/hu-edu\/wp-json\/wp\/v2\/pages\/4272"}],"collection":[{"href":"http:\/\/www.svu.edu.eg\/faculties\/hu-edu\/wp-json\/wp\/v2\/pages"}],"about":[{"href":"http:\/\/www.svu.edu.eg\/faculties\/hu-edu\/wp-json\/wp\/v2\/types\/page"}],"author":[{"embeddable":true,"href":"http:\/\/www.svu.edu.eg\/faculties\/hu-edu\/wp-json\/wp\/v2\/users\/6"}],"replies":[{"embeddable":true,"href":"http:\/\/www.svu.edu.eg\/faculties\/hu-edu\/wp-json\/wp\/v2\/comments?post=4272"}],"version-history":[{"count":2,"href":"http:\/\/www.svu.edu.eg\/faculties\/hu-edu\/wp-json\/wp\/v2\/pages\/4272\/revisions"}],"predecessor-version":[{"id":7603,"href":"http:\/\/www.svu.edu.eg\/faculties\/hu-edu\/wp-json\/wp\/v2\/pages\/4272\/revisions\/7603"}],"wp:attachment":[{"href":"http:\/\/www.svu.edu.eg\/faculties\/hu-edu\/wp-json\/wp\/v2\/media?parent=4272"}],"curies":[{"name":"wp","href":"https:\/\/api.w.org\/{rel}","templated":true}]}}