{"id":4255,"date":"2020-12-15T07:59:30","date_gmt":"2020-12-15T07:59:30","guid":{"rendered":"http:\/\/www.svu.edu.eg\/faculties\/hu-edu\/?page_id=4255"},"modified":"2022-03-13T09:53:26","modified_gmt":"2022-03-13T09:53:26","slug":"vice-doyen","status":"publish","type":"page","link":"http:\/\/www.svu.edu.eg\/faculties\/hu-edu\/fr\/vice-doyen\/","title":{"rendered":"Vice-doyen \u00e0 l&#8217;\u00e9ducation et aux affaires \u00e9tudiantes"},"content":{"rendered":"<p><img decoding=\"async\" loading=\"lazy\" class=\"aligncenter\" src=\"http:\/\/www.svu.edu.eg\/faculties\/hu-edu\/wp-content\/uploads\/2020\/01\/%D8%B1%D9%82%D9%8A%D8%A9-203x300.png\" width=\"177\" height=\"263\"><\/p>\n<p style=\"text-align: center;\"><a href=\"http:\/\/www.svu.edu.eg\/faculties\/hu-edu\/wp-content\/uploads\/2022\/03\/%D8%A7%D9%84%D8%B3%D9%8A%D8%B1%D8%A9-%D8%A7%D9%84%D8%B0%D8%A7%D8%AA%D9%8A%D8%A9-%D8%A7%D9%84%D8%AC%D8%AF%D9%8A%D8%AF%D8%A9-%D9%84%D8%B1%D9%82%D9%8A%D8%A9.pdf\"><span style=\"font-size: 18pt;\"><em><strong><span style=\"font-family: georgia, palatino;\">Prof.Dr.Rukaya Mahmoud Ahmed<\/span><\/strong><\/em><\/span><\/a><\/p>\n","protected":false},"excerpt":{"rendered":"<p>Prof.Dr.Rukaya Mahmoud Ahmed<\/p>\n","protected":false},"author":6,"featured_media":0,"parent":0,"menu_order":0,"comment_status":"closed","ping_status":"closed","template":"","meta":{"_monsterinsights_skip_tracking":false,"_monsterinsights_sitenote_active":false,"_monsterinsights_sitenote_note":"","_monsterinsights_sitenote_category":0},"_links":{"self":[{"href":"http:\/\/www.svu.edu.eg\/faculties\/hu-edu\/wp-json\/wp\/v2\/pages\/4255"}],"collection":[{"href":"http:\/\/www.svu.edu.eg\/faculties\/hu-edu\/wp-json\/wp\/v2\/pages"}],"about":[{"href":"http:\/\/www.svu.edu.eg\/faculties\/hu-edu\/wp-json\/wp\/v2\/types\/page"}],"author":[{"embeddable":true,"href":"http:\/\/www.svu.edu.eg\/faculties\/hu-edu\/wp-json\/wp\/v2\/users\/6"}],"replies":[{"embeddable":true,"href":"http:\/\/www.svu.edu.eg\/faculties\/hu-edu\/wp-json\/wp\/v2\/comments?post=4255"}],"version-history":[{"count":3,"href":"http:\/\/www.svu.edu.eg\/faculties\/hu-edu\/wp-json\/wp\/v2\/pages\/4255\/revisions"}],"predecessor-version":[{"id":7570,"href":"http:\/\/www.svu.edu.eg\/faculties\/hu-edu\/wp-json\/wp\/v2\/pages\/4255\/revisions\/7570"}],"wp:attachment":[{"href":"http:\/\/www.svu.edu.eg\/faculties\/hu-edu\/wp-json\/wp\/v2\/media?parent=4255"}],"curies":[{"name":"wp","href":"https:\/\/api.w.org\/{rel}","templated":true}]}}