{"id":4114,"date":"2020-12-06T10:11:58","date_gmt":"2020-12-06T10:11:58","guid":{"rendered":"http:\/\/www.svu.edu.eg\/faculties\/hu-edu\/?page_id=4114"},"modified":"2020-12-10T09:38:32","modified_gmt":"2020-12-10T09:38:32","slug":"homepage_fr","status":"publish","type":"page","link":"http:\/\/www.svu.edu.eg\/faculties\/hu-edu\/fr\/homepage_fr\/","title":{"rendered":"homepage_fr"},"content":{"rendered":"<div id=\"pl-4114\"  class=\"panel-layout\" ><div id=\"pg-4114-0\"  class=\"panel-grid panel-has-style\" ><div class=\"wide-grey panel-row-style panel-row-style-for-4114-0\" ><div id=\"pgc-4114-0-0\"  class=\"panel-grid-cell\" ><div id=\"panel-4114-0-0-0\" class=\"so-panel widget widget_headline-widget panel-first-child panel-last-child\" data-index=\"0\" >\t\t<h1>La facult\u00e9 souhaite la sant\u00e9 et la s\u00e9curit\u00e9 pour les \u00e9tudiants<\/h1>\n\t\t<div class=\"decoration\"><div class=\"decoration-inside\"><\/div><\/div>\n\t\t<h3><a style=\"color: red;font-size: 15px;font-weight: bold\" href=\"http:\/\/www.svu.edu.eg\/faculties\/hu-edu\/wp-content\/uploads\/2020\/03\/\ufffd\u0627\u0644\u062f\u0644\u064a\u0644-\u0627\u0644\u0634\u0627\u0645\u0644-\u0644\u0644\u0648\u0642\u0627\u064a\u0629-\u0645\u0646-\u0641\u0627\u064a\u0631\u0648\u0633-\u0643\u0648\u0631\u0648\u0646\u0627-_.pdf\">\u0627\u0644\u062f\u0644\u064a\u0644 \u0627\u0644\u0634\u0627\u0645\u0644 \u0644\u0644\u0648\u0642\u0627\u064a\u0629 \u0645\u0646 \u0641\u064a\u0631\u0648\u0633 \u0643\u0648\u0631\u0648\u0646\u0627<\/a><\/h3>\n\t\t<\/div><\/div><\/div><\/div><div id=\"pg-4114-1\"  class=\"panel-grid panel-no-style\" ><div id=\"pgc-4114-1-0\"  class=\"panel-grid-cell\" ><div id=\"panel-4114-1-0-0\" class=\"so-panel widget widget_text panel-first-child\" data-index=\"1\" ><h3 class=\"widget-title\">\u0645\u0635\u0640\u0640\u0640\u0627\u062f\u0631 \u0627\u0644\u062a\u0639\u0644\u064a\u0640\u0640\u0640\u0645 \u0639\u0646 \u0628\u0639\u0640\u0640\u0640\u062f<\/h3>\t\t\t<div class=\"textwidget\"><ul>\n<li><strong><a href=\"https:\/\/www.youtube.com\/channel\/UCqtt7pKiYpkEBUsihadVoKg\">\u0631\u0627\u0628\u0637 \u0627\u0644\u0642\u0646\u0627\u0629 \u0627\u0644\u062a\u0639\u0644\u064a\u0645\u064a\u0629 .<\/a><\/strong><\/li>\n<li><a href=\"https:\/\/classroom.google.com\/h\"><strong>\u0631\u0627\u0628\u0637 \u0627\u0644\u0641\u0635\u0648\u0644 \u0627\u0644\u0625\u0641\u062a\u0631\u0627\u0636\u064a\u0629 .\u00a0<\/strong><\/a> \u00a0 \u064a\u062a\u0645 \u0627\u0644\u062f\u062e\u0648\u0644 \u0625\u0644\u064a\u0647 \u0645\u0646 \u062e\u0644\u0627\u0644 \u0627\u0644\u0643\u0648\u062f \u0627\u0644\u0645\u0631\u0633\u0644 \u0645\u0646 \u0623\u0633\u062a\u0627\u0630 \u0627\u0644\u0645\u0627\u062f\u0629 .<\/li>\n<\/ul>\n<\/div>\n\t\t<\/div><div id=\"panel-4114-1-0-1\" class=\"so-panel widget widget_media_video panel-last-child\" data-index=\"2\" ><h3 class=\"widget-title\">\u062a\u0648\u0636\u064a\u062d \u0644\u0637\u0644\u0627\u0628 \u0627\u0644\u0645\u0634\u0627\u0631\u064a\u0639 \u0627\u0644\u0628\u062d\u062b\u064a\u0629 \u0628\u062c\u0627\u0645\u0639\u0629 \u062c\u0646\u0648\u0628 \u0627\u0644\u0648\u0627\u062f\u0649<\/h3><div style=\"width:100%;\" class=\"wp-video\"><!--[if lt IE 9]><script>document.createElement('video');<\/script><![endif]-->\n<video class=\"wp-video-shortcode\" id=\"video-4114-1\" preload=\"metadata\" controls=\"controls\"><source type=\"video\/youtube\" src=\"https:\/\/www.youtube.com\/watch?v=hWamV6RuzEw&#038;_=1\" \/><a href=\"https:\/\/www.youtube.com\/watch?v=hWamV6RuzEw\">https:\/\/www.youtube.com\/watch?v=hWamV6RuzEw<\/a><\/video><\/div><\/div><\/div><\/div><div id=\"pg-4114-2\"  class=\"panel-grid panel-no-style\" ><div id=\"pgc-4114-2-0\"  class=\"panel-grid-cell\" ><div id=\"panel-4114-2-0-0\" class=\"so-panel widget widget_siteorigin-panels-postloop panel-first-child\" data-index=\"3\" ><div class=\"panel-widget-style panel-widget-style-for-4114-2-0-0\" ><h3 class=\"widget-title\">Derni\u00e8res nouvelles<\/h3><\/div><\/div><div id=\"panel-4114-2-0-1\" class=\"so-panel widget widget_text panel-last-child\" data-index=\"4\" >\t\t\t<div class=\"textwidget\"><p style=\"direction: ltr;\"><a href=\"http:\/\/www.svu.edu.eg\/faculties\/hu-edu\/fr\/category\/news_fr\/\">Plus de nouvelles<\/a><\/p>\n<\/div>\n\t\t<\/div><\/div><\/div><div id=\"pg-4114-3\"  class=\"panel-grid panel-no-style\" ><div id=\"pgc-4114-3-0\"  class=\"panel-grid-cell\" ><div id=\"panel-4114-3-0-0\" class=\"so-panel widget widget_text panel-first-child panel-last-child\" data-index=\"5\" >\t\t\t<div class=\"textwidget\"><h1 class=\"center\">\u062a\u0642\u064a\u064a\u0645 \u0645\u062f\u0649 \u0631\u0636\u0627 \u0627\u0644\u0637\u0644\u0627\u0628 \u0639\u0646 \u0623\u062f\u0627\u0621 \u0627\u0644\u0643\u0644\u064a\u0629<\/h1>\n<h1 class=\"entry-title center\"><a href=\"https:\/\/forms.gle\/D4DCPSjeXYw5kQB99\">\u0645\u0646 \u062e\u0644\u0627\u0644 \u0647\u0630\u0627 \u0627\u0644\u0631\u0627\u0628\u0637<\/a><\/h1>\n<\/div>\n\t\t<\/div><\/div><\/div><div id=\"pg-4114-4\"  class=\"panel-grid panel-no-style\" ><div id=\"pgc-4114-4-0\"  class=\"panel-grid-cell\" ><div id=\"panel-4114-4-0-0\" class=\"so-panel widget widget_xyz_insert_php_widget panel-first-child panel-last-child\" data-index=\"6\" >\r\n\t<div class=\"announc\">\r\n      <h2> Conf\u00e9rences<\/h2>\r\n\t<div class=\"announc-body\">\r\n\t<ul>\r\n             \r\n<ul><li style=\"text-align:left;\"><a href=\"category\/conf_fr\/\">Plus<\/a><\/li>\r\n<\/ul>   <\/ul>\r\n\t<\/div>\r\n\t<\/div><\/div><\/div><div id=\"pgc-4114-4-1\"  class=\"panel-grid-cell\" ><div id=\"panel-4114-4-1-0\" class=\"so-panel widget widget_media_video panel-first-child panel-last-child\" data-index=\"7\" ><div style=\"width:100%;\" class=\"wp-video\"><video class=\"wp-video-shortcode\" id=\"video-4114-2\" preload=\"metadata\" controls=\"controls\"><source type=\"video\/youtube\" src=\"https:\/\/www.youtube.com\/watch?v=RMBUVffmu2s&#038;_=2\" \/><a href=\"https:\/\/www.youtube.com\/watch?v=RMBUVffmu2s\">https:\/\/www.youtube.com\/watch?v=RMBUVffmu2s<\/a><\/video><\/div><\/div><\/div><div id=\"pgc-4114-4-2\"  class=\"panel-grid-cell\" ><div id=\"panel-4114-4-2-0\" class=\"so-panel widget widget_xyz_insert_php_widget panel-first-child panel-last-child\" data-index=\"8\" >\r\n\t<div class=\"announc\">\r\n      <h2> Annonces<\/h2>\r\n\t<div class=\"announc-body\">\r\n\t<ul>\r\n             \r\n<ul><li style=\"text-align:left;\"><a href=\"category\/ann_fr\/\">Plus<\/a><\/li>\r\n<\/ul>   <\/ul>\r\n\t<\/div>\r\n\t<\/div><\/div><\/div><\/div><div id=\"pg-4114-5\"  class=\"panel-grid panel-has-style\" ><div style=\"background-color: #c4eeff; \" class=\"panel-row-style panel-row-style-for-4114-5\" ><div id=\"pgc-4114-5-0\"  class=\"panel-grid-cell\" ><div id=\"panel-4114-5-0-0\" class=\"so-panel widget widget_circleicon-widget panel-first-child panel-last-child\" data-index=\"9\" >\t\t<div class=\"circle-icon-box circle-icon-position-top circle-icon-hide-box circle-icon-size-small \">\n\t\t\t\t\t\t\t<div class=\"circle-icon-wrapper\">\n\t\t\t\t\t\t\t\t\t\t<a href=\"http:\/\/www.svu.edu.eg\/faculties\/hu-edu\/%d8%b1%d8%b3%d8%a7%d9%84%d8%a9-%d8%a7%d9%84%d9%83%d9%84%d9%8a%d8%a9\/\" class=\"link-icon\" >\t\t\t\t\t<div class=\"circle-icon icon-style-set\" style=\"background-image: url(http:\/\/www.svu.edu.eg\/faculties\/hu-edu);background-color: #1e73be\">\n\t\t\t\t\t\t\t\t\t\t\t\t\t<div class=\"fa fa-check-circle-o\" style=\"color: #ffffff\"><\/div>\n\t\t\t\t\t\t\t\t\t\t\t<\/div> \n\t\t\t\t\t<\/a>\t\t\t\t<\/div>\n\t\t\t\n\t\t\t\t\t\t\t<a href=\"http:\/\/www.svu.edu.eg\/faculties\/hu-edu\/%d8%b1%d8%b3%d8%a7%d9%84%d8%a9-%d8%a7%d9%84%d9%83%d9%84%d9%8a%d8%a9\/\" class=\"link-title\" >\n\t\t\t\t\t\t\t\t\t\t<h4 >\n\t\t\t\t\tLa mission\t\t\t\t<\/h4>\n\t\t\t\t\t\t\t\t\t\t<\/a>\n\t\t\t\n\t\t\t\t\t\t\t<p class=\"text\" >Excellence dans l' enseignement en particuli\u00e8re dans les domaines des sciences fondamentales et la recherche scientifique au d\u00e9veloppement durable par la formation de dipl\u00f4mes en haut niveau selon les normes acad\u00e9miques nationales et d\u00e9veloppement des comp\u00e9tences et des capacit\u00e9s en ressources humaines, la prestation de services communautaires et environnementaux qui r\u00e9pondent aux aspirations de la soci\u00e9t\u00e9 du sud de la vall\u00e9e.   <\/p>\n\t\t\t\t\t\t\t\t\t\t<a href=\"http:\/\/www.svu.edu.eg\/faculties\/hu-edu\/%d8%b1%d8%b3%d8%a7%d9%84%d8%a9-%d8%a7%d9%84%d9%83%d9%84%d9%8a%d8%a9\/\" class=\"more-button\" >\u0627\u0644\u0645\u0632\u064a\u062f <i><\/i><\/a>\n\t\t\t\t\t<\/div>\n\t\t<\/div><\/div><div id=\"pgc-4114-5-1\"  class=\"panel-grid-cell\" ><div id=\"panel-4114-5-1-0\" class=\"so-panel widget widget_circleicon-widget panel-first-child panel-last-child\" data-index=\"10\" >\t\t<div class=\"circle-icon-box circle-icon-position-top circle-icon-hide-box circle-icon-size-small \">\n\t\t\t\t\t\t\t<div class=\"circle-icon-wrapper\">\n\t\t\t\t\t\t\t\t\t\t<a href=\"#\" class=\"link-icon\" >\t\t\t\t\t<div class=\"circle-icon icon-style-set\" style=\"background-image: url(http:\/\/www.svu.edu.eg\/faculties\/hu-edu);background-color: #1e73be\">\n\t\t\t\t\t\t\t\t\t\t\t\t\t<div class=\"fa fa-pencil-square-o\" ><\/div>\n\t\t\t\t\t\t\t\t\t\t\t<\/div> \n\t\t\t\t\t<\/a>\t\t\t\t<\/div>\n\t\t\t\n\t\t\t\t\t\t\t<a href=\"#\" class=\"link-title\" >\n\t\t\t\t\t\t\t\t\t\t<h4 >\n\t\t\t\t\tLa vision \t\t\t\t<\/h4>\n\t\t\t\t\t\t\t\t\t\t<\/a>\n\t\t\t\n\t\t\t\t\t\t\t<p class=\"text\" >Excellence dans l\u2019enseignement des sciences fondamentales et la recherche scientifique au d\u00e9veloppement durable.<\/p>\n\t\t\t\t\t\t\t\t\t\t<a href=\"#\" class=\"more-button\" >\u0627\u0644\u0645\u0632\u064a\u062f <i><\/i><\/a>\n\t\t\t\t\t<\/div>\n\t\t<\/div><\/div><div id=\"pgc-4114-5-2\"  class=\"panel-grid-cell\" ><div id=\"panel-4114-5-2-0\" class=\"so-panel widget widget_circleicon-widget panel-first-child panel-last-child\" data-index=\"11\" >\t\t<div class=\"circle-icon-box circle-icon-position-top circle-icon-hide-box circle-icon-size-small \">\n\t\t\t\t\t\t\t<div class=\"circle-icon-wrapper\">\n\t\t\t\t\t\t\t\t\t\t<a href=\"http:\/\/www.svu.edu.eg\/faculties\/hu-edu\" class=\"link-icon\" >\t\t\t\t\t<div class=\"circle-icon icon-style-set\" style=\"background-image: url(http:\/\/www.svu.edu.eg\/faculties\/hu-edu);background-color: #1e73be\">\n\t\t\t\t\t\t\t\t\t\t\t\t\t<div class=\"fa fa-clock-o\" ><\/div>\n\t\t\t\t\t\t\t\t\t\t\t<\/div> \n\t\t\t\t\t<\/a>\t\t\t\t<\/div>\n\t\t\t\n\t\t\t\t\t\t\t<a href=\"http:\/\/www.svu.edu.eg\/faculties\/hu-edu\" class=\"link-title\" >\n\t\t\t\t\t\t\t\t\t\t<h4 >\n\t\t\t\t\tCr\u00e9ation de la facult\u00e9\t\t\t\t<\/h4>\n\t\t\t\t\t\t\t\t\t\t<\/a>\n\t\t\t\n\t\t\t\t\t\t\t<p class=\"text\" >Facult\u00e9 de p\u00e9dagogie d'Hurghada a \u00e9t\u00e9 \u00e9tablie comme une branche de la facult\u00e9 de p\u00e9dagogie de Q\u00e9na en 1995, et a commenc\u00e9 \u00e0 \u00e9tudier en 1995-1996, et a obtenu son ind\u00e9pendance par d\u00e9cret r\u00e9publicain no. 129 de 2006.<\/p>\n\t\t\t\t\t\t\t\t\t\t<a href=\"http:\/\/www.svu.edu.eg\/faculties\/hu-edu\" class=\"more-button\" >\u0627\u0644\u0645\u0632\u064a\u062f <i><\/i><\/a>\n\t\t\t\t\t<\/div>\n\t\t<\/div><\/div><\/div><\/div><\/div>","protected":false},"excerpt":{"rendered":"<p>\u0631\u0627\u0628\u0637 \u0627\u0644\u0642\u0646\u0627\u0629 \u0627\u0644\u062a\u0639\u0644\u064a\u0645\u064a\u0629 . \u0631\u0627\u0628\u0637 \u0627\u0644\u0641\u0635\u0648\u0644 \u0627\u0644\u0625\u0641\u062a\u0631\u0627\u0636\u064a\u0629 .\u00a0 \u00a0 \u064a\u062a\u0645 \u0627\u0644\u062f\u062e\u0648\u0644 \u0625\u0644\u064a\u0647 \u0645\u0646 \u062e\u0644\u0627\u0644 \u0627\u0644\u0643\u0648\u062f \u0627\u0644\u0645\u0631\u0633\u0644 \u0645\u0646 \u0623\u0633\u062a\u0627\u0630 \u0627\u0644\u0645\u0627\u062f\u0629 .<\/p>\n","protected":false},"author":2,"featured_media":0,"parent":0,"menu_order":0,"comment_status":"closed","ping_status":"closed","template":"home-panels.php","meta":{"_monsterinsights_skip_tracking":false,"_monsterinsights_sitenote_active":false,"_monsterinsights_sitenote_note":"","_monsterinsights_sitenote_category":0},"_links":{"self":[{"href":"http:\/\/www.svu.edu.eg\/faculties\/hu-edu\/wp-json\/wp\/v2\/pages\/4114"}],"collection":[{"href":"http:\/\/www.svu.edu.eg\/faculties\/hu-edu\/wp-json\/wp\/v2\/pages"}],"about":[{"href":"http:\/\/www.svu.edu.eg\/faculties\/hu-edu\/wp-json\/wp\/v2\/types\/page"}],"author":[{"embeddable":true,"href":"http:\/\/www.svu.edu.eg\/faculties\/hu-edu\/wp-json\/wp\/v2\/users\/2"}],"replies":[{"embeddable":true,"href":"http:\/\/www.svu.edu.eg\/faculties\/hu-edu\/wp-json\/wp\/v2\/comments?post=4114"}],"version-history":[{"count":6,"href":"http:\/\/www.svu.edu.eg\/faculties\/hu-edu\/wp-json\/wp\/v2\/pages\/4114\/revisions"}],"predecessor-version":[{"id":4216,"href":"http:\/\/www.svu.edu.eg\/faculties\/hu-edu\/wp-json\/wp\/v2\/pages\/4114\/revisions\/4216"}],"wp:attachment":[{"href":"http:\/\/www.svu.edu.eg\/faculties\/hu-edu\/wp-json\/wp\/v2\/media?parent=4114"}],"curies":[{"name":"wp","href":"https:\/\/api.w.org\/{rel}","templated":true}]}}