{"id":4896,"date":"2022-02-28T08:23:51","date_gmt":"2022-02-28T08:23:51","guid":{"rendered":"http:\/\/www.svu.edu.eg\/faculties\/eng\/?page_id=4896"},"modified":"2022-03-01T10:17:21","modified_gmt":"2022-03-01T10:17:21","slug":"bref-historique","status":"publish","type":"page","link":"http:\/\/www.svu.edu.eg\/faculties\/eng\/fr\/bref-historique\/","title":{"rendered":"Bref historique"},"content":{"rendered":"<p><strong>Suite \u00e0 l\u2019approbation du conseil universitaire No. 103 le 23-5-2005 \u00e0 un comit\u00e9 \u00c9tudes d\u2019ing\u00e9nierie, l\u2019Universit\u00e9 du Sud de la Vall\u00e9e a cr\u00e9\u00e9 &nbsp;la branche de la facult\u00e9 d&#8217; Ing\u00e9nierie de &nbsp;Q\u00e9na en mai 2005.<\/strong><\/p>\n<p><strong>Le Comit\u00e9 a \u00e9galement recommand\u00e9 la cr\u00e9ation d\u2019une branche de la facult\u00e9 \u00e0 Assouan, avec l\u2019engagement de l\u2019Universit\u00e9 \u00e0 toutes les composantes mat\u00e9rielles et humaines.<\/strong><\/p>\n<p><strong>Le Conseil de l\u2019Universit\u00e9, lors de sa 119\u00e8me r\u00e9union, le 27\/11\/2006 a approuv\u00e9 le renouvellement de l\u2019approbation de la cr\u00e9ation d\u2019une section de la facult\u00e9 d\u2019ing\u00e9nierie \u00e0 Assouan, au si\u00e8ge de l\u2019universit\u00e9 \u00e0 Q\u00e9na.<\/strong><\/p>\n","protected":false},"excerpt":{"rendered":"<p>Suite \u00e0 l\u2019approbation du conseil universitaire No. 103 le 23-5-2005 \u00e0 un comit\u00e9 \u00c9tudes d\u2019ing\u00e9nierie, l\u2019Universit\u00e9 du Sud de la Vall\u00e9e a cr\u00e9\u00e9 &nbsp;la branche de la facult\u00e9 d&#8217; Ing\u00e9nierie [&hellip;]<\/p>\n","protected":false},"author":2,"featured_media":0,"parent":0,"menu_order":0,"comment_status":"closed","ping_status":"closed","template":"","meta":[],"_links":{"self":[{"href":"http:\/\/www.svu.edu.eg\/faculties\/eng\/wp-json\/wp\/v2\/pages\/4896"}],"collection":[{"href":"http:\/\/www.svu.edu.eg\/faculties\/eng\/wp-json\/wp\/v2\/pages"}],"about":[{"href":"http:\/\/www.svu.edu.eg\/faculties\/eng\/wp-json\/wp\/v2\/types\/page"}],"author":[{"embeddable":true,"href":"http:\/\/www.svu.edu.eg\/faculties\/eng\/wp-json\/wp\/v2\/users\/2"}],"replies":[{"embeddable":true,"href":"http:\/\/www.svu.edu.eg\/faculties\/eng\/wp-json\/wp\/v2\/comments?post=4896"}],"version-history":[{"count":2,"href":"http:\/\/www.svu.edu.eg\/faculties\/eng\/wp-json\/wp\/v2\/pages\/4896\/revisions"}],"predecessor-version":[{"id":6098,"href":"http:\/\/www.svu.edu.eg\/faculties\/eng\/wp-json\/wp\/v2\/pages\/4896\/revisions\/6098"}],"wp:attachment":[{"href":"http:\/\/www.svu.edu.eg\/faculties\/eng\/wp-json\/wp\/v2\/media?parent=4896"}],"curies":[{"name":"wp","href":"https:\/\/api.w.org\/{rel}","templated":true}]}}