{"id":4801,"date":"2020-11-29T09:09:51","date_gmt":"2020-11-29T09:09:51","guid":{"rendered":"http:\/\/www.svu.edu.eg\/faculties\/eng\/?page_id=4801"},"modified":"2021-01-18T07:14:22","modified_gmt":"2021-01-18T07:14:22","slug":"homepage_fr","status":"publish","type":"page","link":"http:\/\/www.svu.edu.eg\/faculties\/eng\/fr\/homepage_fr\/","title":{"rendered":"Homepage_fr"},"content":{"rendered":"<div id=\"pl-4801\"  class=\"panel-layout\" ><div id=\"pg-4801-0\"  class=\"panel-grid panel-no-style\" ><div id=\"pgc-4801-0-0\"  class=\"panel-grid-cell panel-grid-cell-empty\" ><\/div><\/div><div id=\"pg-4801-1\"  class=\"panel-grid panel-has-style\" ><div class=\"wide-grey panel-row-style panel-row-style-for-4801-1\" ><div id=\"pgc-4801-1-0\"  class=\"panel-grid-cell\" ><div id=\"panel-4801-1-0-0\" class=\"so-panel widget widget_headline-widget panel-first-child panel-last-child\" data-index=\"0\" >\t\t<h1><\/h1>\n\t\t<div class=\"decoration\"><div class=\"decoration-inside\"><\/div><\/div>\n\t\t<h3><\/h3>\n\t\t<\/div><\/div><\/div><\/div><div id=\"pg-4801-2\"  class=\"panel-grid panel-no-style\" ><div id=\"pgc-4801-2-0\"  class=\"panel-grid-cell\" ><div id=\"panel-4801-2-0-0\" class=\"so-panel widget widget_siteorigin-panels-postloop panel-first-child\" data-index=\"1\" ><div class=\"panel-widget-style panel-widget-style-for-4801-2-0-0\" ><h3 class=\"widget-title\">Derni\u00e8res nouvelles<\/h3><\/div><\/div><div id=\"panel-4801-2-0-1\" class=\"so-panel widget widget_text panel-last-child\" data-index=\"2\" >\t\t\t<div class=\"textwidget\"><p style=\"direction: ltr;\"><a href=\"http:\/\/www.svu.edu.eg\/faculties\/eng\/fr\/category\/news_fr\/\"><strong>Plus de nouvelles<\/strong><\/a><\/p>\n<\/div>\n\t\t<\/div><\/div><\/div><div id=\"pg-4801-3\"  class=\"panel-grid panel-no-style\" ><div id=\"pgc-4801-3-0\"  class=\"panel-grid-cell\" ><div id=\"panel-4801-3-0-0\" class=\"so-panel widget widget_xyz_insert_php_widget panel-first-child panel-last-child\" data-index=\"3\" >\r\n\t<div class=\"announc\">\r\n      <h2>Conf\u00e9rences scientifiques<\/h2>\r\n\t<div class=\"announc-body\">\r\n\t<ul>\r\n             \r\n<ul>        <li> <a href=\" http:\/\/www.svu.edu.eg\/faculties\/eng\/fr\/recteur-de-luniversite-du-sud-de-la-vallee-felicite-le-president-el-sissi-et-le-peuple-egyptien-a-loccasion-du-jour-de-la-liberation-du-sinai\/\" title=\"Recteur de l\u2019Universit\u00e9 du Sud de la Vall\u00e9e f\u00e9licite le Pr\u00e9sident El-Sissi et le peuple \u00e9gyptien \u00e0 l\u2019occasion du jour de la Lib\u00e9ration du Sina\u00ef\">\r\n\t\t\tRecteur de l\u2019Universit\u00e9 du ...<\/a> <\/li>\r\n        <li> <a href=\" http:\/\/www.svu.edu.eg\/faculties\/eng\/fr\/recteur-de-luniversite-inspecte-les-hopitaux-universitaires-au-premier-jour-de-laid-al-fitr\/\" title=\"Recteur de l\u2019Universit\u00e9 inspecte les h\u00f4pitaux universitaires au premier jour de l\u2019A\u00efd al-Fitr\">\r\n\t\t\tRecteur de l\u2019Universit\u00e9 ins...<\/a> <\/li>\r\n        <li> <a href=\" http:\/\/www.svu.edu.eg\/faculties\/eng\/fr\/recteur-de-luniversite-du-sud-de-la-vallee-felicite-le-chef-de-la-securite-de-qena-a-loccasion-de-la-journee-de-la-police\/\" title=\"Recteur de l\u2019Universit\u00e9 du Sud de la Vall\u00e9e f\u00e9licite le chef de la s\u00e9curit\u00e9 de Q\u00e9na \u00e0 l&#8217;occasion de la journ\u00e9e de la police\">\r\n\t\t\tRecteur de l\u2019Universit\u00e9 du ...<\/a> <\/li>\r\n        <li> <a href=\" http:\/\/www.svu.edu.eg\/faculties\/eng\/fr\/faculte-dingenierie-participe-a-la-conference-internationale-du-moyen-orient-des-systemes-electriques\/\" title=\"Facult\u00e9 d&#8217;ing\u00e9nierie participe \u00e0 la conf\u00e9rence internationale du Moyen-Orient des syst\u00e8mes \u00e9lectriques\">\r\n\t\t\tFacult\u00e9 d&#8217;ing\u00e9nierie ...<\/a> <\/li>\r\n<li style=\"text-align:left;\"><a href=\"category\/conf_fr\/\">Plus<\/a><\/li>\r\n<\/ul>   <\/ul>\r\n\t<\/div>\r\n\t<\/div><\/div><\/div><div id=\"pgc-4801-3-1\"  class=\"panel-grid-cell\" ><div id=\"panel-4801-3-1-0\" class=\"so-panel widget widget_media_video panel-first-child panel-last-child\" data-index=\"4\" ><div style=\"width:100%;\" class=\"wp-video\"><!--[if lt IE 9]><script>document.createElement('video');<\/script><![endif]-->\n<video class=\"wp-video-shortcode\" id=\"video-7901-1\" preload=\"metadata\" controls=\"controls\"><source type=\"video\/youtube\" src=\"https:\/\/www.youtube.com\/watch?v=c4VGIAFfA6Y&#038;_=1\" \/><a href=\"https:\/\/www.youtube.com\/watch?v=c4VGIAFfA6Y\">https:\/\/www.youtube.com\/watch?v=c4VGIAFfA6Y<\/a><\/video><\/div><\/div><\/div><div id=\"pgc-4801-3-2\"  class=\"panel-grid-cell\" ><div id=\"panel-4801-3-2-0\" class=\"so-panel widget widget_xyz_insert_php_widget panel-first-child panel-last-child\" data-index=\"5\" >\r\n\t<div class=\"announc\">\r\n      <h2>Annonces <\/h2>\r\n\t<div class=\"announc-body\">\r\n\t<ul>\r\n             \r\n<ul>        <li> <a href=\" http:\/\/www.svu.edu.eg\/faculties\/eng\/fr\/recteur-de-luniversite-du-sud-de-la-vallee-felicite-le-president-el-sissi-et-le-peuple-egyptien-a-loccasion-du-jour-de-la-liberation-du-sinai\/\" title=\"Recteur de l\u2019Universit\u00e9 du Sud de la Vall\u00e9e f\u00e9licite le Pr\u00e9sident El-Sissi et le peuple \u00e9gyptien \u00e0 l\u2019occasion du jour de la Lib\u00e9ration du Sina\u00ef\">\r\n\t\t\tRecteur de l\u2019Universit\u00e9 du ...<\/a> <\/li>\r\n        <li> <a href=\" http:\/\/www.svu.edu.eg\/faculties\/eng\/fr\/recteur-de-luniversite-inspecte-les-hopitaux-universitaires-au-premier-jour-de-laid-al-fitr\/\" title=\"Recteur de l\u2019Universit\u00e9 inspecte les h\u00f4pitaux universitaires au premier jour de l\u2019A\u00efd al-Fitr\">\r\n\t\t\tRecteur de l\u2019Universit\u00e9 ins...<\/a> <\/li>\r\n        <li> <a href=\" http:\/\/www.svu.edu.eg\/faculties\/eng\/fr\/organisation-dun-tournoi-de-football-pour-les-garcons\/\" title=\"Organisation d\u2019un tournoi de football pour les gar\u00e7ons\">\r\n\t\t\tOrganisation d\u2019un tournoi d...<\/a> <\/li>\r\n        <li> <a href=\" http:\/\/www.svu.edu.eg\/faculties\/eng\/fr\/protocole-de-cooperation-entre-luniversite-du-sud-de-la-vallee-et-luniversite-de-charite\/\" title=\"Protocole de coop\u00e9ration entre l\u2019Universit\u00e9 du Sud de la Vall\u00e9e et l\u2019Universit\u00e9 de Charit\u00e9\">\r\n\t\t\tProtocole de coop\u00e9ration en...<\/a> <\/li>\r\n<li style=\"text-align:left;\"><a href=\"category\/ann_fr\/\">Plus<\/a><\/li>\r\n<\/ul>   <\/ul>\r\n\t<\/div>\r\n\t<\/div><\/div><\/div><\/div><div id=\"pg-4801-4\"  class=\"panel-grid panel-has-style\" ><div style=\"background-color: #c4eeff; \" class=\"panel-row-style panel-row-style-for-4801-4\" ><div id=\"pgc-4801-4-0\"  class=\"panel-grid-cell\" ><div id=\"panel-4801-4-0-0\" class=\"so-panel widget widget_circleicon-widget panel-first-child panel-last-child\" data-index=\"6\" >\t\t<div class=\"circle-icon-box circle-icon-position-top circle-icon-hide-box circle-icon-size-small \">\n\t\t\t\t\t\t\t<div class=\"circle-icon-wrapper\">\n\t\t\t\t\t<a href=\"http:\/\/www.svu.edu.eg\/faculties\/eng\/%d8%a7%d9%84%d8%a7%d9%87%d8%af%d8%a7%d9%81-%d8%a7%d9%84%d8%a7%d8%b3%d8%aa%d8%b1%d8%a7%d8%aa%d9%8a%d8%ac%d9%8a%d8%a9-%d9%84%d9%84%d9%83%d9%84%d9%8a%d8%a9\/\" class=\"link-icon\" >\t\t\t\t\t<div class=\"circle-icon icon-style-set\" style=\"background-color: #1e73be\">\n\t\t\t\t\t\t<div class=\"fa fa-clock-o icon-color-set\" ><\/div>\t\t\t\t\t<\/div>\n\t\t\t\t\t<\/a>\t\t\t\t<\/div>\n\t\t\t\n\t\t\t<a href=\"http:\/\/www.svu.edu.eg\/faculties\/eng\/%d8%a7%d9%84%d8%a7%d9%87%d8%af%d8%a7%d9%81-%d8%a7%d9%84%d8%a7%d8%b3%d8%aa%d8%b1%d8%a7%d8%aa%d9%8a%d8%ac%d9%8a%d8%a9-%d9%84%d9%84%d9%83%d9%84%d9%8a%d8%a9\/\" class=\"link-title\" >\t\t\t<h4 >Objectif strat\u00e9gique de la facult\u00e9<\/h4>\t\t\t<\/a>\n\t\t\t<p class=\"text\" >La facult\u00e9 d'ing\u00e9nierie a  \u00e9t\u00e9 cr\u00e9\u00e9e pour former des ing\u00e9nieurs hautement qualifi\u00e9s et sp\u00e9cialis\u00e9s qui sont capables d\u2019absorber la technologie moderne en ing\u00e9nierie, de la manipuler efficacement sur site et de suivre ses d\u00e9veloppements mondiaux en cours. Principaux objectifs de la facult\u00e9 -Fournir un mod\u00e8le avanc\u00e9 de formation en g\u00e9nie li\u00e9 \u00e0 certaines industries qui servent l\u2019environnement et qui sont conformes aux tendances mondiales de l\u2019ing\u00e9nierie dans l\u2019utilisation de l\u2019informatique et de ses applications dans l\u2019industrie.  -La facult\u00e9 d\u00e9veloppera \u00e9galement la performance, la modernisation et le fonctionnement des \u00e9tudes \u00e9conomiques et techniques pour les zones industrielles r\u00e9parties dans l'Haute-\u00c9gypte. -Contribuer au d\u00e9veloppement des gouvernorats du sud de l\u2019enseignement sup\u00e9rieur et \u00e0 la cr\u00e9ation d\u2019emplois (cours de formation); Ceci est conforme au programme \u00e9lectoral de son Excellence Monsieur le Pr\u00e9sident de M. Dr. \/ Premier ministre. -Cr\u00e9er un mod\u00e8le de collaboration entre l\u2019\u00e9tablissement d\u2019enseignement et les sites de production. -Le domaine de l\u2019\u00e9tude d\u2019ing\u00e9nierie a \u00e9t\u00e9 ouvert pour les fils de Qena, Mer Rouge et Wadi al-Jadid gouvernorats qui manquent de facult\u00e9s d\u2019ing\u00e9nierie, et le soulagement de la charge sur les citoyens expatri\u00e9s dans d\u2019autres gouvernorats.  -Diriger les \u00e9tudes sup\u00e9rieures vers la r\u00e9solution de probl\u00e8mes pratiques auxquels font face les industries (p. ex., industrie de l\u2019aluminium, du sucre, du papier.  -Soutenir le plan de l\u2019\u00c9tat pour l\u2019\u00e9tablissement de zones industrielles dans les environs et mener des recherches appliqu\u00e9es, des \u00e9tudes, des essais et des consultations. Caract\u00e9ristiques du programme de la facult\u00e9 -Le comit\u00e9 de pr\u00e9paration des cours de l\u2019Ordre a recommand\u00e9 que les cours aient les caract\u00e9ristiques suivantes : introduire de nouvelles mati\u00e8res dans les domaines des \u00e9tudes environnementales, des \u00e9nergies nouvelles et renouvelables, de la gestion et de l\u2019\u00e9conomie des l\u00e9gislateurs Les cours sont de nature pratique et une grande quantit\u00e9 de formation pratique de d\u00e9pannage est associ\u00e9e \u00e0 une \u00e9tude th\u00e9orique. L\u2019\u00e9tudiant sera int\u00e9ress\u00e9 par les comp\u00e9tences techniques des \u00e9tudiants en mati\u00e8re de rapports, les \u00e9tudes de recherche, les m\u00e9thodes de pr\u00e9sentation, et la pr\u00e9sentation des applications informatiques de l\u2019\u00e9tudiant, et l\u2019\u00e9tudiant aura de nouvelles et comp\u00e9tences et sera en mesure de les relier aux tendances de l\u2019\u00e9l\u00e8ve et aux besoins du march\u00e9 Choisir des exercices et des tests pour les \u00e9l\u00e8ves afin de tenir compte des probl\u00e8mes que l\u2019on s\u2019attend \u00e0 rencontrer. les objectifs g\u00e9n\u00e9raux de la facult\u00e9 -Fournir un mod\u00e8le avanc\u00e9 de formation en g\u00e9nie li\u00e9 \u00e0 certaines industries qui servent l\u2019environnement et qui sont conformes aux tendances mondiales de l\u2019ing\u00e9nierie dans l\u2019utilisation de l\u2019informatique et de ses applications dans l\u2019industrie. -L\u2019application de la liste des heures approuv\u00e9es dans le syst\u00e8me d\u2019\u00e9tudes d\u2019ing\u00e9nierie conform\u00e9ment aux normes internationales pour obtenir deux niveaux d\u2019excellence en enseignement de l\u2019ing\u00e9nierie. -Mener des \u00e9tudes et des recherches scientifiques universitaires et appliqu\u00e9es en sciences de l\u2019ing\u00e9nierie pour travailler au d\u00e9veloppement communautaire et contribuer au d\u00e9veloppement par des projets et des recherches. -D\u00e9velopper des m\u00e9canismes pour le d\u00e9veloppement continu des programmes \u00e9ducatifs afin de pr\u00e9parer un ing\u00e9nieur capable de suivre les variables croissantes pour contribuer aux projets de d\u00e9veloppement.  <\/p>\t\t\t\t\t\t\t<a href=\"http:\/\/www.svu.edu.eg\/faculties\/eng\/%d8%a7%d9%84%d8%a7%d9%87%d8%af%d8%a7%d9%81-%d8%a7%d9%84%d8%a7%d8%b3%d8%aa%d8%b1%d8%a7%d8%aa%d9%8a%d8%ac%d9%8a%d8%a9-%d9%84%d9%84%d9%83%d9%84%d9%8a%d8%a9\/\" class=\"more-button\" >\u0627\u0644\u0645\u0632\u064a\u062f <i><\/i><\/a>\n\t\t\t\t\t<\/div>\n\t\t<\/div><\/div><div id=\"pgc-4801-4-1\"  class=\"panel-grid-cell\" ><div id=\"panel-4801-4-1-0\" class=\"so-panel widget widget_circleicon-widget panel-first-child panel-last-child\" data-index=\"7\" >\t\t<div class=\"circle-icon-box circle-icon-position-top circle-icon-hide-box circle-icon-size-small \">\n\t\t\t\t\t\t\t<div class=\"circle-icon-wrapper\">\n\t\t\t\t\t<a href=\"http:\/\/www.svu.edu.eg\/faculties\/eng\/%d8%b1%d8%b3%d8%a7%d9%84%d8%a9-%d8%a7%d9%84%d9%83%d9%84%d9%8a%d8%a9\/\" class=\"link-icon\" >\t\t\t\t\t<div class=\"circle-icon icon-style-set\" style=\"background-color: #1e73be\">\n\t\t\t\t\t\t<div class=\"fa fa-check-circle-o icon-color-set\" style=\"color: #ffffff\"><\/div>\t\t\t\t\t<\/div>\n\t\t\t\t\t<\/a>\t\t\t\t<\/div>\n\t\t\t\n\t\t\t<a href=\"http:\/\/www.svu.edu.eg\/faculties\/eng\/%d8%b1%d8%b3%d8%a7%d9%84%d8%a9-%d8%a7%d9%84%d9%83%d9%84%d9%8a%d8%a9\/\" class=\"link-title\" >\t\t\t<h4 >La mission de la facult\u00e9<\/h4>\t\t\t<\/a>\n\t\t\t<p class=\"text\" >-La facult\u00e9 s\u2019engage \u00e0 dipl\u00f4mer des ing\u00e9nieurs hautement qualifi\u00e9s dans l\u2019utilisation de l\u2019ordinateur dans les applications industrielles modernes en offrant aux \u00e9tudiants les meilleures possibilit\u00e9s d\u2019\u00e9ducation et de services de recherche. -La facult\u00e9 s\u2019engage \u00e0 fournir un climat \u00e9ducatif et scientifique appropri\u00e9 bas\u00e9 sur la recherche scientifique pour encourager les \u00e9tudiants \u00e0 faire de leur mieux pour \u00eatre en mesure de comprendre le d\u00e9veloppement de la technologie moderne dans tous les domaines de l\u2019ing\u00e9nierie et \u00eatre en mesure de faire face \u00e0 la science pour r\u00e9soudre les probl\u00e8mes auxquels ils sont confront\u00e9s sur les lieux d'affectation. - La facult\u00e9 s\u2019engage \u00e0 fournir et \u00e0 faire les solutions les plus logiques dans du sud de la vall\u00e9e et elle est un centre d\u2019exp\u00e9rience pour tous les domaines de l\u2019ing\u00e9nierie.<\/p>\t\t\t\t\t\t\t<a href=\"http:\/\/www.svu.edu.eg\/faculties\/eng\/%d8%b1%d8%b3%d8%a7%d9%84%d8%a9-%d8%a7%d9%84%d9%83%d9%84%d9%8a%d8%a9\/\" class=\"more-button\" >\u0627\u0644\u0645\u0632\u064a\u062f <i><\/i><\/a>\n\t\t\t\t\t<\/div>\n\t\t<\/div><\/div><div id=\"pgc-4801-4-2\"  class=\"panel-grid-cell\" ><div id=\"panel-4801-4-2-0\" class=\"so-panel widget widget_circleicon-widget panel-first-child panel-last-child\" data-index=\"8\" >\t\t<div class=\"circle-icon-box circle-icon-position-top circle-icon-hide-box circle-icon-size-small \">\n\t\t\t\t\t\t\t<div class=\"circle-icon-wrapper\">\n\t\t\t\t\t<a href=\"http:\/\/www.svu.edu.eg\/faculties\/eng\/%d8%b1%d8%a4%d9%8a%d8%a9-%d8%a7%d9%84%d9%83%d9%84%d9%8a%d8%a9\/\" class=\"link-icon\" >\t\t\t\t\t<div class=\"circle-icon icon-style-set\" style=\"background-color: #1e73be\">\n\t\t\t\t\t\t<div class=\"fa fa-pencil-square-o icon-color-set\" ><\/div>\t\t\t\t\t<\/div>\n\t\t\t\t\t<\/a>\t\t\t\t<\/div>\n\t\t\t\n\t\t\t<a href=\"http:\/\/www.svu.edu.eg\/faculties\/eng\/%d8%b1%d8%a4%d9%8a%d8%a9-%d8%a7%d9%84%d9%83%d9%84%d9%8a%d8%a9\/\" class=\"link-title\" >\t\t\t<h4 >La vision de la facult\u00e9                                                                                                   <\/h4>\t\t\t<\/a>\n\t\t\t<p class=\"text\" >La facult\u00e9 esp\u00e8re d'\u00eatre l\u2019une des meilleures facult\u00e9s d\u2019ing\u00e9nieurs du gouvernement dans l\u2019\u00e9ducation et la recherche scientifique, ainsi que pour atteindre une \u00e9ducation d\u2019ing\u00e9nieur de haute qualit\u00e9 au service de la soci\u00e9t\u00e9 et de l\u2019environnement environnant, et aider au d\u00e9veloppement industriel et de la construction.<\/p>\t\t\t\t\t\t\t<a href=\"http:\/\/www.svu.edu.eg\/faculties\/eng\/%d8%b1%d8%a4%d9%8a%d8%a9-%d8%a7%d9%84%d9%83%d9%84%d9%8a%d8%a9\/\" class=\"more-button\" >\u0627\u0644\u0645\u0632\u064a\u062f <i><\/i><\/a>\n\t\t\t\t\t<\/div>\n\t\t<\/div><\/div><\/div><\/div><\/div>","protected":false},"excerpt":{"rendered":"<p>Plus de nouvelles<\/p>\n","protected":false},"author":2,"featured_media":0,"parent":0,"menu_order":0,"comment_status":"closed","ping_status":"closed","template":"home-panels.php","meta":[],"_links":{"self":[{"href":"http:\/\/www.svu.edu.eg\/faculties\/eng\/wp-json\/wp\/v2\/pages\/4801"}],"collection":[{"href":"http:\/\/www.svu.edu.eg\/faculties\/eng\/wp-json\/wp\/v2\/pages"}],"about":[{"href":"http:\/\/www.svu.edu.eg\/faculties\/eng\/wp-json\/wp\/v2\/types\/page"}],"author":[{"embeddable":true,"href":"http:\/\/www.svu.edu.eg\/faculties\/eng\/wp-json\/wp\/v2\/users\/2"}],"replies":[{"embeddable":true,"href":"http:\/\/www.svu.edu.eg\/faculties\/eng\/wp-json\/wp\/v2\/comments?post=4801"}],"version-history":[{"count":2,"href":"http:\/\/www.svu.edu.eg\/faculties\/eng\/wp-json\/wp\/v2\/pages\/4801\/revisions"}],"predecessor-version":[{"id":4803,"href":"http:\/\/www.svu.edu.eg\/faculties\/eng\/wp-json\/wp\/v2\/pages\/4801\/revisions\/4803"}],"wp:attachment":[{"href":"http:\/\/www.svu.edu.eg\/faculties\/eng\/wp-json\/wp\/v2\/media?parent=4801"}],"curies":[{"name":"wp","href":"https:\/\/api.w.org\/{rel}","templated":true}]}}