{"id":7390,"date":"2021-01-02T19:12:12","date_gmt":"2021-01-02T19:12:12","guid":{"rendered":"http:\/\/www.svu.edu.eg\/faculties\/edu\/?page_id=7390"},"modified":"2021-01-02T19:12:12","modified_gmt":"2021-01-02T19:12:12","slug":"reglement-detudes-superieures","status":"publish","type":"page","link":"http:\/\/www.svu.edu.eg\/faculties\/edu\/fr\/reglement-detudes-superieures\/","title":{"rendered":"R\u00e8glement d&#8217;\u00e9tudes sup\u00e9rieures"},"content":{"rendered":"","protected":false},"excerpt":{"rendered":"","protected":false},"author":2,"featured_media":0,"parent":0,"menu_order":0,"comment_status":"closed","ping_status":"closed","template":"","meta":[],"_links":{"self":[{"href":"http:\/\/www.svu.edu.eg\/faculties\/edu\/wp-json\/wp\/v2\/pages\/7390"}],"collection":[{"href":"http:\/\/www.svu.edu.eg\/faculties\/edu\/wp-json\/wp\/v2\/pages"}],"about":[{"href":"http:\/\/www.svu.edu.eg\/faculties\/edu\/wp-json\/wp\/v2\/types\/page"}],"author":[{"embeddable":true,"href":"http:\/\/www.svu.edu.eg\/faculties\/edu\/wp-json\/wp\/v2\/users\/2"}],"replies":[{"embeddable":true,"href":"http:\/\/www.svu.edu.eg\/faculties\/edu\/wp-json\/wp\/v2\/comments?post=7390"}],"version-history":[{"count":1,"href":"http:\/\/www.svu.edu.eg\/faculties\/edu\/wp-json\/wp\/v2\/pages\/7390\/revisions"}],"predecessor-version":[{"id":7391,"href":"http:\/\/www.svu.edu.eg\/faculties\/edu\/wp-json\/wp\/v2\/pages\/7390\/revisions\/7391"}],"wp:attachment":[{"href":"http:\/\/www.svu.edu.eg\/faculties\/edu\/wp-json\/wp\/v2\/media?parent=7390"}],"curies":[{"name":"wp","href":"https:\/\/api.w.org\/{rel}","templated":true}]}}