{"id":7321,"date":"2021-01-02T08:29:55","date_gmt":"2021-01-02T08:29:55","guid":{"rendered":"http:\/\/www.svu.edu.eg\/faculties\/edu\/?page_id=7321"},"modified":"2021-12-14T10:43:31","modified_gmt":"2021-12-14T10:43:31","slug":"la-bibliotheque","status":"publish","type":"page","link":"http:\/\/www.svu.edu.eg\/faculties\/edu\/fr\/la-bibliotheque\/","title":{"rendered":"La biblioth\u00e8que"},"content":{"rendered":"<p>La biblioth\u00e8que situ\u00e9 dans le sous-sol du b\u00e2timent de la facult\u00e9 de p\u00e9dagogie (contenant des livres et des r\u00e9f\u00e9rences arabes, ma\u00eetrise et doctorat), la biblioth\u00e8que des r\u00e9f\u00e9rences \u00e9trang\u00e8res est situ\u00e9e dans le b\u00e2timent de la facult\u00e9 d\u2019agriculture, desservant tous les \u00e9tudiants et les \u00e9tudes sup\u00e9rieures. Il dispose d\u2019une biblioth\u00e8que \u00e9lectronique avec des num\u00e9ros de livres et des classifications de livres, facilement accessible par le centre de distribution du livre : Distribue des livres universitaires aux \u00e9tudiants de diverses \u00e9quipes, situ\u00e9 dans le b\u00e2timent Martyrs&#8217; salle 2, \u00e0 c\u00f4t\u00e9 d&#8217;administration des \u00e9tudes sup\u00e9rieures. Lieux d\u2019\u00e9tudes : (A), (b) dans l\u2019auditorium des martyrs et (1, 2, 3, 4, 5, 6) dans le b\u00e2timent de la facult\u00e9 de p\u00e9dagogie.<\/p>\n<p style=\"text-align: center;\"><span style=\"font-size: 18pt;\"><strong>Membres du personnel<\/strong><\/span><\/p>\n<p style=\"text-align: center;\"><img decoding=\"async\" src=\"http:\/\/www.svu.edu.eg\/faculties\/edu\/wp-content\/uploads\/2019\/12\/image-19.png\" \/><\/p>\n<p style=\"text-align: center;\"><span style=\"font-size: 14pt;\"><strong>Ali Elsaid Helmi<\/strong><\/span><\/p>\n<p style=\"text-align: center;\"><img decoding=\"async\" src=\"http:\/\/www.svu.edu.eg\/faculties\/edu\/wp-content\/uploads\/2019\/12\/image-20.png\" \/><\/p>\n<p style=\"text-align: center;\"><strong><span style=\"font-size: 14pt;\">Youssef Abo El- Hagag Maghraby<\/span><\/strong><\/p>\n<p style=\"text-align: center;\"><img decoding=\"async\" src=\"http:\/\/www.svu.edu.eg\/faculties\/edu\/wp-content\/uploads\/2019\/12\/image-21.png\" \/><\/p>\n<p style=\"text-align: center;\"><span style=\"font-size: 14pt;\"><strong>Afaf Mansour Mahmoud<\/strong><\/span><\/p>\n<p style=\"text-align: center;\"><img decoding=\"async\" src=\"http:\/\/www.svu.edu.eg\/faculties\/edu\/wp-content\/uploads\/2019\/12\/image-23.png\" \/><\/p>\n<p style=\"text-align: center;\"><strong><span style=\"font-size: 14pt;\">Marwaa Mohamed Maghraby<\/span><\/strong><\/p>\n<p>&nbsp;<\/p>\n","protected":false},"excerpt":{"rendered":"<p>La biblioth\u00e8que situ\u00e9 dans le sous-sol du b\u00e2timent de la facult\u00e9 de p\u00e9dagogie (contenant des livres et des r\u00e9f\u00e9rences arabes, ma\u00eetrise et doctorat), la biblioth\u00e8que des r\u00e9f\u00e9rences \u00e9trang\u00e8res est situ\u00e9e [&hellip;]<\/p>\n","protected":false},"author":2,"featured_media":0,"parent":0,"menu_order":0,"comment_status":"closed","ping_status":"closed","template":"","meta":[],"_links":{"self":[{"href":"http:\/\/www.svu.edu.eg\/faculties\/edu\/wp-json\/wp\/v2\/pages\/7321"}],"collection":[{"href":"http:\/\/www.svu.edu.eg\/faculties\/edu\/wp-json\/wp\/v2\/pages"}],"about":[{"href":"http:\/\/www.svu.edu.eg\/faculties\/edu\/wp-json\/wp\/v2\/types\/page"}],"author":[{"embeddable":true,"href":"http:\/\/www.svu.edu.eg\/faculties\/edu\/wp-json\/wp\/v2\/users\/2"}],"replies":[{"embeddable":true,"href":"http:\/\/www.svu.edu.eg\/faculties\/edu\/wp-json\/wp\/v2\/comments?post=7321"}],"version-history":[{"count":3,"href":"http:\/\/www.svu.edu.eg\/faculties\/edu\/wp-json\/wp\/v2\/pages\/7321\/revisions"}],"predecessor-version":[{"id":12686,"href":"http:\/\/www.svu.edu.eg\/faculties\/edu\/wp-json\/wp\/v2\/pages\/7321\/revisions\/12686"}],"wp:attachment":[{"href":"http:\/\/www.svu.edu.eg\/faculties\/edu\/wp-json\/wp\/v2\/media?parent=7321"}],"curies":[{"name":"wp","href":"https:\/\/api.w.org\/{rel}","templated":true}]}}