{"id":7305,"date":"2020-12-31T10:20:24","date_gmt":"2020-12-31T10:20:24","guid":{"rendered":"http:\/\/www.svu.edu.eg\/faculties\/edu\/?page_id=7305"},"modified":"2020-12-31T10:20:24","modified_gmt":"2020-12-31T10:20:24","slug":"enseignant-de-la-langue","status":"publish","type":"page","link":"http:\/\/www.svu.edu.eg\/faculties\/edu\/fr\/enseignant-de-la-langue\/","title":{"rendered":"Enseignant de la langue"},"content":{"rendered":"<p style=\"text-align: center;\"><span style=\"font-size: 14pt;\"><strong>Gaber Hassen Abdella<\/strong><\/span><\/p>\n<p style=\"text-align: center;\"><span style=\"font-size: 12pt;\">Sp\u00e9cialiste en chef au rang de directeur g\u00e9n\u00e9ral<\/span><\/p>\n<p style=\"text-align: center;\"><span style=\"font-size: 14pt;\"><strong>Mahfouz Hares Mohamed<\/strong><\/span><\/p>\n<p style=\"text-align: center;\">Enseignant de la langue<\/p>\n<p>&nbsp;<\/p>\n","protected":false},"excerpt":{"rendered":"<p>Gaber Hassen Abdella Sp\u00e9cialiste en chef au rang de directeur g\u00e9n\u00e9ral Mahfouz Hares Mohamed Enseignant de la langue &nbsp;<\/p>\n","protected":false},"author":2,"featured_media":0,"parent":0,"menu_order":0,"comment_status":"closed","ping_status":"closed","template":"","meta":[],"_links":{"self":[{"href":"http:\/\/www.svu.edu.eg\/faculties\/edu\/wp-json\/wp\/v2\/pages\/7305"}],"collection":[{"href":"http:\/\/www.svu.edu.eg\/faculties\/edu\/wp-json\/wp\/v2\/pages"}],"about":[{"href":"http:\/\/www.svu.edu.eg\/faculties\/edu\/wp-json\/wp\/v2\/types\/page"}],"author":[{"embeddable":true,"href":"http:\/\/www.svu.edu.eg\/faculties\/edu\/wp-json\/wp\/v2\/users\/2"}],"replies":[{"embeddable":true,"href":"http:\/\/www.svu.edu.eg\/faculties\/edu\/wp-json\/wp\/v2\/comments?post=7305"}],"version-history":[{"count":1,"href":"http:\/\/www.svu.edu.eg\/faculties\/edu\/wp-json\/wp\/v2\/pages\/7305\/revisions"}],"predecessor-version":[{"id":7306,"href":"http:\/\/www.svu.edu.eg\/faculties\/edu\/wp-json\/wp\/v2\/pages\/7305\/revisions\/7306"}],"wp:attachment":[{"href":"http:\/\/www.svu.edu.eg\/faculties\/edu\/wp-json\/wp\/v2\/media?parent=7305"}],"curies":[{"name":"wp","href":"https:\/\/api.w.org\/{rel}","templated":true}]}}