{"id":7295,"date":"2020-12-31T09:33:11","date_gmt":"2020-12-31T09:33:11","guid":{"rendered":"http:\/\/www.svu.edu.eg\/faculties\/edu\/?page_id=7295"},"modified":"2021-01-02T21:16:51","modified_gmt":"2021-01-02T21:16:51","slug":"laboratoires","status":"publish","type":"page","link":"http:\/\/www.svu.edu.eg\/faculties\/edu\/fr\/laboratoires\/","title":{"rendered":"Laboratoires"},"content":{"rendered":"<p><span style=\"font-size: 18pt;\"><strong>Membres du personnel<\/strong><\/span><\/p>\n<p><strong>* <\/strong><strong>El- Husseini Mohamed Ali&#8212;&#8212;&#8211;<\/strong>&#8212;&#8212;&#8212;&#8212;&#8212;<strong>Directeur des laboratoires<\/strong><\/p>\n<p><strong>* Mansour Mahmoud Mohamed&#8212;&#8212;&#8212;&#8212;&#8212;&#8211;Laboratoire de mat\u00e9riel p\u00e9dagogique<\/strong><\/p>\n<p><strong>*Farag Nasr Alla Abd El- Sadek&#8212;&#8212;&#8212;&#8212;&#8211;<\/strong> &#8212;-<strong>Laboratoire de mat\u00e9riel p\u00e9dagogique<\/strong><\/p>\n<p><strong>* Saied Omran Ahmed&#8212;&#8212;&#8212;&#8212;&#8212;&#8212;&#8212;&#8212;&#8212;&#8212;Laboratoire de mat\u00e9riel p\u00e9dagogique <\/strong><\/p>\n<p><strong>* Motwaly Mohamed ALI&#8212;&#8212;&#8212;&#8212;&#8212;&#8212;&#8212;&#8212;&#8211;Laboratoire de musique<\/strong><\/p>\n<p><strong>* Mohamed Abady Abd El- Rahem&#8212;&#8212;&#8211;<\/strong> &#8212;&#8211;<strong>Laboratoire de psychologie<\/strong><\/p>\n<p><strong>* Esehak Shohdy Hana&#8212;&#8212;&#8212;&#8212;&#8212;&#8212;&#8212;&#8212;&#8212;-<\/strong> <strong>Laboratoire de psychologie<\/strong><\/p>\n<p><strong>* Abd El- Naser Hussein&#8212;&#8212;&#8212;&#8212;&#8212;-<\/strong> &#8212;&#8212;&#8212;&#8211;<strong>Laboratoire de mat\u00e9riel p\u00e9dagogique<\/strong><\/p>\n","protected":false},"excerpt":{"rendered":"<p>Membres du personnel * El- Husseini Mohamed Ali&#8212;&#8212;&#8211;&#8212;&#8212;&#8212;&#8212;&#8212;Directeur des laboratoires * Mansour Mahmoud Mohamed&#8212;&#8212;&#8212;&#8212;&#8212;&#8211;Laboratoire de mat\u00e9riel p\u00e9dagogique *Farag Nasr Alla Abd El- Sadek&#8212;&#8212;&#8212;&#8212;&#8211; &#8212;-Laboratoire de mat\u00e9riel p\u00e9dagogique * Saied Omran [&hellip;]<\/p>\n","protected":false},"author":2,"featured_media":0,"parent":0,"menu_order":0,"comment_status":"closed","ping_status":"closed","template":"","meta":[],"_links":{"self":[{"href":"http:\/\/www.svu.edu.eg\/faculties\/edu\/wp-json\/wp\/v2\/pages\/7295"}],"collection":[{"href":"http:\/\/www.svu.edu.eg\/faculties\/edu\/wp-json\/wp\/v2\/pages"}],"about":[{"href":"http:\/\/www.svu.edu.eg\/faculties\/edu\/wp-json\/wp\/v2\/types\/page"}],"author":[{"embeddable":true,"href":"http:\/\/www.svu.edu.eg\/faculties\/edu\/wp-json\/wp\/v2\/users\/2"}],"replies":[{"embeddable":true,"href":"http:\/\/www.svu.edu.eg\/faculties\/edu\/wp-json\/wp\/v2\/comments?post=7295"}],"version-history":[{"count":3,"href":"http:\/\/www.svu.edu.eg\/faculties\/edu\/wp-json\/wp\/v2\/pages\/7295\/revisions"}],"predecessor-version":[{"id":7394,"href":"http:\/\/www.svu.edu.eg\/faculties\/edu\/wp-json\/wp\/v2\/pages\/7295\/revisions\/7394"}],"wp:attachment":[{"href":"http:\/\/www.svu.edu.eg\/faculties\/edu\/wp-json\/wp\/v2\/media?parent=7295"}],"curies":[{"name":"wp","href":"https:\/\/api.w.org\/{rel}","templated":true}]}}