{"id":12674,"date":"2021-12-14T10:16:49","date_gmt":"2021-12-14T10:16:49","guid":{"rendered":"http:\/\/www.svu.edu.eg\/faculties\/edu\/?page_id=12674"},"modified":"2021-12-14T10:16:49","modified_gmt":"2021-12-14T10:16:49","slug":"services","status":"publish","type":"page","link":"http:\/\/www.svu.edu.eg\/faculties\/edu\/fr\/protection-de-la-jeunesse\/services\/","title":{"rendered":"Services"},"content":{"rendered":"<p><span style=\"font-size: 14pt;\"><strong>D&#8217;abord: Les services sociaux\u00a0 \u00a0<\/strong> \u00a0\u00a0<\/span><\/p>\n<p><span style=\"font-size: 14pt;\">Les services sociaux fournissent une assistance aux \u00e9tudiants du Fonds de solidarit\u00e9 sociale apr\u00e8s avoir obtenu un formulaire d\u2019un travailleur social de la facult\u00e9 avec la documentation n\u00e9cessaire.<\/span><\/p>\n<p><strong><span style=\"font-size: 14pt;\">Les conditions n\u00e9cessaires \u00e0 l&#8217;obtention de l&#8217;assistance:-<\/span><\/strong><\/p>\n<p><span style=\"font-size: 14pt;\">Les donn\u00e9es du salaire du p\u00e8re de l\u2019\u00e9tudiant s\u2019il est un employ\u00e9.<\/span><br \/>\n<span style=\"font-size: 14pt;\">Possession agricole du p\u00e8re d\u2019un \u00e9tudiant s\u2019il est paysan<\/span><br \/>\n<span style=\"font-size: 14pt;\">Certificat de gestion si le p\u00e8re de l\u2019\u00e9tudiant travaille comme entrepreneur.<\/span><\/p>\n<p><span style=\"font-size: 14pt;\"><strong>Deuxi\u00e8mement: Activit\u00e9 culturelle\u00a0<\/strong><\/span><\/p>\n<p><span style=\"font-size: 14pt;\">L\u2019activit\u00e9 culturelle d\u00e9veloppe des talents cr\u00e9atifs de l\u2019\u00e9tudiant dans divers domaines, notamment la po\u00e9sie, la nouvelle, le th\u00e9\u00e2tre et les journaux muraux, ainsi que des s\u00e9minaires culturels en po\u00e9sie et en litt\u00e9rature.<\/span><\/p>\n<p><span style=\"font-size: 14pt;\"><strong>Troisi\u00e8mement: Activit\u00e9 artistique<\/strong><\/span><\/p>\n<p><span style=\"font-size: 14pt;\">L\u2019administration de la protection de la jeunesse soutient de nombreuses activit\u00e9s artistiques pour d\u00e9velopper le talent des \u00e9tudiants et organise des concours d\u2019encouragement pour les \u00e9tudiants dans diff\u00e9rents arts musicaux, tels que les troubles individuels et le chant choral. Elle organise \u00e9galement diverses expositions d\u2019art mettant en vedette les arts plastiques et la photographie, et encourage les \u00e9tudiants \u00e0 se produire en th\u00e9\u00e2tre gr\u00e2ce \u00e0 son parrainage de pi\u00e8ces de th\u00e9\u00e2tre par les \u00e9tudiants.<\/span><\/p>\n<p><span style=\"font-size: 14pt;\"><strong>Quatri\u00e8mement: Activit\u00e9 sportive\u00a0<\/strong><\/span><\/p>\n<p><span style=\"font-size: 14pt;\">L&#8217;administration de la protection de la jeunesse joue un r\u00f4le majeur en encourageant les \u00e9tudiants \u00e0 participer \u00e0 des comp\u00e9titions dans le domaine sportif par le d\u00e9veloppement de programmes sportifs dans divers jeux, l\u2019organisation de comp\u00e9titions sportives dans le football et divers jeux entre les d\u00e9partements de la facult\u00e9, ainsi qu\u2019entre les \u00e9tudiants de la facult\u00e9 et d\u2019autres facult\u00e9s ainsi que les organismes locaux, et l\u2019inscription des \u00e9tudiants participant \u00e0 divers sports.<\/span><\/p>\n<p><span style=\"font-size: 14pt;\"><strong>Cinqui\u00e8mement: Activit\u00e9 familiale<\/strong><\/span><\/p>\n<p><span style=\"font-size: 14pt;\">L&#8217;administration de la protection de la jeunesse s&#8217;int\u00e9resse des familles supervis\u00e9es par les membres du corps professoral, qui visent \u00e0 d\u00e9velopper un esprit de coop\u00e9ration entre les \u00e9tudiants dans le domaine social, \u00e0 stimuler une concurrence d\u00e9cente entre les \u00e9tudiants \u00e0 travers la mise en place de nombreuses activit\u00e9s artistiques, sportives et culturelles, et de faire des voyages r\u00e9cr\u00e9atifs pour les \u00e9tudiants.<\/span><\/p>\n<p>&nbsp;<\/p>\n","protected":false},"excerpt":{"rendered":"<p>D&#8217;abord: Les services sociaux\u00a0 \u00a0 \u00a0\u00a0 Les services sociaux fournissent une assistance aux \u00e9tudiants du Fonds de solidarit\u00e9 sociale apr\u00e8s avoir obtenu un formulaire d\u2019un travailleur social de la facult\u00e9 [&hellip;]<\/p>\n","protected":false},"author":2,"featured_media":0,"parent":7289,"menu_order":0,"comment_status":"closed","ping_status":"closed","template":"","meta":[],"_links":{"self":[{"href":"http:\/\/www.svu.edu.eg\/faculties\/edu\/wp-json\/wp\/v2\/pages\/12674"}],"collection":[{"href":"http:\/\/www.svu.edu.eg\/faculties\/edu\/wp-json\/wp\/v2\/pages"}],"about":[{"href":"http:\/\/www.svu.edu.eg\/faculties\/edu\/wp-json\/wp\/v2\/types\/page"}],"author":[{"embeddable":true,"href":"http:\/\/www.svu.edu.eg\/faculties\/edu\/wp-json\/wp\/v2\/users\/2"}],"replies":[{"embeddable":true,"href":"http:\/\/www.svu.edu.eg\/faculties\/edu\/wp-json\/wp\/v2\/comments?post=12674"}],"version-history":[{"count":1,"href":"http:\/\/www.svu.edu.eg\/faculties\/edu\/wp-json\/wp\/v2\/pages\/12674\/revisions"}],"predecessor-version":[{"id":12675,"href":"http:\/\/www.svu.edu.eg\/faculties\/edu\/wp-json\/wp\/v2\/pages\/12674\/revisions\/12675"}],"up":[{"embeddable":true,"href":"http:\/\/www.svu.edu.eg\/faculties\/edu\/wp-json\/wp\/v2\/pages\/7289"}],"wp:attachment":[{"href":"http:\/\/www.svu.edu.eg\/faculties\/edu\/wp-json\/wp\/v2\/media?parent=12674"}],"curies":[{"name":"wp","href":"https:\/\/api.w.org\/{rel}","templated":true}]}}