{"id":1543,"date":"2021-12-16T09:07:24","date_gmt":"2021-12-16T09:07:24","guid":{"rendered":"http:\/\/www.svu.edu.eg\/faculties\/dent\/?page_id=1543"},"modified":"2021-12-16T09:07:30","modified_gmt":"2021-12-16T09:07:30","slug":"fonctions-de-gestion","status":"publish","type":"page","link":"http:\/\/www.svu.edu.eg\/faculties\/dent\/fr\/les-tresoreries-et-engagements\/fonctions-de-gestion\/","title":{"rendered":"Fonctions de gestion"},"content":{"rendered":"<ul>\n<li>R\u00e9glementer la r\u00e9ception, la bonne coordination et l\u2019entreposage des articles achet\u00e9s ou import\u00e9s localement, en tenant compte de la facilit\u00e9 de circulation et de manutention.<\/li>\n<li>Contr\u00f4le de la conservation des documents et des livres de valeur.<\/li>\n<li>Organiser la r\u00e9ception des articles usag\u00e9s et des pr\u00eatres et assurer le suivi de la mise en \u0153uvre des instructions \u00e9mises.<\/li>\n<li>Assurer le suivi de la sortie des articles des magasins et de la r\u00e9ception des articles cons\u00e9cutifs.<\/li>\n<li>Examen des proc\u00e9dures subsidiaires et personnelles en vertu du Pacte et de leurs proc\u00e9dures de transfert ou de tout changement \u00e0 celles-ci.<\/li>\n<li>Participation aux comit\u00e9s d\u2019inventaire, compilation des inventaires annuels et action.<\/li>\n<li>Le paiement de la position des communications entrantes a \u00e9t\u00e9 le premier \u00e0 relancer les contr\u00f4les, les op\u00e9rations et les proc\u00e9dures de stockage.<\/li>\n<li>R\u00e9ception et inspection de tous les articles re\u00e7us conform\u00e9ment aux ordres d\u2019assistance \u00e9mis.<\/li>\n<li>Ajouter les quantit\u00e9s d\u2019articles \u00e0 la Convention, \u00e9changer et conserver les cartes et les livres d\u2019articles et s\u2019assurer que les soldes des articles entrepos\u00e9s sont identiques.<\/li>\n<\/ul>\n","protected":false},"excerpt":{"rendered":"<p>R\u00e9glementer la r\u00e9ception, la bonne coordination et l\u2019entreposage des articles achet\u00e9s ou import\u00e9s localement, en tenant compte de la facilit\u00e9 de circulation et de manutention. Contr\u00f4le de la conservation des [&hellip;]<\/p>\n","protected":false},"author":1,"featured_media":0,"parent":1147,"menu_order":0,"comment_status":"closed","ping_status":"closed","template":"","meta":[],"_links":{"self":[{"href":"http:\/\/www.svu.edu.eg\/faculties\/dent\/wp-json\/wp\/v2\/pages\/1543"}],"collection":[{"href":"http:\/\/www.svu.edu.eg\/faculties\/dent\/wp-json\/wp\/v2\/pages"}],"about":[{"href":"http:\/\/www.svu.edu.eg\/faculties\/dent\/wp-json\/wp\/v2\/types\/page"}],"author":[{"embeddable":true,"href":"http:\/\/www.svu.edu.eg\/faculties\/dent\/wp-json\/wp\/v2\/users\/1"}],"replies":[{"embeddable":true,"href":"http:\/\/www.svu.edu.eg\/faculties\/dent\/wp-json\/wp\/v2\/comments?post=1543"}],"version-history":[{"count":1,"href":"http:\/\/www.svu.edu.eg\/faculties\/dent\/wp-json\/wp\/v2\/pages\/1543\/revisions"}],"predecessor-version":[{"id":1544,"href":"http:\/\/www.svu.edu.eg\/faculties\/dent\/wp-json\/wp\/v2\/pages\/1543\/revisions\/1544"}],"up":[{"embeddable":true,"href":"http:\/\/www.svu.edu.eg\/faculties\/dent\/wp-json\/wp\/v2\/pages\/1147"}],"wp:attachment":[{"href":"http:\/\/www.svu.edu.eg\/faculties\/dent\/wp-json\/wp\/v2\/media?parent=1543"}],"curies":[{"name":"wp","href":"https:\/\/api.w.org\/{rel}","templated":true}]}}