{"id":1153,"date":"2020-12-27T07:50:18","date_gmt":"2020-12-27T07:50:18","guid":{"rendered":"http:\/\/www.svu.edu.eg\/faculties\/dent\/?page_id=1153"},"modified":"2021-01-31T09:58:08","modified_gmt":"2021-01-31T09:58:08","slug":"la-bibliotheque","status":"publish","type":"page","link":"http:\/\/www.svu.edu.eg\/faculties\/dent\/fr\/la-bibliotheque\/","title":{"rendered":"La biblioth\u00e8que"},"content":{"rendered":"<p><strong>Directeur :<\/strong><\/p>\n<p>M\/ Safaa Hessen Ali Hessen<\/p>\n<p>Tel : 01122606374<\/p>\n<p><strong>Fonction d&#8217;administration :<\/strong><\/p>\n<ul>\n<li>Prestation de services de bureau pour la recherche par le personnel enseignant, les \u00e9tudiants de troisi\u00e8me cycle et de premier cycle et d\u2019autres personnes d\u00e9termin\u00e9es par les r\u00e8glements internes.<\/li>\n<li>L\u2019\u00e9change et le d\u00e9vouement culturel dans les publications universitaires avec d\u2019autres organismes<\/li>\n<li>Faciliter l\u2019acquisition de r\u00e9f\u00e9rences que les biblioth\u00e8ques de l\u2019Universit\u00e9 ne sont pas en mesure d\u2019acqu\u00e9rir et fournir \u00e0 la salle de lecture de nouveaux mat\u00e9riaux et r\u00e9f\u00e9rences scientifiques<\/li>\n<li>Compilation de lettres scientifiques pour les dipl\u00f4mes de ma\u00eetrise et de doctorat en deux exemplaires de chaque lettre, plus six exemplaires.<\/li>\n<li>Les op\u00e9rations techniques des fonds de la biblioth\u00e8que.<\/li>\n<li>Prestation de services audiovisuels aux personnes qui fr\u00e9quentent la Biblioth\u00e8que.<\/li>\n<li>Service de photos pour les publications des biblioth\u00e8ques.<\/li>\n<\/ul>\n<ul>\n<li>Services automatis\u00e9s de recherche d\u2019acquisitions \u00e0 l\u2019aide du syst\u00e8me de r\u00e9ception automatis\u00e9e.<\/li>\n<\/ul>\n","protected":false},"excerpt":{"rendered":"<p>Directeur : M\/ Safaa Hessen Ali Hessen Tel : 01122606374 Fonction d&#8217;administration : Prestation de services de bureau pour la recherche par le personnel enseignant, les \u00e9tudiants de troisi\u00e8me cycle [&hellip;]<\/p>\n","protected":false},"author":1,"featured_media":0,"parent":0,"menu_order":0,"comment_status":"closed","ping_status":"closed","template":"","meta":[],"_links":{"self":[{"href":"http:\/\/www.svu.edu.eg\/faculties\/dent\/wp-json\/wp\/v2\/pages\/1153"}],"collection":[{"href":"http:\/\/www.svu.edu.eg\/faculties\/dent\/wp-json\/wp\/v2\/pages"}],"about":[{"href":"http:\/\/www.svu.edu.eg\/faculties\/dent\/wp-json\/wp\/v2\/types\/page"}],"author":[{"embeddable":true,"href":"http:\/\/www.svu.edu.eg\/faculties\/dent\/wp-json\/wp\/v2\/users\/1"}],"replies":[{"embeddable":true,"href":"http:\/\/www.svu.edu.eg\/faculties\/dent\/wp-json\/wp\/v2\/comments?post=1153"}],"version-history":[{"count":2,"href":"http:\/\/www.svu.edu.eg\/faculties\/dent\/wp-json\/wp\/v2\/pages\/1153\/revisions"}],"predecessor-version":[{"id":1189,"href":"http:\/\/www.svu.edu.eg\/faculties\/dent\/wp-json\/wp\/v2\/pages\/1153\/revisions\/1189"}],"wp:attachment":[{"href":"http:\/\/www.svu.edu.eg\/faculties\/dent\/wp-json\/wp\/v2\/media?parent=1153"}],"curies":[{"name":"wp","href":"https:\/\/api.w.org\/{rel}","templated":true}]}}