{"id":1135,"date":"2020-12-27T07:18:16","date_gmt":"2020-12-27T07:18:16","guid":{"rendered":"http:\/\/www.svu.edu.eg\/faculties\/dent\/?page_id=1135"},"modified":"2021-01-26T07:39:28","modified_gmt":"2021-01-26T07:39:28","slug":"bureau-du-doyen","status":"publish","type":"page","link":"http:\/\/www.svu.edu.eg\/faculties\/dent\/fr\/bureau-du-doyen\/","title":{"rendered":"Bureau du doyen"},"content":{"rendered":"<p>Directeur<\/p>\n<p>M\/ Esraa Gmal El-deen Ahmed<\/p>\n<p>Tel\/ 01060702626<\/p>\n<p><img decoding=\"async\" loading=\"lazy\" class=\"aligncenter\" src=\"http:\/\/www.svu.edu.eg\/faculties\/dent\/wp-content\/uploads\/2020\/01\/00-4.jpg\" width=\"173\" height=\"243\"><\/p>\n\n\n<p style=\"text-align:left\"><strong> Fonctions de gestion\u00a0:<\/strong><\/p>\n\n\n\n<p style=\"text-align:left\">\u2022 Supervision du Bureau du Provost, organisation de ses activit\u00e9s et proc\u00e9dures et mise \u00e0 jour de ses dossiers.<\/p>\n\n\n\n<p style=\"text-align:left\">\u2022 Superviser la mise en \u0153uvre des d\u00e9cisions administratives et des mandats \u00e9mis par le Bureau du Pr\u00e9v\u00f4t.<\/p>\n\n\n\n<p style=\"text-align:left\">\u2022 \u00c9tude et pr\u00e9sentation des sujets re\u00e7us par le Bureau du professeur Dr. Dean et suivi des sujets trait\u00e9s par le Bureau.<\/p>\n\n\n\n<p style=\"text-align:left\">\u2022 Pr\u00e9sentation et mise en \u0153uvre de sujets confidentiels, comme indiqu\u00e9 par la pr\u00e9servation et le renvoi \u00e0 l\u2019autorit\u00e9 comp\u00e9tente et le suivi.<\/p>\n\n\n\n<p style=\"text-align:left\">\u2022 Effectuer tout le travail demand\u00e9 par le doyen du Coll\u00e8ge.<\/p>\n\n\n\n<p style=\"text-align:left\">\u2022 Assurer le suivi de la mise en \u0153uvre des instructions et des approbations du professeur Dr Dean de la Facult\u00e9 sur les notes et les sujets soumis \u00e0 Sa Seigneurie.<\/p>\n\n\n\n<p style=\"text-align:left\">\u2022 Assurer le suivi des bureaux des vice-pr\u00e9sidents et des agents pour organiser des r\u00e9unions et des entrevues avec le professeur Dr Dean du Coll\u00e8ge.<br><\/p>\n","protected":false},"excerpt":{"rendered":"<p>Directeur M\/ Esraa Gmal El-deen Ahmed Tel\/ 01060702626 Fonctions de gestion\u00a0: \u2022 Supervision du Bureau du Provost, organisation de ses activit\u00e9s et proc\u00e9dures et mise \u00e0 jour de ses dossiers. [&hellip;]<\/p>\n","protected":false},"author":1,"featured_media":0,"parent":0,"menu_order":0,"comment_status":"closed","ping_status":"closed","template":"","meta":[],"_links":{"self":[{"href":"http:\/\/www.svu.edu.eg\/faculties\/dent\/wp-json\/wp\/v2\/pages\/1135"}],"collection":[{"href":"http:\/\/www.svu.edu.eg\/faculties\/dent\/wp-json\/wp\/v2\/pages"}],"about":[{"href":"http:\/\/www.svu.edu.eg\/faculties\/dent\/wp-json\/wp\/v2\/types\/page"}],"author":[{"embeddable":true,"href":"http:\/\/www.svu.edu.eg\/faculties\/dent\/wp-json\/wp\/v2\/users\/1"}],"replies":[{"embeddable":true,"href":"http:\/\/www.svu.edu.eg\/faculties\/dent\/wp-json\/wp\/v2\/comments?post=1135"}],"version-history":[{"count":2,"href":"http:\/\/www.svu.edu.eg\/faculties\/dent\/wp-json\/wp\/v2\/pages\/1135\/revisions"}],"predecessor-version":[{"id":1184,"href":"http:\/\/www.svu.edu.eg\/faculties\/dent\/wp-json\/wp\/v2\/pages\/1135\/revisions\/1184"}],"wp:attachment":[{"href":"http:\/\/www.svu.edu.eg\/faculties\/dent\/wp-json\/wp\/v2\/media?parent=1135"}],"curies":[{"name":"wp","href":"https:\/\/api.w.org\/{rel}","templated":true}]}}