{"id":7204,"date":"2021-12-11T09:42:39","date_gmt":"2021-12-11T09:42:39","guid":{"rendered":"http:\/\/www.svu.edu.eg\/faculties\/com\/?page_id=7204"},"modified":"2021-12-11T19:48:51","modified_gmt":"2021-12-11T19:48:51","slug":"definition-de-la-gestion","status":"publish","type":"page","link":"http:\/\/www.svu.edu.eg\/faculties\/com\/fr\/ressources-humaines\/definition-de-la-gestion\/","title":{"rendered":"D\u00e9finition de la gestion"},"content":{"rendered":"<ul>\n<li><span style=\"font-size: 14pt;\">Les affaires du personnel de la Facult\u00e9 de Commerce de Qena ont \u00e9t\u00e9 \u00e9tablies au cours de l\u2019ann\u00e9e acad\u00e9mique 2000\/2001 conform\u00e9ment aux r\u00e8gles de proc\u00e9dure du Coll\u00e8ge de Commerce de Sohag.<\/span><\/li>\n<li><span style=\"font-size: 14pt;\">Le d\u00e9cret r\u00e9publicain no 29 de 2006, adopt\u00e9 par le Federal College of Commerce, a \u00e9t\u00e9 adopt\u00e9 et plusieurs d\u00e9cisions ont par la suite \u00e9t\u00e9 rendues par le Conseil de l\u2019Universit\u00e9 de la Vall\u00e9e du Sud.<\/span><\/li>\n<\/ul>\n","protected":false},"excerpt":{"rendered":"<p>Les affaires du personnel de la Facult\u00e9 de Commerce de Qena ont \u00e9t\u00e9 \u00e9tablies au cours de l\u2019ann\u00e9e acad\u00e9mique 2000\/2001 conform\u00e9ment aux r\u00e8gles de proc\u00e9dure du Coll\u00e8ge de Commerce de [&hellip;]<\/p>\n","protected":false},"author":2,"featured_media":0,"parent":4829,"menu_order":0,"comment_status":"closed","ping_status":"closed","template":"","meta":[],"_links":{"self":[{"href":"http:\/\/www.svu.edu.eg\/faculties\/com\/wp-json\/wp\/v2\/pages\/7204"}],"collection":[{"href":"http:\/\/www.svu.edu.eg\/faculties\/com\/wp-json\/wp\/v2\/pages"}],"about":[{"href":"http:\/\/www.svu.edu.eg\/faculties\/com\/wp-json\/wp\/v2\/types\/page"}],"author":[{"embeddable":true,"href":"http:\/\/www.svu.edu.eg\/faculties\/com\/wp-json\/wp\/v2\/users\/2"}],"replies":[{"embeddable":true,"href":"http:\/\/www.svu.edu.eg\/faculties\/com\/wp-json\/wp\/v2\/comments?post=7204"}],"version-history":[{"count":2,"href":"http:\/\/www.svu.edu.eg\/faculties\/com\/wp-json\/wp\/v2\/pages\/7204\/revisions"}],"predecessor-version":[{"id":7265,"href":"http:\/\/www.svu.edu.eg\/faculties\/com\/wp-json\/wp\/v2\/pages\/7204\/revisions\/7265"}],"up":[{"embeddable":true,"href":"http:\/\/www.svu.edu.eg\/faculties\/com\/wp-json\/wp\/v2\/pages\/4829"}],"wp:attachment":[{"href":"http:\/\/www.svu.edu.eg\/faculties\/com\/wp-json\/wp\/v2\/media?parent=7204"}],"curies":[{"name":"wp","href":"https:\/\/api.w.org\/{rel}","templated":true}]}}