{"id":4871,"date":"2020-12-19T11:29:46","date_gmt":"2020-12-19T11:29:46","guid":{"rendered":"http:\/\/www.svu.edu.eg\/faculties\/com\/?page_id=4871"},"modified":"2020-12-19T11:30:02","modified_gmt":"2020-12-19T11:30:02","slug":"reunions","status":"publish","type":"page","link":"http:\/\/www.svu.edu.eg\/faculties\/com\/fr\/services-electronique\/reunions\/","title":{"rendered":"R\u00e9unions"},"content":{"rendered":"<p>Les r\u00e9unions du gestionnaire d\u2019unit\u00e9, le Dr Ahmed Bakhit Mohamed Al Ansari, avec le personnel de l\u2019unit\u00e9 ont lieu p\u00e9riodiquement pour discuter des exigences \u00e9lectroniques pour chaque trimestre et pour discuter des fa\u00e7ons de d\u00e9velopper la fa\u00e7on de travailler avec l\u2019unit\u00e9 pour s\u2019assurer que ses services atteignent tous les b\u00e9n\u00e9ficiaires .<\/p>\n","protected":false},"excerpt":{"rendered":"<p>Les r\u00e9unions du gestionnaire d\u2019unit\u00e9, le Dr Ahmed Bakhit Mohamed Al Ansari, avec le personnel de l\u2019unit\u00e9 ont lieu p\u00e9riodiquement pour discuter des exigences \u00e9lectroniques pour chaque trimestre et pour [&hellip;]<\/p>\n","protected":false},"author":2,"featured_media":0,"parent":4855,"menu_order":0,"comment_status":"closed","ping_status":"closed","template":"","meta":[],"_links":{"self":[{"href":"http:\/\/www.svu.edu.eg\/faculties\/com\/wp-json\/wp\/v2\/pages\/4871"}],"collection":[{"href":"http:\/\/www.svu.edu.eg\/faculties\/com\/wp-json\/wp\/v2\/pages"}],"about":[{"href":"http:\/\/www.svu.edu.eg\/faculties\/com\/wp-json\/wp\/v2\/types\/page"}],"author":[{"embeddable":true,"href":"http:\/\/www.svu.edu.eg\/faculties\/com\/wp-json\/wp\/v2\/users\/2"}],"replies":[{"embeddable":true,"href":"http:\/\/www.svu.edu.eg\/faculties\/com\/wp-json\/wp\/v2\/comments?post=4871"}],"version-history":[{"count":1,"href":"http:\/\/www.svu.edu.eg\/faculties\/com\/wp-json\/wp\/v2\/pages\/4871\/revisions"}],"predecessor-version":[{"id":4872,"href":"http:\/\/www.svu.edu.eg\/faculties\/com\/wp-json\/wp\/v2\/pages\/4871\/revisions\/4872"}],"up":[{"embeddable":true,"href":"http:\/\/www.svu.edu.eg\/faculties\/com\/wp-json\/wp\/v2\/pages\/4855"}],"wp:attachment":[{"href":"http:\/\/www.svu.edu.eg\/faculties\/com\/wp-json\/wp\/v2\/media?parent=4871"}],"curies":[{"name":"wp","href":"https:\/\/api.w.org\/{rel}","templated":true}]}}