{"id":4858,"date":"2020-12-19T11:05:33","date_gmt":"2020-12-19T11:05:33","guid":{"rendered":"http:\/\/www.svu.edu.eg\/faculties\/com\/?page_id=4858"},"modified":"2020-12-19T11:05:39","modified_gmt":"2020-12-19T11:05:39","slug":"mot-de-directeur","status":"publish","type":"page","link":"http:\/\/www.svu.edu.eg\/faculties\/com\/fr\/services-electronique\/mot-de-directeur\/","title":{"rendered":"Mot de directeur"},"content":{"rendered":"<div class=\"search-main-wrap search-long\">\n<div class=\"translation-wrap clearfix\">\n<div class=\"right-side-wrap\">\n<div id=\"trtext\">L\u2019Unit\u00e9 des services \u00e9lectroniques de la Facult\u00e9 de commerce fournit toutes les technologies de l\u2019information n\u00e9cessaires par l\u2019entremise des syst\u00e8mes d\u2019information administrative, de l\u2019enseignement \u00e9lectronique, des r\u00e9seaux, de la maintenance, de la passerelle \u00e9lectronique et de la biblioth\u00e8que num\u00e9rique. ainsi que toute autre t\u00e2che assign\u00e9e \u00e0 l\u2019unit\u00e9 pour servir la facult\u00e9 et l\u2019universit\u00e9. L\u2019\u00e9quipe s\u2019engage \u00e0 tout mettre en \u0153uvre pour y parvenir.<\/div>\n<\/div>\n<\/div>\n<div>Directeur<\/div>\n<div>Dr \/ Ahmed Bakhit Mohamed Al Ansary<\/div>\n<\/div>\n<div class=\"newsearch vertical dnone\">\n<div class=\"leftpart\"><\/div>\n<\/div>\n","protected":false},"excerpt":{"rendered":"<p>L\u2019Unit\u00e9 des services \u00e9lectroniques de la Facult\u00e9 de commerce fournit toutes les technologies de l\u2019information n\u00e9cessaires par l\u2019entremise des syst\u00e8mes d\u2019information administrative, de l\u2019enseignement \u00e9lectronique, des r\u00e9seaux, de la maintenance, [&hellip;]<\/p>\n","protected":false},"author":2,"featured_media":0,"parent":4855,"menu_order":0,"comment_status":"closed","ping_status":"closed","template":"","meta":[],"_links":{"self":[{"href":"http:\/\/www.svu.edu.eg\/faculties\/com\/wp-json\/wp\/v2\/pages\/4858"}],"collection":[{"href":"http:\/\/www.svu.edu.eg\/faculties\/com\/wp-json\/wp\/v2\/pages"}],"about":[{"href":"http:\/\/www.svu.edu.eg\/faculties\/com\/wp-json\/wp\/v2\/types\/page"}],"author":[{"embeddable":true,"href":"http:\/\/www.svu.edu.eg\/faculties\/com\/wp-json\/wp\/v2\/users\/2"}],"replies":[{"embeddable":true,"href":"http:\/\/www.svu.edu.eg\/faculties\/com\/wp-json\/wp\/v2\/comments?post=4858"}],"version-history":[{"count":1,"href":"http:\/\/www.svu.edu.eg\/faculties\/com\/wp-json\/wp\/v2\/pages\/4858\/revisions"}],"predecessor-version":[{"id":4859,"href":"http:\/\/www.svu.edu.eg\/faculties\/com\/wp-json\/wp\/v2\/pages\/4858\/revisions\/4859"}],"up":[{"embeddable":true,"href":"http:\/\/www.svu.edu.eg\/faculties\/com\/wp-json\/wp\/v2\/pages\/4855"}],"wp:attachment":[{"href":"http:\/\/www.svu.edu.eg\/faculties\/com\/wp-json\/wp\/v2\/media?parent=4858"}],"curies":[{"name":"wp","href":"https:\/\/api.w.org\/{rel}","templated":true}]}}