{"id":3448,"date":"2020-12-10T13:19:02","date_gmt":"2020-12-10T11:19:02","guid":{"rendered":"http:\/\/www.svu.edu.eg\/faculties\/art\/?page_id=3448"},"modified":"2021-12-09T12:30:17","modified_gmt":"2021-12-09T10:30:17","slug":"homepage_fr","status":"publish","type":"page","link":"http:\/\/www.svu.edu.eg\/faculties\/art\/fr\/homepage_fr\/","title":{"rendered":"Homepage_fr"},"content":{"rendered":"<div id=\"pl-3448\"  class=\"panel-layout panel-is-rtl\" ><div id=\"pg-3448-0\"  class=\"panel-grid panel-no-style\" ><div id=\"pgc-3448-0-0\"  class=\"panel-grid-cell panel-grid-cell-empty\" ><\/div><\/div><div id=\"pg-3448-1\"  class=\"panel-grid panel-has-style\" ><div class=\"wide-grey siteorigin-panels-stretch panel-row-style panel-row-style-for-3448-1\" data-stretch-type=\"full\" ><div id=\"pgc-3448-1-0\"  class=\"panel-grid-cell\" ><div id=\"panel-3448-1-0-0\" class=\"so-panel widget widget_headline-widget panel-first-child panel-last-child\" data-index=\"0\" ><div class=\"panel-widget-style panel-widget-style-for-3448-1-0-0\" >\t\t<h1>La facult\u00e9 des lettres accueille de nouveaux \u00e9tudiants<\/h1>\n\t\t<div class=\"decoration\"><div class=\"decoration-inside\"><\/div><\/div>\n\t\t<h3><\/h3>\n\t\t<\/div><\/div><\/div><\/div><\/div><div id=\"pg-3448-2\"  class=\"panel-grid panel-no-style\" ><div id=\"pgc-3448-2-0\"  class=\"panel-grid-cell\" ><div id=\"panel-3448-2-0-0\" class=\"so-panel widget widget_siteorigin-panels-postloop panel-first-child\" data-index=\"1\" ><div class=\"panel-widget-style panel-widget-style-for-3448-2-0-0\" ><h3 class=\"widget-title\">Derni\u00e8res nouvelles<\/h3>\n<article id=\"post-6356\" class=\"post-6356 post type-post status-publish format-standard has-post-thumbnail hentry category-news_fr post-with-thumbnail post-with-thumbnail-icon\">\n\n\t\t\t<div class=\"entry-thumbnail\">\n\t\t\t<a href=\"http:\/\/www.svu.edu.eg\/faculties\/art\/fr\/recteur-de-luniversite-tient-une-session-pour-discuter-le-systeme-electronique-de-taches-administratives-a-luniversite\/\"><img width=\"200\" height=\"133\" src=\"http:\/\/www.svu.edu.eg\/faculties\/art\/wp-content\/uploads\/2021\/12\/\u0645\u0633\u06434-1024x6821-200x133.jpg\" class=\"attachment-thumbnail size-thumbnail wp-post-image\" alt=\"\" decoding=\"async\" loading=\"lazy\" srcset=\"http:\/\/www.svu.edu.eg\/faculties\/art\/wp-content\/uploads\/2021\/12\/\u0645\u0633\u06434-1024x6821-200x133.jpg 200w, http:\/\/www.svu.edu.eg\/faculties\/art\/wp-content\/uploads\/2021\/12\/\u0645\u0633\u06434-1024x6821-300x200.jpg 300w, http:\/\/www.svu.edu.eg\/faculties\/art\/wp-content\/uploads\/2021\/12\/\u0645\u0633\u06434-1024x6821-768x512.jpg 768w, http:\/\/www.svu.edu.eg\/faculties\/art\/wp-content\/uploads\/2021\/12\/\u0645\u0633\u06434-1024x6821.jpg 1024w, http:\/\/www.svu.edu.eg\/faculties\/art\/wp-content\/uploads\/2021\/12\/\u0645\u0633\u06434-1024x6821-272x182.jpg 272w\" sizes=\"(max-width: 200px) 100vw, 200px\" \/><\/a>\n\t\t<\/div>\n\t\n\t<div class=\"entry-main\">\n\n\t\t\n\t\t<header class=\"entry-header\">\n\t\t\t\n\t\t\t<h1 class=\"entry-title\"><a href=\"http:\/\/www.svu.edu.eg\/faculties\/art\/fr\/recteur-de-luniversite-tient-une-session-pour-discuter-le-systeme-electronique-de-taches-administratives-a-luniversite\/\" title=\"Permalink to Recteur de l&#8217;Universit\u00e9 tient une session pour discuter le syst\u00e8me \u00e9lectronique de t\u00e2ches administratives \u00e0 l&#8217;Universit\u00e9\" rel=\"bookmark\">Recteur de l&#8217;Universit\u00e9 tient une session pour discuter le syst\u00e8me \u00e9lectronique de t\u00e2ches administratives \u00e0 l&#8217;Universit\u00e9<\/a><\/h1>\n\n\t\t\t\t\t\t\t<div class=\"entry-meta\">\n\t\t\t\t\tPosted on <a href=\"http:\/\/www.svu.edu.eg\/faculties\/art\/fr\/recteur-de-luniversite-tient-une-session-pour-discuter-le-systeme-electronique-de-taches-administratives-a-luniversite\/\" title=\"12:35 \u0645\" rel=\"bookmark\"><time class=\"entry-date\" datetime=\"2021-12-09T12:35:32+02:00\">\u062f\u064a\u0633\u0645\u0628\u0631 9, 2021<\/time><\/a><time class=\"updated\" datetime=\"2021-12-09T12:38:01+02:00\">\u062f\u064a\u0633\u0645\u0628\u0631 9, 2021<\/time>  \t\t\t\t<\/div><!-- .entry-meta -->\n\t\t\t\n\t\t<\/header><!-- .entry-header -->\n\n\t\t\t\t\t<div class=\"entry-content\">\n\t\t\t\t<p>Dr. Youssef Gharabawy, recteur de l&#8217;Universit\u00e9 du Sud de la Vall\u00e9e a tenu une session, en pr\u00e9sence du dr. Ahmed Nassary, vice-recteur de l&#8217;Universit\u00e9 pour le service communautaire et le [&hellip;]<\/p>\n\t\t\t\t\t\t\t\t<a class=\"more-link\" href=\"http:\/\/www.svu.edu.eg\/faculties\/art\/fr\/recteur-de-luniversite-tient-une-session-pour-discuter-le-systeme-electronique-de-taches-administratives-a-luniversite\/\">\u0627\u0644\u0645\u0632\u064a\u062f<span class=\"meta-nav\">&rarr;<\/span><\/a>\t\t\t\t\t\t\t<\/div><!-- .entry-content -->\n\t\t\n\t\t\n\t<\/div>\n\n<\/article><!-- #post-6356 -->\n\n<article id=\"post-4891\" class=\"post-4891 post type-post status-publish format-standard has-post-thumbnail hentry category-news_fr post-with-thumbnail post-with-thumbnail-icon\">\n\n\t\t\t<div class=\"entry-thumbnail\">\n\t\t\t<a href=\"http:\/\/www.svu.edu.eg\/faculties\/art\/fr\/recteur-de-luniversite-felicite-le-president-de-legypte-abdel-fattah-al-sissi-a-loccasion-de-la-fete-du-travail\/\"><img width=\"125\" height=\"150\" src=\"http:\/\/www.svu.edu.eg\/faculties\/art\/wp-content\/uploads\/2021\/04\/11-1-125x150.jpg\" class=\"attachment-thumbnail size-thumbnail wp-post-image\" alt=\"\" decoding=\"async\" loading=\"lazy\" srcset=\"http:\/\/www.svu.edu.eg\/faculties\/art\/wp-content\/uploads\/2021\/04\/11-1-125x150.jpg 125w, http:\/\/www.svu.edu.eg\/faculties\/art\/wp-content\/uploads\/2021\/04\/11-1-249x300.jpg 249w, http:\/\/www.svu.edu.eg\/faculties\/art\/wp-content\/uploads\/2021\/04\/11-1.jpg 720w\" sizes=\"(max-width: 125px) 100vw, 125px\" \/><\/a>\n\t\t<\/div>\n\t\n\t<div class=\"entry-main\">\n\n\t\t\n\t\t<header class=\"entry-header\">\n\t\t\t\n\t\t\t<h1 class=\"entry-title\"><a href=\"http:\/\/www.svu.edu.eg\/faculties\/art\/fr\/recteur-de-luniversite-felicite-le-president-de-legypte-abdel-fattah-al-sissi-a-loccasion-de-la-fete-du-travail\/\" title=\"Permalink to Recteur de l&#8217;Universit\u00e9 f\u00e9licite le pr\u00e9sident de l&#8217;\u00c9gypte Abdel Fattah Al-Sissi \u00e0 l&#8217;occasion de la f\u00eate du travail\" rel=\"bookmark\">Recteur de l&#8217;Universit\u00e9 f\u00e9licite le pr\u00e9sident de l&#8217;\u00c9gypte Abdel Fattah Al-Sissi \u00e0 l&#8217;occasion de la f\u00eate du travail<\/a><\/h1>\n\n\t\t\t\t\t\t\t<div class=\"entry-meta\">\n\t\t\t\t\tPosted on <a href=\"http:\/\/www.svu.edu.eg\/faculties\/art\/fr\/recteur-de-luniversite-felicite-le-president-de-legypte-abdel-fattah-al-sissi-a-loccasion-de-la-fete-du-travail\/\" title=\"12:17 \u0645\" rel=\"bookmark\"><time class=\"entry-date\" datetime=\"2021-05-02T12:17:41+02:00\">\u0645\u0627\u064a\u0648 2, 2021<\/time><\/a><time class=\"updated\" datetime=\"2021-06-23T12:25:16+02:00\">\u064a\u0648\u0646\u064a\u0648 23, 2021<\/time>  \t\t\t\t<\/div><!-- .entry-meta -->\n\t\t\t\n\t\t<\/header><!-- .entry-header -->\n\n\t\t\t\t\t<div class=\"entry-content\">\n\t\t\t\t<p>Dr. Youssef Gharabawy, recteur de l&#8217;Universit\u00e9 a envoy\u00e9 un t\u00e9l\u00e9gramme \u00a0de f\u00e9licitations au pr\u00e9sident Abdel Fattah Al-Sissi, pr\u00e9sident de la R\u00e9publique \u00e0 l&#8217;occasion de la f\u00eate du travail. il a [&hellip;]<\/p>\n\t\t\t\t\t\t\t\t<a class=\"more-link\" href=\"http:\/\/www.svu.edu.eg\/faculties\/art\/fr\/recteur-de-luniversite-felicite-le-president-de-legypte-abdel-fattah-al-sissi-a-loccasion-de-la-fete-du-travail\/\">\u0627\u0644\u0645\u0632\u064a\u062f<span class=\"meta-nav\">&rarr;<\/span><\/a>\t\t\t\t\t\t\t<\/div><!-- .entry-content -->\n\t\t\n\t\t\n\t<\/div>\n\n<\/article><!-- #post-4891 -->\n\n<article id=\"post-3784\" class=\"post-3784 post type-post status-publish format-standard has-post-thumbnail hentry category-news_fr post-with-thumbnail post-with-thumbnail-icon\">\n\n\t\t\t<div class=\"entry-thumbnail\">\n\t\t\t<a href=\"http:\/\/www.svu.edu.eg\/faculties\/art\/fr\/la-faculte-des-lettres-recoit-une-serie-vision-de-la-pensee-eclairee-publie-par-lautorite-generale-egyptienne-du-livre\/\"><img width=\"200\" height=\"150\" src=\"http:\/\/www.svu.edu.eg\/faculties\/art\/wp-content\/uploads\/2020\/12\/132650507_1830037547169363_3286408588654382011_o-200x150.jpg\" class=\"attachment-thumbnail size-thumbnail wp-post-image\" alt=\"\" decoding=\"async\" loading=\"lazy\" srcset=\"http:\/\/www.svu.edu.eg\/faculties\/art\/wp-content\/uploads\/2020\/12\/132650507_1830037547169363_3286408588654382011_o-200x150.jpg 200w, http:\/\/www.svu.edu.eg\/faculties\/art\/wp-content\/uploads\/2020\/12\/132650507_1830037547169363_3286408588654382011_o-300x225.jpg 300w, http:\/\/www.svu.edu.eg\/faculties\/art\/wp-content\/uploads\/2020\/12\/132650507_1830037547169363_3286408588654382011_o-768x576.jpg 768w, http:\/\/www.svu.edu.eg\/faculties\/art\/wp-content\/uploads\/2020\/12\/132650507_1830037547169363_3286408588654382011_o-1024x768.jpg 1024w, http:\/\/www.svu.edu.eg\/faculties\/art\/wp-content\/uploads\/2020\/12\/132650507_1830037547169363_3286408588654382011_o.jpg 1040w\" sizes=\"(max-width: 200px) 100vw, 200px\" \/><\/a>\n\t\t<\/div>\n\t\n\t<div class=\"entry-main\">\n\n\t\t\n\t\t<header class=\"entry-header\">\n\t\t\t\n\t\t\t<h1 class=\"entry-title\"><a href=\"http:\/\/www.svu.edu.eg\/faculties\/art\/fr\/la-faculte-des-lettres-recoit-une-serie-vision-de-la-pensee-eclairee-publie-par-lautorite-generale-egyptienne-du-livre\/\" title=\"Permalink to La facult\u00e9 des lettres re\u00e7oit une s\u00e9rie (Vision) de la pens\u00e9e \u00e9clair\u00e9e, publi\u00e9 par l\u2019Autorit\u00e9 g\u00e9n\u00e9rale \u00e9gyptienne du livre\" rel=\"bookmark\">La facult\u00e9 des lettres re\u00e7oit une s\u00e9rie (Vision) de la pens\u00e9e \u00e9clair\u00e9e, publi\u00e9 par l\u2019Autorit\u00e9 g\u00e9n\u00e9rale \u00e9gyptienne du livre<\/a><\/h1>\n\n\t\t\t\t\t\t\t<div class=\"entry-meta\">\n\t\t\t\t\tPosted on <a href=\"http:\/\/www.svu.edu.eg\/faculties\/art\/fr\/la-faculte-des-lettres-recoit-une-serie-vision-de-la-pensee-eclairee-publie-par-lautorite-generale-egyptienne-du-livre\/\" title=\"11:08 \u0635\" rel=\"bookmark\"><time class=\"entry-date\" datetime=\"2020-12-26T11:08:54+02:00\">\u062f\u064a\u0633\u0645\u0628\u0631 26, 2020<\/time><\/a><time class=\"updated\" datetime=\"2021-02-08T11:13:22+02:00\">\u0641\u0628\u0631\u0627\u064a\u0631 8, 2021<\/time>  \t\t\t\t<\/div><!-- .entry-meta -->\n\t\t\t\n\t\t<\/header><!-- .entry-header -->\n\n\t\t\t\t\t<div class=\"entry-content\">\n\t\t\t\t<p>Dans le cadre de la coop\u00e9ration entre le Minist\u00e8re des Awqaf et le Minist\u00e8re de l&#8217;Enseignement Sup\u00e9rieur, Dr. Mohamed Abd El- Wahab, doyen de la facult\u00e9 des lettres, \u00a0a re\u00e7u\u00a0 [&hellip;]<\/p>\n\t\t\t\t\t\t\t\t<a class=\"more-link\" href=\"http:\/\/www.svu.edu.eg\/faculties\/art\/fr\/la-faculte-des-lettres-recoit-une-serie-vision-de-la-pensee-eclairee-publie-par-lautorite-generale-egyptienne-du-livre\/\">\u0627\u0644\u0645\u0632\u064a\u062f<span class=\"meta-nav\">&rarr;<\/span><\/a>\t\t\t\t\t\t\t<\/div><!-- .entry-content -->\n\t\t\n\t\t\n\t<\/div>\n\n<\/article><!-- #post-3784 -->\n<\/div><\/div><div id=\"panel-3448-2-0-1\" class=\"so-panel widget widget_text panel-last-child\" data-index=\"2\" >\t\t\t<div class=\"textwidget\"><p style=\"direction: ltr;\"><a href=\"http:\/\/www.svu.edu.eg\/faculties\/art\/fr\/category\/news_fr\/\">Plus de nouvelles<\/a><\/p>\n<\/div>\n\t\t<\/div><\/div><\/div><div id=\"pg-3448-3\"  class=\"panel-grid panel-no-style\" ><div id=\"pgc-3448-3-0\"  class=\"panel-grid-cell\" ><div id=\"panel-3448-3-0-0\" class=\"so-panel widget widget_xyz_insert_php_widget panel-first-child panel-last-child\" data-index=\"3\" ><div class=\"panel-widget-style panel-widget-style-for-3448-3-0-0\" >\r\n\t<div class=\"announc\">\r\n      <h2> Conf\u00e9rences<\/h2>\r\n\t<div class=\"announc-body\">\r\n\t<ul>\r\n             \r\n<ul><li style=\"text-align:left;\"><a href=\"category\/conf_fr\/\">Plus<\/a><\/li>\r\n<\/ul>   <\/ul>\r\n\t<\/div>\r\n\t<\/div><\/div><\/div><\/div><div id=\"pgc-3448-3-1\"  class=\"panel-grid-cell\" ><div class=\"panel-cell-style panel-cell-style-for-3448-3-1\" ><div id=\"panel-3448-3-1-0\" class=\"so-panel widget widget_xyz_insert_php_widget panel-first-child panel-last-child\" data-index=\"4\" >\r\n\t<div class=\"announc\">\r\n      <h2> Annonces  <\/h2>\r\n\t<div class=\"announc-body\">\r\n\t<ul>\r\n             \r\n<ul>        <li> <a href=\" http:\/\/www.svu.edu.eg\/faculties\/art\/fr\/les-tableaux\/\" title=\"Les tableaux\">\r\n\t\t\tLes tableaux<\/a> <\/li>\r\n<li style=\"text-align:left;\"><a href=\"category\/ann_fr\/\">Plus<\/a><\/li>\r\n<\/ul>   <\/ul>\r\n\t<\/div>\r\n\t<\/div><\/div><\/div><\/div><\/div><div id=\"pg-3448-4\"  class=\"panel-grid panel-has-style\" ><div class=\"panel-row-style panel-row-style-for-3448-4\" ><div id=\"pgc-3448-4-0\"  class=\"panel-grid-cell\" ><div id=\"panel-3448-4-0-0\" class=\"so-panel widget widget_circleicon-widget panel-first-child panel-last-child\" data-index=\"5\" >\t\t<div class=\"circle-icon-box circle-icon-position-top circle-icon-hide-box circle-icon-size-medium \">\n\t\t\t\t\t\t\t<div class=\"circle-icon-wrapper\">\n\t\t\t\t\t\t\t\t\t\t<div class=\"circle-icon icon-style-set\" style=\"background-color: #1e73be\">\n\t\t\t\t\t\t\t\t\t\t\t\t\t<div class=\"fa fa-pencil\" style=\"color: #ffffff\"><\/div>\n\t\t\t\t\t\t\t\t\t\t\t<\/div>\n\t\t\t\t\t\t\t\t\t<\/div>\n\t\t\t\n\t\t\t\t\t\t\t\t\t\t<h4 style=\"color: #dd3333\">\n\t\t\t\t\tLa mission\t\t\t\t<\/h4>\n\t\t\t\t\t\t\n\t\t\t\t\t\t\t<p class=\"text\" style=\"color: #000000\">Excellence dans l\u2019enseignement sup\u00e9rieur, fournir des connaissances, la meilleure exp\u00e9rience, et les services \u00e9ducatifs, de recherche et communautaires dans les sciences humaines et sociales de toutes les soci\u00e9t\u00e9s, tout en pr\u00e9servant notre identit\u00e9 culturelle et en contribuant \u00e0 l\u2019am\u00e9lioration de la soci\u00e9t\u00e9 et de l\u2019environnement dans le sud, en particulier en \u00c9gypte.<\/p>\n\t\t\t\t\t\t\t\t\t\t<a\n\t\t\t\t\thref=\"#\"\n\t\t\t\t\tclass=\"more-button\"\n\t\t\t\t\t\t\t\t\t\tstyle=\"color: #000000\"\t\t\t\t>\n\t\t\t\t\tMore Info <i><\/i>\n\t\t\t\t<\/a>\n\t\t\t\t\t<\/div>\n\t\t<\/div><\/div><div id=\"pgc-3448-4-1\"  class=\"panel-grid-cell\" ><div id=\"panel-3448-4-1-0\" class=\"so-panel widget widget_circleicon-widget panel-first-child panel-last-child\" data-index=\"6\" >\t\t<div class=\"circle-icon-box circle-icon-position-top circle-icon-hide-box circle-icon-size-small \">\n\t\t\t\t\t\t\t<div class=\"circle-icon-wrapper\">\n\t\t\t\t\t\t\t\t\t\t<a href=\"#\" class=\"link-icon\" >\t\t\t\t\t<div class=\"circle-icon icon-style-set\" style=\"background-color: #1e73be\">\n\t\t\t\t\t\t\t\t\t\t\t\t\t<div class=\"fa fa-pencil-square-o\" style=\"color: #ffffff\"><\/div>\n\t\t\t\t\t\t\t\t\t\t\t<\/div>\n\t\t\t\t\t<\/a>\t\t\t\t<\/div>\n\t\t\t\n\t\t\t\t\t\t\t<a href=\"#\" class=\"link-title\" >\n\t\t\t\t\t\t\t\t\t\t<h4 style=\"color: #dd3333\">\n\t\t\t\t\tLa vision\t\t\t\t<\/h4>\n\t\t\t\t\t\t\t\t\t\t<\/a>\n\t\t\t\n\t\t\t\t\t\t\t<p class=\"text\" style=\"color: #000000\">La facult\u00e9 des lettres de Q\u00e9na vise \u00e0 devenir l\u2019une des facult\u00e9s accr\u00e9dit\u00e9es des sciences humaines et sociales dans son domaine et dans sa r\u00e9gion, fournir \u00e0 la soci\u00e9t\u00e9 des dipl\u00f4m\u00e9s et des chercheurs distingu\u00e9s capables de rivaliser sur le march\u00e9 du travail et de contribuer efficacement au d\u00e9veloppement, au traitement et \u00e0 l\u2019avancement de la soci\u00e9t\u00e9, et servir de maison d\u2019exp\u00e9rience pour tout ce qui est li\u00e9 aux sciences humaines et sociales .<\/p>\n\t\t\t\t\t\t\t\t\t\t<a\n\t\t\t\t\thref=\"#\"\n\t\t\t\t\tclass=\"more-button\"\n\t\t\t\t\t\t\t\t\t\tstyle=\"color: #000000\"\t\t\t\t>\n\t\t\t\t\tMore Info <i><\/i>\n\t\t\t\t<\/a>\n\t\t\t\t\t<\/div>\n\t\t<\/div><\/div><\/div><\/div><\/div>","protected":false},"excerpt":{"rendered":"<p>La facult\u00e9 des lettres accueille de nouveaux \u00e9tudiants Derni\u00e8res nouvelles Recteur de l&#8217;Universit\u00e9 tient une session pour discuter le syst\u00e8me \u00e9lectronique de t\u00e2ches administratives \u00e0 l&#8217;Universit\u00e9 Posted on \u062f\u064a\u0633\u0645\u0628\u0631 9, [&hellip;]<\/p>\n","protected":false},"author":2,"featured_media":0,"parent":0,"menu_order":0,"comment_status":"closed","ping_status":"closed","template":"home-panels.php","meta":[],"_links":{"self":[{"href":"http:\/\/www.svu.edu.eg\/faculties\/art\/wp-json\/wp\/v2\/pages\/3448"}],"collection":[{"href":"http:\/\/www.svu.edu.eg\/faculties\/art\/wp-json\/wp\/v2\/pages"}],"about":[{"href":"http:\/\/www.svu.edu.eg\/faculties\/art\/wp-json\/wp\/v2\/types\/page"}],"author":[{"embeddable":true,"href":"http:\/\/www.svu.edu.eg\/faculties\/art\/wp-json\/wp\/v2\/users\/2"}],"replies":[{"embeddable":true,"href":"http:\/\/www.svu.edu.eg\/faculties\/art\/wp-json\/wp\/v2\/comments?post=3448"}],"version-history":[{"count":22,"href":"http:\/\/www.svu.edu.eg\/faculties\/art\/wp-json\/wp\/v2\/pages\/3448\/revisions"}],"predecessor-version":[{"id":6355,"href":"http:\/\/www.svu.edu.eg\/faculties\/art\/wp-json\/wp\/v2\/pages\/3448\/revisions\/6355"}],"wp:attachment":[{"href":"http:\/\/www.svu.edu.eg\/faculties\/art\/wp-json\/wp\/v2\/media?parent=3448"}],"curies":[{"name":"wp","href":"https:\/\/api.w.org\/{rel}","templated":true}]}}