{"id":2240,"date":"2021-11-29T09:29:16","date_gmt":"2021-11-29T09:29:16","guid":{"rendered":"http:\/\/www.svu.edu.eg\/faculties\/alsun\/?page_id=2240"},"modified":"2021-12-21T09:39:54","modified_gmt":"2021-12-21T09:39:54","slug":"german_homepage","status":"publish","type":"page","link":"http:\/\/www.svu.edu.eg\/faculties\/alsun\/it\/german_homepage\/","title":{"rendered":"italian_homepage"},"content":{"rendered":"<div id=\"pl-2240\"  class=\"panel-layout panel-is-rtl\" ><div id=\"pg-2240-0\"  class=\"panel-grid panel-no-style\" ><div id=\"pgc-2240-0-0\"  class=\"panel-grid-cell\" ><div id=\"panel-2240-0-0-0\" class=\"so-panel widget widget_vantage-social-media panel-first-child\" data-index=\"0\" ><a class=\"social-media-icon social-media-icon-facebook social-media-icon-size-medium\" href=\"https:\/\/www.facebook.com\/%D9%83%D9%84%D9%8A%D8%A9-%D8%A7%D9%84%D8%A3%D9%84%D8%B3%D9%86-%D8%A8%D8%A7%D9%84%D8%BA%D8%B1%D8%AF%D9%82%D8%A9-102148932234990\/\" title=\"\u0643\u0644\u064a\u0629 \u0627\u0644\u0623\u0644\u0633\u0646 \u0628\u0627\u0644\u063a\u0631\u062f\u0642\u0629 Facebook\" ><span class=\"fa fa-facebook\"><\/span><\/a><a class=\"social-media-icon social-media-icon-twitter social-media-icon-size-medium\" href=\"http:\/\/twitter.com\" title=\"\u0643\u0644\u064a\u0629 \u0627\u0644\u0623\u0644\u0633\u0646 \u0628\u0627\u0644\u063a\u0631\u062f\u0642\u0629 Twitter\" ><span class=\"fa fa-twitter\"><\/span><\/a><a class=\"social-media-icon social-media-icon-youtube social-media-icon-size-medium\" href=\"http:\/\/youtube.com\" title=\"\u0643\u0644\u064a\u0629 \u0627\u0644\u0623\u0644\u0633\u0646 \u0628\u0627\u0644\u063a\u0631\u062f\u0642\u0629 YouTube\" ><span class=\"fa fa-youtube\"><\/span><\/a><\/div><div id=\"panel-2240-0-0-1\" class=\"so-panel widget widget_media_video panel-last-child\" data-index=\"1\" ><div style=\"width:100%;\" class=\"wp-video\"><!--[if lt IE 9]><script>document.createElement('video');<\/script><![endif]-->\n<video class=\"wp-video-shortcode\" id=\"video-2240-1\" preload=\"metadata\" controls=\"controls\"><source type=\"video\/mp4\" src=\"http:\/\/www.svu.edu.eg\/faculties\/alsun\/wp-content\/uploads\/2021\/11\/Untitled.mp4?_=1\" \/><source type=\"video\/mp4\" src=\"http:\/\/www.svu.edu.eg\/faculties\/alsun\/wp-content\/uploads\/2021\/11\/Untitled.mp4?_=1\" \/><a href=\"http:\/\/www.svu.edu.eg\/faculties\/alsun\/wp-content\/uploads\/2021\/11\/Untitled.mp4\">http:\/\/www.svu.edu.eg\/faculties\/alsun\/wp-content\/uploads\/2021\/11\/Untitled.mp4<\/a><\/video><\/div><\/div><\/div><\/div><div id=\"pg-2240-1\"  class=\"panel-grid panel-no-style\" ><div id=\"pgc-2240-1-0\"  class=\"panel-grid-cell\" ><div id=\"panel-2240-1-0-0\" class=\"so-panel widget widget_text panel-first-child\" data-index=\"2\" >\t\t\t<div class=\"textwidget\"><div class=\"center\">\n<p><strong>La facolt\u00e0 d\u00e0 il benvenuto ai nuovi studenti e gli augura un buon anno accademico<\/strong><\/p>\n<\/div>\n<\/div>\n\t\t<\/div><div id=\"panel-2240-1-0-1\" class=\"so-panel widget widget_text panel-last-child\" data-index=\"3\" >\t\t\t<div class=\"textwidget\"><p><strong>\u00a0 \u00a0 \u00a0 \u00a0 \u00a0 \u00a0 \u00a0 \u00a0 \u00a0 \u00a0 \u00a0 \u00a0 \u00a0 \u00a0 \u00a0 \u00a0 \u00a0 \u00a0 \u00a0 \u00a0 \u00a0 \u00a0 \u00a0 \u00a0 <a href=\"http:\/\/www.svu.edu.eg\/faculties\/fcai\/wp-content\/uploads\/2020\/10\/\ufffd\u0627\u0644\u062f\u0644\u064a\u0644-\u0627\u0644\u0634\u0627\u0645\u0644-\u0644\u0644\u0648\u0642\u0627\u064a\u0629-\u0645\u0646-\u0641\u0627\u064a\u0631\u0648\u0633-\u0643\u0648\u0631\u0648\u0646\u0627-_.pdf\">\u0627\u0644\u062f\u0644\u064a\u0644 \u0627\u0644\u0634\u0627\u0645\u0644 \u0644\u0637\u0631\u0642 \u0627\u0644\u0648\u0642\u0627\u064a\u0629 \u0645\u0646 \u0641\u064a\u0631\u0633 \u0643\u0648\u0631\u0648\u0646\u0627<\/a><\/strong><\/p>\n<\/div>\n\t\t<\/div><\/div><\/div><div id=\"pg-2240-2\"  class=\"panel-grid panel-no-style\" ><div id=\"pgc-2240-2-0\"  class=\"panel-grid-cell\" ><div id=\"panel-2240-2-0-0\" class=\"so-panel widget widget_siteorigin-panels-postloop panel-first-child\" data-index=\"4\" ><h3 class=\"widget-title\">notizie universitarie<\/h3><\/div><div id=\"panel-2240-2-0-1\" class=\"so-panel widget widget_text panel-last-child\" data-index=\"5\" >\t\t\t<div class=\"textwidget\"><p><a href=\"https:\/\/www.svu.edu.eg\/faculties\/alsun\/category\/news_ar\/\">\u0627\u0644\u0645\u0632\u064a\u062f \u0645\u0646 \u0627\u0644\u0627\u062e\u0628\u0627\u0631<\/a><\/p>\n<\/div>\n\t\t<\/div><\/div><\/div><div id=\"pg-2240-3\"  class=\"panel-grid panel-no-style\" ><div id=\"pgc-2240-3-0\"  class=\"panel-grid-cell\" ><div id=\"panel-2240-3-0-0\" class=\"so-panel widget widget_xyz_insert_php_widget panel-first-child panel-last-child\" data-index=\"6\" >\r\n\t<div class=\"announc\">\r\n      <h2> Il facolta agli occhi della stampa<\/h2>\r\n\t<div class=\"announc-body\">\r\n\t<ul>\r\n             \r\n<ul>        <li> <a href=\" http:\/\/www.svu.edu.eg\/faculties\/alsun\/%d9%83%d9%84%d9%8a%d8%a9-%d8%a7%d9%84%d8%a3%d9%84%d8%b3%d9%86-%d8%a8%d8%a7%d9%84%d8%ba%d8%b1%d8%af%d9%82%d8%a9-%d8%aa%d8%b3%d8%aa%d9%82%d8%a8%d9%84-%d8%a3%d9%88%d9%84-%d8%b2%d9%8a%d8%a7%d8%b1%d8%a9-2\/\" title=\"\u0643\u0644\u064a\u0629 \u0627\u0644\u0623\u0644\u0633\u0646 \u0628\u0627\u0644\u063a\u0631\u062f\u0642\u0629  \u062a\u0633\u062a\u0642\u0628\u0644 \u0623\u0648\u0644 \u0632\u064a\u0627\u0631\u0629 \u0644\u0637\u0644\u0627\u0628 \u0627\u0644\u0645\u0631\u062d\u0644\u0629 \u0627\u0644\u062b\u0627\u0646\u0648\u064a\u0629\">\r\n\t\t\t\u0643\u0644\u064a\u0629 \u0627\u0644\u0623\u0644\u0633\u0646 \u0628\u0627\u0644\u063a\u0631\u062f\u0642\u0629  \u062a\u0633\u062a\u0642\u0628...<\/a> <\/li>\r\n<li style=\"text-align:left;\"><a href=\"category\/media_it\/\">Altre<\/a><\/li>\r\n<\/ul>   <\/ul>\r\n\t<\/div>\r\n\t<\/div><\/div><\/div><div id=\"pgc-2240-3-1\"  class=\"panel-grid-cell\" ><\/div><div id=\"pgc-2240-3-2\"  class=\"panel-grid-cell\" ><div id=\"panel-2240-3-2-0\" class=\"so-panel widget widget_xyz_insert_php_widget panel-first-child panel-last-child\" data-index=\"8\" >\r\n\t<div class=\"announc\">\r\n      <h2> \u0625\u0639\u0644\u0627\u0646\u0627\u062a <\/h2>\r\n\t<div class=\"announc-body\">\r\n\t<ul>\r\n             \r\n<ul>        <li> <a href=\" http:\/\/www.svu.edu.eg\/faculties\/alsun\/%d9%81%d8%aa%d8%ad-%d8%a8%d8%a7%d8%a8-%d8%a7%d9%84%d8%aa%d8%b1%d8%b4%d8%ad-%d9%84%d8%a7%d9%86%d8%aa%d8%ae%d8%a7%d8%a8%d8%a7%d8%aa-%d8%a7%d8%aa%d8%ad%d8%a7%d8%af-%d8%a7%d9%84%d8%b7%d9%84%d8%a7%d8%a8\/\" title=\"\u0641\u062a\u062d \u0628\u0627\u0628 \u0627\u0644\u062a\u0631\u0634\u062d \u0644\u0627\u0646\u062a\u062e\u0627\u0628\u0627\u062a \u0627\u062a\u062d\u0627\u062f \u0627\u0644\u0637\u0644\u0627\u0628 \u0628\u0643\u0644\u064a\u0629 \u0627\u0644\u0627\u0644\u0633\u0646\">\r\n\t\t\t\u0641\u062a\u062d \u0628\u0627\u0628 \u0627\u0644\u062a\u0631\u0634\u062d \u0644\u0627\u0646\u062a\u062e\u0627\u0628\u0627\u062a \u0627\u062a...<\/a> <\/li>\r\n        <li> <a href=\" http:\/\/www.svu.edu.eg\/faculties\/alsun\/%d9%85%d8%b3%d8%a7%d8%a8%d9%82%d8%a9-%d8%ac%d8%a7%d8%a6%d8%b2%d8%a9-%d8%a7%d9%84%d8%af%d9%88%d9%84%d8%a9-%d9%84%d9%84%d9%85%d8%a8%d8%af%d8%b9-%d8%a7%d9%84%d8%b5%d8%ba%d9%8a%d8%b1\/\" title=\"\u0645\u0633\u0627\u0628\u0642\u0629 \u062c\u0627\u0626\u0632\u0629 \u0627\u0644\u062f\u0648\u0644\u0629 \u0644\u0644\u0645\u0628\u062f\u0639 \u0627\u0644\u0635\u063a\u064a\u0631\">\r\n\t\t\t\u0645\u0633\u0627\u0628\u0642\u0629 \u062c\u0627\u0626\u0632\u0629 \u0627\u0644\u062f\u0648\u0644\u0629 \u0644\u0644\u0645\u0628\u062f\u0639 ...<\/a> <\/li>\r\n        <li> <a href=\" http:\/\/www.svu.edu.eg\/faculties\/alsun\/%d8%ad%d8%b2%d9%85%d8%a9-%d8%aa%d8%af%d8%b1%d9%8a%d8%a8%d8%a7%d8%aa-%d8%a8%d9%85%d8%b1%d9%83%d8%b2-%d8%aa%d8%b9%d9%84%d9%8a%d9%85-%d9%88%d8%a7%d8%a8%d8%ad%d8%a7%d8%ab-%d8%a7%d9%84%d9%84%d8%ba%d8%a7\/\" title=\"\u062d\u0632\u0645\u0629 \u062a\u062f\u0631\u064a\u0628\u0627\u062a \u0628\u0645\u0631\u0643\u0632 \u062a\u0639\u0644\u064a\u0645 \u0648\u0627\u0628\u062d\u0627\u062b \u0627\u0644\u0644\u063a\u0627\u062a \u0628\u0627\u0644\u062a\u0639\u0627\u0648\u0646 \u0645\u0639 \u0643\u0644\u064a\u062a\u0649 \u0627\u0644\u0627\u0644\u0633\u0646 \u0648\u0627\u0644\u062d\u0627\u0633\u0628\u0627\u062a \u0648\u0627\u0644\u0630\u0643\u0627\u0621 \u0627\u0644\u0627\u0635\u0637\u0646\u0627\u0639\u0649 \u0628\u0627\u0644\u063a\u0631\u062f\u0642\u0629\">\r\n\t\t\t\u062d\u0632\u0645\u0629 \u062a\u062f\u0631\u064a\u0628\u0627\u062a \u0628\u0645\u0631\u0643\u0632 \u062a\u0639\u0644\u064a\u0645 \u0648\u0627...<\/a> <\/li>\r\n        <li> <a href=\" http:\/\/www.svu.edu.eg\/faculties\/alsun\/%d8%a7%d9%84%d8%a7%d9%88%d8%b1%d8%a7%d9%82-%d8%a7%d9%84%d9%85%d8%b7%d9%84%d9%88%d8%a8%d8%a9-%d9%84%d9%84%d8%aa%d9%82%d8%af%d9%85-%d8%a7%d9%84%d9%89-%d9%83%d9%84%d9%8a%d8%a9-%d8%a7%d9%84%d8%a7%d9%84\/\" title=\"\u0627\u0644\u0627\u0648\u0631\u0627\u0642 \u0627\u0644\u0645\u0637\u0644\u0648\u0628\u0629 \u0644\u0644\u062a\u0642\u062f\u0645 \u0627\u0644\u0649 \u0643\u0644\u064a\u0629 \u0627\u0644\u0627\u0644\u0633\u0646 \u0628\u0627\u0644\u063a\u0631\u062f\u0642\u0629\">\r\n\t\t\t\u0627\u0644\u0627\u0648\u0631\u0627\u0642 \u0627\u0644\u0645\u0637\u0644\u0648\u0628\u0629 \u0644\u0644\u062a\u0642\u062f\u0645 \u0627\u0644\u0649...<\/a> <\/li>\r\n<li style=\"text-align:left;\"><a href=\"category\/ann_ar\/\">\u0627\u0644\u0645\u0630\u064a\u062f<\/a><\/li>\r\n<\/ul>   <\/ul>\r\n\t<\/div>\r\n\t<\/div><\/div><\/div><\/div><div id=\"pg-2240-4\"  class=\"panel-grid panel-no-style\" ><div id=\"pgc-2240-4-0\"  class=\"panel-grid-cell\" ><div id=\"panel-2240-4-0-0\" class=\"so-panel widget widget_text panel-first-child panel-last-child\" data-index=\"9\" >\t\t\t<div class=\"textwidget\"><table class=\"wp-list-table widefat fixed striped posts\">\n<tbody id=\"the-list\">\n<tr id=\"post-1804\" class=\"iedit author-self level-0 post-1804 type-tf_stats status-publish hentry post\">\n<td class=\"shortcode column-shortcode\" data-colname=\"Shortcode\">[tf_numbers name=&#8221;luniversita-in-numeri&#8221;]<\/td>\n<\/tr>\n<\/tbody>\n<tfoot>\n<tr>\n<td class=\"manage-column column-cb check-column\"><\/td>\n<\/tr>\n<\/tfoot>\n<\/table>\n<\/div>\n\t\t<\/div><\/div><\/div><div id=\"pg-2240-5\"  class=\"panel-grid panel-no-style\" ><div id=\"pgc-2240-5-0\"  class=\"panel-grid-cell\" ><div id=\"panel-2240-5-0-0\" class=\"so-panel widget widget_circleicon-widget panel-first-child panel-last-child\" data-index=\"10\" >\t\t<div class=\"circle-icon-box circle-icon-position-top circle-icon-hide-box circle-icon-size-small \">\n\t\t\t\t\t\t\t<div class=\"circle-icon-wrapper\">\n\t\t\t\t\t\t\t\t\t\t<div class=\"circle-icon\" >\n\t\t\t\t\t\t\t\t\t\t\t<\/div> \n\t\t\t\t\t\t\t\t\t<\/div>\n\t\t\t\n\t\t\t\t\t\t\t\t\t\t<h4 >\n\t\t\t\t\tIl messaggio della facolt\u00e0 di lingue\t\t\t\t<\/h4>\n\t\t\t\t\t\t\n\t\t\t\t\t\t\t<p class=\"text\" style=\"color: #07268c\">La facolt\u00e0 di lingue di Hurghada \u00e8 un'istituzione leader a livello locale, regionale e internazionale nei campi della traduzione e delle lingue, prepara quadri eccellenti nel campo di\u00a0 comunicazione culturale con vari paesi del mondo, al fine di servire la societ\u00e0 e sviluppare l'ambiente attraverso programmi di alta qualit\u00e0 e in conformit\u00e0 con le migliori pratiche internazionali<\/p>\n\t\t\t\t\t\t\t\t<\/div>\n\t\t<\/div><\/div><div id=\"pgc-2240-5-1\"  class=\"panel-grid-cell\" ><div id=\"panel-2240-5-1-0\" class=\"so-panel widget widget_circleicon-widget panel-first-child panel-last-child\" data-index=\"11\" >\t\t<div class=\"circle-icon-box circle-icon-position-top circle-icon-hide-box circle-icon-size-small \">\n\t\t\t\t\t\t\t<div class=\"circle-icon-wrapper\">\n\t\t\t\t\t\t\t\t\t\t<div class=\"circle-icon\" >\n\t\t\t\t\t\t\t\t\t\t\t<\/div> \n\t\t\t\t\t\t\t\t\t<\/div>\n\t\t\t\n\t\t\t\t\t\t\t\t\t\t<h4 >\n\t\t\t\t\tLa visione della facolt\u00e0 di lingue\t\t\t\t<\/h4>\n\t\t\t\t\t\t\n\t\t\t\t\t\t\t<p class=\"text\" style=\"color: #1d42ba\">La facolt\u00e0 di lingue di Hurghada \u00e8 un'istituzione leader a livello locale, regionale e internazionale nei campi della traduzione e delle lingue, prepara quadri eccellenti nel campo di comunicazione culturale con vari paesi del mondo, al fine di servire la societ\u00e0 attraverso programmi di alta qualit\u00e0 e in conformit\u00e0 con le migliori pratiche internazionali.<\/p>\n\t\t\t\t\t\t\t\t<\/div>\n\t\t<\/div><\/div><div id=\"pgc-2240-5-2\"  class=\"panel-grid-cell\" ><div id=\"panel-2240-5-2-0\" class=\"so-panel widget widget_circleicon-widget panel-first-child panel-last-child\" data-index=\"12\" >\t\t<div class=\"circle-icon-box circle-icon-position-top circle-icon-hide-box circle-icon-size-small \">\n\t\t\t\t\t\t\t<div class=\"circle-icon-wrapper\">\n\t\t\t\t\t\t\t\t\t\t<div class=\"circle-icon\" >\n\t\t\t\t\t\t\t\t\t\t\t<\/div> \n\t\t\t\t\t\t\t\t\t<\/div>\n\t\t\t\n\t\t\t\t\t\t\t\t\t\t<h4 >\n\t\t\t\t\tLa fondazione della facolt\u00e0 di lingue\t\t\t\t<\/h4>\n\t\t\t\t\t\t\n\t\t\t\t\t\t\t<p class=\"text\" style=\"color: #2023cc\">La facolt\u00e0 di lingue \u00e8 statafondata a Hurghada dopo l'emanazione della decisione del Consiglio Supremo delle Universit\u00e0 del 6\/7\/2013 e della decisione del Primo Ministro n. 199 per l'anno 2018. \u00c8 stata fondata a Hurghada, nel Governatorato del Mar Rosso, dopo che \u00e8 stata emessa la decisione di destinare un'area di 500 feddan per la fondazione dell'Universit\u00e0 del Mar Rosso da collocare a Hurghada.Il suo piano di studio \u00e8 stato preparato in conformit\u00e0 con il modello delle facolt\u00e0 di linguecon il sistema delle ore di.<\/p>\n\t\t\t\t\t\t\t\t<\/div>\n\t\t<\/div><\/div><\/div><\/div>","protected":false},"excerpt":{"rendered":"<p>La facolt\u00e0 d\u00e0 il benvenuto ai nuovi studenti e gli augura un buon anno accademico \u00a0 \u00a0 \u00a0 \u00a0 \u00a0 \u00a0 \u00a0 \u00a0 \u00a0 \u00a0 \u00a0 \u00a0 \u00a0 \u00a0 \u00a0 [&hellip;]<\/p>\n","protected":false},"author":10,"featured_media":0,"parent":0,"menu_order":0,"comment_status":"closed","ping_status":"closed","template":"home-panels.php","meta":[],"_links":{"self":[{"href":"http:\/\/www.svu.edu.eg\/faculties\/alsun\/wp-json\/wp\/v2\/pages\/2240"}],"collection":[{"href":"http:\/\/www.svu.edu.eg\/faculties\/alsun\/wp-json\/wp\/v2\/pages"}],"about":[{"href":"http:\/\/www.svu.edu.eg\/faculties\/alsun\/wp-json\/wp\/v2\/types\/page"}],"author":[{"embeddable":true,"href":"http:\/\/www.svu.edu.eg\/faculties\/alsun\/wp-json\/wp\/v2\/users\/10"}],"replies":[{"embeddable":true,"href":"http:\/\/www.svu.edu.eg\/faculties\/alsun\/wp-json\/wp\/v2\/comments?post=2240"}],"version-history":[{"count":18,"href":"http:\/\/www.svu.edu.eg\/faculties\/alsun\/wp-json\/wp\/v2\/pages\/2240\/revisions"}],"predecessor-version":[{"id":2449,"href":"http:\/\/www.svu.edu.eg\/faculties\/alsun\/wp-json\/wp\/v2\/pages\/2240\/revisions\/2449"}],"wp:attachment":[{"href":"http:\/\/www.svu.edu.eg\/faculties\/alsun\/wp-json\/wp\/v2\/media?parent=2240"}],"curies":[{"name":"wp","href":"https:\/\/api.w.org\/{rel}","templated":true}]}}