{"id":4609,"date":"2022-02-04T22:22:23","date_gmt":"2022-02-04T22:22:23","guid":{"rendered":"http:\/\/www.svu.edu.eg\/faculties\/agr\/?page_id=4609"},"modified":"2022-02-04T22:22:23","modified_gmt":"2022-02-04T22:22:23","slug":"resultats-de-lunite","status":"publish","type":"page","link":"http:\/\/www.svu.edu.eg\/faculties\/agr\/fr\/centre-de-recherche-et-dexperimentation-agricoles\/resultats-de-lunite\/","title":{"rendered":"R\u00e9sultats de l&#8217;Unit\u00e9"},"content":{"rendered":"","protected":false},"excerpt":{"rendered":"","protected":false},"author":2,"featured_media":0,"parent":2726,"menu_order":0,"comment_status":"closed","ping_status":"closed","template":"","meta":[],"jetpack_sharing_enabled":true,"jetpack-related-posts":[{"id":4563,"url":"http:\/\/www.svu.edu.eg\/faculties\/agr\/fr\/projet-de-developpement-du-systeme-devaluation-des-etudiants-et-des-examens\/objectifs-de-lunite\/","url_meta":{"origin":4609,"position":0},"title":"objectifs de l&#8217;Unit\u00e9","author":"omar","date":"\u0641\u0628\u0631\u0627\u064a\u0631 4, 2022","format":false,"excerpt":"1- \u00c9tablissement d\u2019une unit\u00e9 \u00e0 la facult\u00e9 qui g\u00e8re, suit et fournit un soutien technique pour l\u2019orthographie des \u00e9tudiants \u00e0 la facult\u00e9 en conformit\u00e9 avec les r\u00e9sultats du centre pour le d\u00e9veloppement des syst\u00e8mes de calendrier \u00e9tudiant et des examens \u00e0 l\u2019Universit\u00e9 du Sud de la Vall\u00e9e. 2- Pr\u00e9paration d\u2019un\u2026","rel":"","context":"\u062a\u062f\u0648\u064a\u0646\u0629 \u0645\u0634\u0627\u0628\u0647\u0629","block_context":{"text":"\u062a\u062f\u0648\u064a\u0646\u0629 \u0645\u0634\u0627\u0628\u0647\u0629","link":""},"img":{"alt_text":"","src":"","width":0,"height":0},"classes":[]},{"id":4607,"url":"http:\/\/www.svu.edu.eg\/faculties\/agr\/fr\/centre-de-recherche-et-dexperimentation-agricoles\/directeur-de-lunite\/","url_meta":{"origin":4609,"position":1},"title":"Directeur de l&#8217;Unit\u00e9","author":"omar","date":"\u0641\u0628\u0631\u0627\u064a\u0631 4, 2022","format":false,"excerpt":"Dr. Jamal Mahmoud Elkarmy","rel":"","context":"\u062a\u062f\u0648\u064a\u0646\u0629 \u0645\u0634\u0627\u0628\u0647\u0629","block_context":{"text":"\u062a\u062f\u0648\u064a\u0646\u0629 \u0645\u0634\u0627\u0628\u0647\u0629","link":""},"img":{"alt_text":"","src":"","width":0,"height":0},"classes":[]},{"id":4494,"url":"http:\/\/www.svu.edu.eg\/faculties\/agr\/fr\/lunite-des-services-electronique\/les-projets-de-lunite\/","url_meta":{"origin":4609,"position":2},"title":"Les projets de l&#8217;unit\u00e9","author":"omar","date":"\u0641\u0628\u0631\u0627\u064a\u0631 2, 2022","format":false,"excerpt":"","rel":"","context":"\u062a\u062f\u0648\u064a\u0646\u0629 \u0645\u0634\u0627\u0628\u0647\u0629","block_context":{"text":"\u062a\u062f\u0648\u064a\u0646\u0629 \u0645\u0634\u0627\u0628\u0647\u0629","link":""},"img":{"alt_text":"","src":"","width":0,"height":0},"classes":[]},{"id":4491,"url":"http:\/\/www.svu.edu.eg\/faculties\/agr\/fr\/lunite-des-services-electronique\/groupe-de-travail\/","url_meta":{"origin":4609,"position":3},"title":"Groupe de travail","author":"omar","date":"\u0641\u0628\u0631\u0627\u064a\u0631 2, 2022","format":false,"excerpt":"Dr. Mahmoud Abbas Ali Directeur de l'Unit\u00e9 E-mail: m.abbas@agr.svu.edu.eg M. Haythem Hamdy Dr. Amer Esaa Amer","rel":"","context":"\u062a\u062f\u0648\u064a\u0646\u0629 \u0645\u0634\u0627\u0628\u0647\u0629","block_context":{"text":"\u062a\u062f\u0648\u064a\u0646\u0629 \u0645\u0634\u0627\u0628\u0647\u0629","link":""},"img":{"alt_text":"","src":"","width":0,"height":0},"classes":[]},{"id":4549,"url":"http:\/\/www.svu.edu.eg\/faculties\/agr\/fr\/unite-de-suivi-des-diplomes\/activites-de-lunite\/","url_meta":{"origin":4609,"position":4},"title":"Activit\u00e9s de l&#8217;Unit\u00e9","author":"omar","date":"\u0641\u0628\u0631\u0627\u064a\u0631 2, 2022","format":false,"excerpt":"Cours de formation pour pr\u00e9parer les \u00e9tudiants au march\u00e9 du travail 1\/4\/2018 Sous les auspices du dr. Mohamed Ali, doyen de la facult\u00e9, et du dr. \u00a0Abdulaziz Shiba Abdurrahman, vice- doyen de la facult\u00e9 pour le service communautaire et les affaires de d\u00e9veloppement environnemental, dans le cadre de l\u2019int\u00e9r\u00eat de\u2026","rel":"","context":"\u062a\u062f\u0648\u064a\u0646\u0629 \u0645\u0634\u0627\u0628\u0647\u0629","block_context":{"text":"\u062a\u062f\u0648\u064a\u0646\u0629 \u0645\u0634\u0627\u0628\u0647\u0629","link":""},"img":{"alt_text":"","src":"","width":0,"height":0},"classes":[]},{"id":2708,"url":"http:\/\/www.svu.edu.eg\/faculties\/agr\/fr\/services-electroniques\/","url_meta":{"origin":4609,"position":5},"title":"Services \u00e9lectroniques","author":"omar","date":"\u062f\u064a\u0633\u0645\u0628\u0631 27, 2020","format":false,"excerpt":"IT Unit\u00e9 l\u2019ICTP a cr\u00e9\u00e9 des unit\u00e9s dans les facult\u00e9s pour tous les \u00e9tudiants et les membres du corps professoral comme l'unit\u00e9 de services \u00e9lectroniques \u00a0au cours des cinq prochaines ann\u00e9es, progressivement, avec 20\u00a0% des facult\u00e9s de chaque universit\u00e9 par ann\u00e9e. Ces unit\u00e9s sont le lien entre les six projets\u2026","rel":"","context":"\u062a\u062f\u0648\u064a\u0646\u0629 \u0645\u0634\u0627\u0628\u0647\u0629","block_context":{"text":"\u062a\u062f\u0648\u064a\u0646\u0629 \u0645\u0634\u0627\u0628\u0647\u0629","link":""},"img":{"alt_text":"","src":"","width":0,"height":0},"classes":[]}],"_links":{"self":[{"href":"http:\/\/www.svu.edu.eg\/faculties\/agr\/wp-json\/wp\/v2\/pages\/4609"}],"collection":[{"href":"http:\/\/www.svu.edu.eg\/faculties\/agr\/wp-json\/wp\/v2\/pages"}],"about":[{"href":"http:\/\/www.svu.edu.eg\/faculties\/agr\/wp-json\/wp\/v2\/types\/page"}],"author":[{"embeddable":true,"href":"http:\/\/www.svu.edu.eg\/faculties\/agr\/wp-json\/wp\/v2\/users\/2"}],"replies":[{"embeddable":true,"href":"http:\/\/www.svu.edu.eg\/faculties\/agr\/wp-json\/wp\/v2\/comments?post=4609"}],"version-history":[{"count":1,"href":"http:\/\/www.svu.edu.eg\/faculties\/agr\/wp-json\/wp\/v2\/pages\/4609\/revisions"}],"predecessor-version":[{"id":4610,"href":"http:\/\/www.svu.edu.eg\/faculties\/agr\/wp-json\/wp\/v2\/pages\/4609\/revisions\/4610"}],"up":[{"embeddable":true,"href":"http:\/\/www.svu.edu.eg\/faculties\/agr\/wp-json\/wp\/v2\/pages\/2726"}],"wp:attachment":[{"href":"http:\/\/www.svu.edu.eg\/faculties\/agr\/wp-json\/wp\/v2\/media?parent=4609"}],"curies":[{"name":"wp","href":"https:\/\/api.w.org\/{rel}","templated":true}]}}