{"id":4584,"date":"2022-02-04T19:31:45","date_gmt":"2022-02-04T19:31:45","guid":{"rendered":"http:\/\/www.svu.edu.eg\/faculties\/agr\/?page_id=4584"},"modified":"2022-02-04T19:31:54","modified_gmt":"2022-02-04T19:31:54","slug":"duree-des-etudes","status":"publish","type":"page","link":"http:\/\/www.svu.edu.eg\/faculties\/agr\/fr\/nouvelle-maitrise-en-protection-durable-des-recoltes\/duree-des-etudes\/","title":{"rendered":"Dur\u00e9e des \u00e9tudes"},"content":{"rendered":"","protected":false},"excerpt":{"rendered":"","protected":false},"author":2,"featured_media":0,"parent":2720,"menu_order":0,"comment_status":"closed","ping_status":"closed","template":"","meta":[],"jetpack_sharing_enabled":true,"jetpack-related-posts":[{"id":2643,"url":"http:\/\/www.svu.edu.eg\/faculties\/agr\/fr\/secteur-des-etudes-superieures-et-de-la-recherche\/","url_meta":{"origin":4584,"position":0},"title":"\u00c9tudes sup\u00e9rieures et Recherches","author":"omar","date":"\u064a\u0646\u0627\u064a\u0631 30, 2022","format":false,"excerpt":"Vice- doyen des \u00e9tudes sup\u00e9rieures et de la recherche supervise le secteurLe secteur se compose de cinq d\u00e9partements:1- \u00c9tudes sup\u00e9rieures2-Recherches3- Relations publiques4-Revue5-Bibloth\u00e8queObjectifs du secteurPr\u00e9parer des cadres scientifiques capables de mener des recherches scientifiques dans diff\u00e9rents domaines agricoles.Pr\u00e9parer des cadres de recherche pour les dipl\u00f4mes, les ma\u00eetrises et les doctorats.Am\u00e9liorer les\u2026","rel":"","context":"\u062a\u062f\u0648\u064a\u0646\u0629 \u0645\u0634\u0627\u0628\u0647\u0629","block_context":{"text":"\u062a\u062f\u0648\u064a\u0646\u0629 \u0645\u0634\u0627\u0628\u0647\u0629","link":""},"img":{"alt_text":"","src":"","width":0,"height":0},"classes":[]},{"id":2720,"url":"http:\/\/www.svu.edu.eg\/faculties\/agr\/fr\/nouvelle-maitrise-en-protection-durable-des-recoltes\/","url_meta":{"origin":4584,"position":1},"title":"Nouvelle ma\u00eetrise en protection durable des r\u00e9coltes","author":"omar","date":"\u0641\u0628\u0631\u0627\u064a\u0631 4, 2022","format":false,"excerpt":"Le programme est l'introduction de d\u00e9veloppement des \u00e9tudes sup\u00e9rieures dans l'enseignement agricole durable \u00e0 l'Universit\u00e9 du Sud de la vall\u00e9e et de facult\u00e9\u00a0 d\u2019Agriculture d'Universit\u00e9\u00a0 d\u2019Al-Zaqazeq, Mansoura, Ain Shams, Canal de Suez, Kafr Sheikh et Assiout en association avec les universit\u00e9s europ\u00e9ennes.","rel":"","context":"\u062a\u062f\u0648\u064a\u0646\u0629 \u0645\u0634\u0627\u0628\u0647\u0629","block_context":{"text":"\u062a\u062f\u0648\u064a\u0646\u0629 \u0645\u0634\u0627\u0628\u0647\u0629","link":""},"img":{"alt_text":"","src":"","width":0,"height":0},"classes":[]},{"id":4435,"url":"http:\/\/www.svu.edu.eg\/faculties\/agr\/fr\/secteur-des-etudes-superieures-et-de-la-recherche\/vice-doyen-pour-les-etudes-superieures\/","url_meta":{"origin":4584,"position":2},"title":"Vice- doyen pour les \u00e9tudes sup\u00e9rieures","author":"omar","date":"\u064a\u0646\u0627\u064a\u0631 31, 2022","format":false,"excerpt":"Dr. Moamen Mohamed Elwasfy Mobile:01000866728 T\u00e9l\u00e9:1290 E-mail: m.baghdady@agr.svu.edu.eg","rel":"","context":"\u062a\u062f\u0648\u064a\u0646\u0629 \u0645\u0634\u0627\u0628\u0647\u0629","block_context":{"text":"\u062a\u062f\u0648\u064a\u0646\u0629 \u0645\u0634\u0627\u0628\u0647\u0629","link":""},"img":{"alt_text":"","src":"","width":0,"height":0},"classes":[]},{"id":2717,"url":"http:\/\/www.svu.edu.eg\/faculties\/agr\/fr\/projet-de-developpement-du-systeme-devaluation-des-etudiants-et-des-examens\/","url_meta":{"origin":4584,"position":3},"title":"Projet de d\u00e9veloppement du syst\u00e8me d\u2019\u00e9valuation des \u00e9tudiants et des examens","author":"omar","date":"\u0641\u0628\u0631\u0627\u064a\u0631 4, 2022","format":false,"excerpt":"Dans le cadre des efforts de l\u2019universit\u00e9 pour mettre en \u0153uvre des r\u00e8glements de qualit\u00e9 en coop\u00e9ration avec les universit\u00e9s \u00e9gyptiennes, il est n\u00e9cessaire d\u2019\u00e9valuer les \u00e9tudiants au niveau de licence et de baccalaur\u00e9at afin d\u2019atteindre les r\u00e9sultats scientifiques visant \u00e0 qualifier les dipl\u00f4m\u00e9s au plus haut niveau pour r\u00e9pondre\u2026","rel":"","context":"\u062a\u062f\u0648\u064a\u0646\u0629 \u0645\u0634\u0627\u0628\u0647\u0629","block_context":{"text":"\u062a\u062f\u0648\u064a\u0646\u0629 \u0645\u0634\u0627\u0628\u0647\u0629","link":""},"img":{"alt_text":"","src":"","width":0,"height":0},"classes":[]},{"id":2640,"url":"http:\/\/www.svu.edu.eg\/faculties\/agr\/fr\/secteur-des-affaires-educatives-et-etudiantes\/","url_meta":{"origin":4584,"position":4},"title":"Affaires \u00e9ducatives et \u00e9tudiantes","author":"omar","date":"\u064a\u0646\u0627\u064a\u0631 30, 2022","format":false,"excerpt":"Secteur des affaires \u00e9ducatives et \u00e9tudiantes \u00a0Vice-recteur de la facult\u00e9 pour les affaires \u00e9ducatives et \u00e9tudiantes dirige les affaires des \u00e9tudiants et\u00a0 leur inscription \u00e0 leur licence. T\u00e2ches de l'administration des affaires \u00e9tudiantes la participation \u00e0 l\u2019\u00e9laboration de politiques sur les \u00e9tudes, les examens, l\u2019\u00e9ducation et les affaires \u00e9tudiantes. \u2022\u2026","rel":"","context":"\u062a\u062f\u0648\u064a\u0646\u0629 \u0645\u0634\u0627\u0628\u0647\u0629","block_context":{"text":"\u062a\u062f\u0648\u064a\u0646\u0629 \u0645\u0634\u0627\u0628\u0647\u0629","link":""},"img":{"alt_text":"","src":"","width":0,"height":0},"classes":[]},{"id":4425,"url":"http:\/\/www.svu.edu.eg\/faculties\/agr\/fr\/affaires-educatives-et-etudiantes\/","url_meta":{"origin":4584,"position":5},"title":"Affaires \u00e9ducatives et \u00e9tudiantes","author":"omar","date":"\u064a\u0646\u0627\u064a\u0631 31, 2022","format":false,"excerpt":"Secteur des affaires \u00e9ducatives et \u00e9tudiantes \u00a0Vice-recteur de la facult\u00e9 pour les affaires \u00e9ducatives et \u00e9tudiantes dirige les affaires des \u00e9tudiants et\u00a0 leur inscription \u00e0 leur licence. T\u00e2ches de l\u2019administration des affaires \u00e9tudiantes la participation \u00e0 l\u2019\u00e9laboration de politiques sur les \u00e9tudes, les examens, l\u2019\u00e9ducation et les affaires \u00e9tudiantes. \u2022\u2026","rel":"","context":"\u062a\u062f\u0648\u064a\u0646\u0629 \u0645\u0634\u0627\u0628\u0647\u0629","block_context":{"text":"\u062a\u062f\u0648\u064a\u0646\u0629 \u0645\u0634\u0627\u0628\u0647\u0629","link":""},"img":{"alt_text":"","src":"","width":0,"height":0},"classes":[]}],"_links":{"self":[{"href":"http:\/\/www.svu.edu.eg\/faculties\/agr\/wp-json\/wp\/v2\/pages\/4584"}],"collection":[{"href":"http:\/\/www.svu.edu.eg\/faculties\/agr\/wp-json\/wp\/v2\/pages"}],"about":[{"href":"http:\/\/www.svu.edu.eg\/faculties\/agr\/wp-json\/wp\/v2\/types\/page"}],"author":[{"embeddable":true,"href":"http:\/\/www.svu.edu.eg\/faculties\/agr\/wp-json\/wp\/v2\/users\/2"}],"replies":[{"embeddable":true,"href":"http:\/\/www.svu.edu.eg\/faculties\/agr\/wp-json\/wp\/v2\/comments?post=4584"}],"version-history":[{"count":1,"href":"http:\/\/www.svu.edu.eg\/faculties\/agr\/wp-json\/wp\/v2\/pages\/4584\/revisions"}],"predecessor-version":[{"id":4585,"href":"http:\/\/www.svu.edu.eg\/faculties\/agr\/wp-json\/wp\/v2\/pages\/4584\/revisions\/4585"}],"up":[{"embeddable":true,"href":"http:\/\/www.svu.edu.eg\/faculties\/agr\/wp-json\/wp\/v2\/pages\/2720"}],"wp:attachment":[{"href":"http:\/\/www.svu.edu.eg\/faculties\/agr\/wp-json\/wp\/v2\/media?parent=4584"}],"curies":[{"name":"wp","href":"https:\/\/api.w.org\/{rel}","templated":true}]}}