{"id":4561,"date":"2022-02-04T18:47:39","date_gmt":"2022-02-04T18:47:39","guid":{"rendered":"http:\/\/www.svu.edu.eg\/faculties\/agr\/?page_id=4561"},"modified":"2022-02-04T18:48:04","modified_gmt":"2022-02-04T18:48:04","slug":"mission-de-lunite","status":"publish","type":"page","link":"http:\/\/www.svu.edu.eg\/faculties\/agr\/fr\/projet-de-developpement-du-systeme-devaluation-des-etudiants-et-des-examens\/mission-de-lunite\/","title":{"rendered":"Mission de l\u2019unit\u00e9"},"content":{"rendered":"<p><span style=\"font-size: 14pt;\"><strong>Mesure et \u00e9valuation de la performance universitaire de toutes les composantes et activit\u00e9s du syst\u00e8me \u00e9ducatif et am\u00e9lioration de la comp\u00e9tence et de la comp\u00e9titivit\u00e9 des \u00e9tudiants de la facult\u00e9 d\u2019agriculture \u00e0 la lumi\u00e8re des normes de performance locales, r\u00e9gionales et mondiales.<\/strong><\/span><\/p>\n","protected":false},"excerpt":{"rendered":"<p>Mesure et \u00e9valuation de la performance universitaire de toutes les composantes et activit\u00e9s du syst\u00e8me \u00e9ducatif et am\u00e9lioration de la comp\u00e9tence et de la comp\u00e9titivit\u00e9 des \u00e9tudiants de la facult\u00e9 [&hellip;]<\/p>\n","protected":false},"author":2,"featured_media":0,"parent":2717,"menu_order":0,"comment_status":"closed","ping_status":"closed","template":"","meta":[],"jetpack_sharing_enabled":true,"jetpack-related-posts":[{"id":4511,"url":"http:\/\/www.svu.edu.eg\/faculties\/agr\/fr\/vision-mission-et-objectifs-de-la-qualite\/","url_meta":{"origin":4561,"position":0},"title":"Vision, mission et objectifs de la qualit\u00e9","author":"omar","date":"\u0641\u0628\u0631\u0627\u064a\u0631 2, 2022","format":false,"excerpt":"Mission de l\u2019Unit\u00e9 : Sensibiliser \u00e0 la culture et aux t\u00e2ches de qualit\u00e9 de la facult\u00e9 d\u2019agriculture et am\u00e9liorer le niveau de performance qui ne peut \u00eatre atteint que par les processus de rectification du niveau de performance des membres du corps professoral, les \u00e9tudiants et le personnel et la\u2026","rel":"","context":"\u062a\u062f\u0648\u064a\u0646\u0629 \u0645\u0634\u0627\u0628\u0647\u0629","block_context":{"text":"\u062a\u062f\u0648\u064a\u0646\u0629 \u0645\u0634\u0627\u0628\u0647\u0629","link":""},"img":{"alt_text":"","src":"","width":0,"height":0},"classes":[]},{"id":2714,"url":"http:\/\/www.svu.edu.eg\/faculties\/agr\/fr\/unite-de-suivi-des-diplomes\/","url_meta":{"origin":4561,"position":1},"title":"Unit\u00e9 de suivi des dipl\u00f4m\u00e9s","author":"omar","date":"\u0641\u0628\u0631\u0627\u064a\u0631 2, 2022","format":false,"excerpt":"La vision Communication continue avec la soci\u00e9t\u00e9 en faisant un suivi aupr\u00e8s des dipl\u00f4m\u00e9s de la facult\u00e9 pour \u00e9laborer et am\u00e9liorer leurs cours afin de r\u00e9pondre aux exigences des march\u00e9s du travail locaux et r\u00e9gionaux. La mission Ouvrir les voies de communication entre la facult\u00e9 et ses dipl\u00f4m\u00e9s pour une\u2026","rel":"","context":"\u062a\u062f\u0648\u064a\u0646\u0629 \u0645\u0634\u0627\u0628\u0647\u0629","block_context":{"text":"\u062a\u062f\u0648\u064a\u0646\u0629 \u0645\u0634\u0627\u0628\u0647\u0629","link":""},"img":{"alt_text":"","src":"","width":0,"height":0},"classes":[]},{"id":2640,"url":"http:\/\/www.svu.edu.eg\/faculties\/agr\/fr\/secteur-des-affaires-educatives-et-etudiantes\/","url_meta":{"origin":4561,"position":2},"title":"Affaires \u00e9ducatives et \u00e9tudiantes","author":"omar","date":"\u064a\u0646\u0627\u064a\u0631 30, 2022","format":false,"excerpt":"Secteur des affaires \u00e9ducatives et \u00e9tudiantes \u00a0Vice-recteur de la facult\u00e9 pour les affaires \u00e9ducatives et \u00e9tudiantes dirige les affaires des \u00e9tudiants et\u00a0 leur inscription \u00e0 leur licence. T\u00e2ches de l'administration des affaires \u00e9tudiantes la participation \u00e0 l\u2019\u00e9laboration de politiques sur les \u00e9tudes, les examens, l\u2019\u00e9ducation et les affaires \u00e9tudiantes. \u2022\u2026","rel":"","context":"\u062a\u062f\u0648\u064a\u0646\u0629 \u0645\u0634\u0627\u0628\u0647\u0629","block_context":{"text":"\u062a\u062f\u0648\u064a\u0646\u0629 \u0645\u0634\u0627\u0628\u0647\u0629","link":""},"img":{"alt_text":"","src":"","width":0,"height":0},"classes":[]},{"id":4425,"url":"http:\/\/www.svu.edu.eg\/faculties\/agr\/fr\/affaires-educatives-et-etudiantes\/","url_meta":{"origin":4561,"position":3},"title":"Affaires \u00e9ducatives et \u00e9tudiantes","author":"omar","date":"\u064a\u0646\u0627\u064a\u0631 31, 2022","format":false,"excerpt":"Secteur des affaires \u00e9ducatives et \u00e9tudiantes \u00a0Vice-recteur de la facult\u00e9 pour les affaires \u00e9ducatives et \u00e9tudiantes dirige les affaires des \u00e9tudiants et\u00a0 leur inscription \u00e0 leur licence. T\u00e2ches de l\u2019administration des affaires \u00e9tudiantes la participation \u00e0 l\u2019\u00e9laboration de politiques sur les \u00e9tudes, les examens, l\u2019\u00e9ducation et les affaires \u00e9tudiantes. \u2022\u2026","rel":"","context":"\u062a\u062f\u0648\u064a\u0646\u0629 \u0645\u0634\u0627\u0628\u0647\u0629","block_context":{"text":"\u062a\u062f\u0648\u064a\u0646\u0629 \u0645\u0634\u0627\u0628\u0647\u0629","link":""},"img":{"alt_text":"","src":"","width":0,"height":0},"classes":[]},{"id":4563,"url":"http:\/\/www.svu.edu.eg\/faculties\/agr\/fr\/projet-de-developpement-du-systeme-devaluation-des-etudiants-et-des-examens\/objectifs-de-lunite\/","url_meta":{"origin":4561,"position":4},"title":"objectifs de l&#8217;Unit\u00e9","author":"omar","date":"\u0641\u0628\u0631\u0627\u064a\u0631 4, 2022","format":false,"excerpt":"1- \u00c9tablissement d\u2019une unit\u00e9 \u00e0 la facult\u00e9 qui g\u00e8re, suit et fournit un soutien technique pour l\u2019orthographie des \u00e9tudiants \u00e0 la facult\u00e9 en conformit\u00e9 avec les r\u00e9sultats du centre pour le d\u00e9veloppement des syst\u00e8mes de calendrier \u00e9tudiant et des examens \u00e0 l\u2019Universit\u00e9 du Sud de la Vall\u00e9e. 2- Pr\u00e9paration d\u2019un\u2026","rel":"","context":"\u062a\u062f\u0648\u064a\u0646\u0629 \u0645\u0634\u0627\u0628\u0647\u0629","block_context":{"text":"\u062a\u062f\u0648\u064a\u0646\u0629 \u0645\u0634\u0627\u0628\u0647\u0629","link":""},"img":{"alt_text":"","src":"","width":0,"height":0},"classes":[]},{"id":4465,"url":"http:\/\/www.svu.edu.eg\/faculties\/agr\/fr\/secteur-du-service-communautaire-et-le-developpement-environnemental\/administration-des-crises-et-des-catastrophes\/","url_meta":{"origin":4561,"position":5},"title":"Administration des crises et des catastrophes","author":"omar","date":"\u0641\u0628\u0631\u0627\u064a\u0631 1, 2022","format":false,"excerpt":"L\u2019id\u00e9e de cr\u00e9er une unit\u00e9 : Prot\u00e9ger l\u2019ensemble des installations de la facult\u00e9 contre les salles de cours, les laboratoires et\u00a0 les biblioth\u00e8ques , ainsi que tout le contenu de ces installations contre l\u2019\u00e9quipement scientifique et de laboratoire, les livres, la recherche, les documents et divers outils. Vision\u00a0: D\u00e9velopper la\u2026","rel":"","context":"\u062a\u062f\u0648\u064a\u0646\u0629 \u0645\u0634\u0627\u0628\u0647\u0629","block_context":{"text":"\u062a\u062f\u0648\u064a\u0646\u0629 \u0645\u0634\u0627\u0628\u0647\u0629","link":""},"img":{"alt_text":"","src":"","width":0,"height":0},"classes":[]}],"_links":{"self":[{"href":"http:\/\/www.svu.edu.eg\/faculties\/agr\/wp-json\/wp\/v2\/pages\/4561"}],"collection":[{"href":"http:\/\/www.svu.edu.eg\/faculties\/agr\/wp-json\/wp\/v2\/pages"}],"about":[{"href":"http:\/\/www.svu.edu.eg\/faculties\/agr\/wp-json\/wp\/v2\/types\/page"}],"author":[{"embeddable":true,"href":"http:\/\/www.svu.edu.eg\/faculties\/agr\/wp-json\/wp\/v2\/users\/2"}],"replies":[{"embeddable":true,"href":"http:\/\/www.svu.edu.eg\/faculties\/agr\/wp-json\/wp\/v2\/comments?post=4561"}],"version-history":[{"count":1,"href":"http:\/\/www.svu.edu.eg\/faculties\/agr\/wp-json\/wp\/v2\/pages\/4561\/revisions"}],"predecessor-version":[{"id":4562,"href":"http:\/\/www.svu.edu.eg\/faculties\/agr\/wp-json\/wp\/v2\/pages\/4561\/revisions\/4562"}],"up":[{"embeddable":true,"href":"http:\/\/www.svu.edu.eg\/faculties\/agr\/wp-json\/wp\/v2\/pages\/2717"}],"wp:attachment":[{"href":"http:\/\/www.svu.edu.eg\/faculties\/agr\/wp-json\/wp\/v2\/media?parent=4561"}],"curies":[{"name":"wp","href":"https:\/\/api.w.org\/{rel}","templated":true}]}}