{"id":4532,"date":"2022-02-02T20:23:22","date_gmt":"2022-02-02T20:23:22","guid":{"rendered":"http:\/\/www.svu.edu.eg\/faculties\/agr\/?page_id=4532"},"modified":"2022-02-02T20:23:28","modified_gmt":"2022-02-02T20:23:28","slug":"les-sites-concernes","status":"publish","type":"page","link":"http:\/\/www.svu.edu.eg\/faculties\/agr\/fr\/les-sites-concernes\/","title":{"rendered":"Les sites concern\u00e9s"},"content":{"rendered":"<p style=\"text-align: center;\"><img decoding=\"async\" src=\"https:\/\/i0.wp.com\/www.svu.edu.eg\/faculties\/agr\/wp-content\/uploads\/2020\/02\/www.naqaae.eg_.png?w=720\" data-recalc-dims=\"1\"><\/p>\n<p style=\"text-align: center;\"><a href=\"https:\/\/naqaae.eg\/ar\/\">Autorit\u00e9 nationale pour l\u2019assurance qualit\u00e9 de l\u2019enseignement et l\u2019accr\u00e9ditation<\/a><\/p>\n<p style=\"text-align: center;\"><img decoding=\"async\" src=\"https:\/\/i0.wp.com\/www.svu.edu.eg\/faculties\/agr\/wp-content\/uploads\/2020\/02\/www.qaap_.edu_.eg_.gif?w=720\" data-recalc-dims=\"1\"><\/p>\n<div class=\"translation-box\">\n<div class=\"translation-box-wrapper box-position-wrapper full-screen\">\n<div class=\"translation-inputs\">\n<div class=\"translation-input translation-input__target content-box-wrapper translation-input--ltr\">\n<div class=\"translation-input__main translation-input__result\">\n<div class=\"sentence-wrapper\" style=\"text-align: center;\"><span class=\"sentence-wrapper_without-hover ng-star-inserted\"><strong>Projet sur l\u2019assurance qualit\u00e9 et l\u2019accr\u00e9ditation dans l\u2019enseignement sup\u00e9rieur en \u00c9gypte<\/strong><br \/>\n<\/span><\/div>\n<\/div>\n<div class=\"translation-input__bottom_controls ng-star-inserted\"><button class=\"ng-star-inserted\" aria-label=\"Copy translation\">&nbsp;<\/button><\/div>\n<\/div>\n<\/div>\n<\/div>\n<div class=\"box-position-wrapper box-position-wrapper__footer full-screen\" style=\"text-align: center;\"><img decoding=\"async\" src=\"https:\/\/i0.wp.com\/www.svu.edu.eg\/faculties\/agr\/wp-content\/uploads\/2020\/02\/www.heep_.edu_.eg_.png?w=720\" data-recalc-dims=\"1\"><\/div>\n<div style=\"text-align: center;\">\n<div class=\"translation-box\">\n<div class=\"translation-box-wrapper box-position-wrapper full-screen\">\n<div class=\"translation-inputs\">\n<div class=\"translation-input translation-input__target content-box-wrapper translation-input--ltr\">\n<div class=\"translation-input__main translation-input__result\">\n<div class=\"sentence-wrapper\"><strong><span class=\"sentence-wrapper_without-hover ng-star-inserted\">D\u00e9veloppement de l\u2019enseignement sup\u00e9rieur en \u00c9gypte<\/span><\/strong><\/div>\n<\/div>\n<\/div>\n<\/div>\n<\/div>\n<\/div>\n<div id=\"rna-desktop\" class=\"rna-wrapper\"><\/div>\n<\/div>\n<\/div>\n","protected":false},"excerpt":{"rendered":"<p>Autorit\u00e9 nationale pour l\u2019assurance qualit\u00e9 de l\u2019enseignement et l\u2019accr\u00e9ditation Projet sur l\u2019assurance qualit\u00e9 et l\u2019accr\u00e9ditation dans l\u2019enseignement sup\u00e9rieur en \u00c9gypte &nbsp; D\u00e9veloppement de l\u2019enseignement sup\u00e9rieur en \u00c9gypte<\/p>\n","protected":false},"author":2,"featured_media":0,"parent":0,"menu_order":0,"comment_status":"closed","ping_status":"closed","template":"","meta":[],"jetpack_sharing_enabled":true,"jetpack-related-posts":[{"id":4511,"url":"http:\/\/www.svu.edu.eg\/faculties\/agr\/fr\/vision-mission-et-objectifs-de-la-qualite\/","url_meta":{"origin":4532,"position":0},"title":"Vision, mission et objectifs de la qualit\u00e9","author":"omar","date":"\u0641\u0628\u0631\u0627\u064a\u0631 2, 2022","format":false,"excerpt":"Mission de l\u2019Unit\u00e9 : Sensibiliser \u00e0 la culture et aux t\u00e2ches de qualit\u00e9 de la facult\u00e9 d\u2019agriculture et am\u00e9liorer le niveau de performance qui ne peut \u00eatre atteint que par les processus de rectification du niveau de performance des membres du corps professoral, les \u00e9tudiants et le personnel et la\u2026","rel":"","context":"\u062a\u062f\u0648\u064a\u0646\u0629 \u0645\u0634\u0627\u0628\u0647\u0629","block_context":{"text":"\u062a\u062f\u0648\u064a\u0646\u0629 \u0645\u0634\u0627\u0628\u0647\u0629","link":""},"img":{"alt_text":"","src":"","width":0,"height":0},"classes":[]},{"id":2717,"url":"http:\/\/www.svu.edu.eg\/faculties\/agr\/fr\/projet-de-developpement-du-systeme-devaluation-des-etudiants-et-des-examens\/","url_meta":{"origin":4532,"position":1},"title":"Projet de d\u00e9veloppement du syst\u00e8me d\u2019\u00e9valuation des \u00e9tudiants et des examens","author":"omar","date":"\u0641\u0628\u0631\u0627\u064a\u0631 4, 2022","format":false,"excerpt":"Dans le cadre des efforts de l\u2019universit\u00e9 pour mettre en \u0153uvre des r\u00e8glements de qualit\u00e9 en coop\u00e9ration avec les universit\u00e9s \u00e9gyptiennes, il est n\u00e9cessaire d\u2019\u00e9valuer les \u00e9tudiants au niveau de licence et de baccalaur\u00e9at afin d\u2019atteindre les r\u00e9sultats scientifiques visant \u00e0 qualifier les dipl\u00f4m\u00e9s au plus haut niveau pour r\u00e9pondre\u2026","rel":"","context":"\u062a\u062f\u0648\u064a\u0646\u0629 \u0645\u0634\u0627\u0628\u0647\u0629","block_context":{"text":"\u062a\u062f\u0648\u064a\u0646\u0629 \u0645\u0634\u0627\u0628\u0647\u0629","link":""},"img":{"alt_text":"","src":"","width":0,"height":0},"classes":[]},{"id":4575,"url":"http:\/\/www.svu.edu.eg\/faculties\/agr\/fr\/nouvelle-maitrise-en-protection-durable-des-recoltes\/vision-du-programme\/","url_meta":{"origin":4532,"position":2},"title":"Vision du programme","author":"omar","date":"\u0641\u0628\u0631\u0627\u064a\u0631 4, 2022","format":false,"excerpt":"Excellence dans le domaine de la protection durable des plantes aux niveaux national, r\u00e9gional et international par l\u2019engagement \u00e0 la qualit\u00e9, le d\u00e9veloppement continu et la coop\u00e9ration constructive avec la communaut\u00e9 locale et les institutions et instituts scientifiques arabes et \u00e9trangers dans un cadre culturel, social et de valeur pour\u2026","rel":"","context":"\u062a\u062f\u0648\u064a\u0646\u0629 \u0645\u0634\u0627\u0628\u0647\u0629","block_context":{"text":"\u062a\u062f\u0648\u064a\u0646\u0629 \u0645\u0634\u0627\u0628\u0647\u0629","link":""},"img":{"alt_text":"","src":"","width":0,"height":0},"classes":[]},{"id":4579,"url":"http:\/\/www.svu.edu.eg\/faculties\/agr\/fr\/nouvelle-maitrise-en-protection-durable-des-recoltes\/objectifs-du-programme\/","url_meta":{"origin":4532,"position":3},"title":"Objectifs du programme","author":"omar","date":"\u0641\u0628\u0631\u0627\u064a\u0631 4, 2022","format":false,"excerpt":"D\u00e9velopper de l\u2019enseignement sup\u00e9rieur en proposant un nouveau master en protection durable des cultures en phase avec les nouveaux d\u00e9veloppements mondiaux, la demande sur le march\u00e9 du travail, et conform\u00e9ment \u00e0 la Convention de Bologne et aux normes internationales par les moyens suivants: 1- Proposer un nouveau programme de master\u2026","rel":"","context":"\u062a\u062f\u0648\u064a\u0646\u0629 \u0645\u0634\u0627\u0628\u0647\u0629","block_context":{"text":"\u062a\u062f\u0648\u064a\u0646\u0629 \u0645\u0634\u0627\u0628\u0647\u0629","link":""},"img":{"alt_text":"","src":"","width":0,"height":0},"classes":[]},{"id":4577,"url":"http:\/\/www.svu.edu.eg\/faculties\/agr\/fr\/nouvelle-maitrise-en-protection-durable-des-recoltes\/mission-du-programme\/","url_meta":{"origin":4532,"position":4},"title":"Mission du programme","author":"omar","date":"\u0641\u0628\u0631\u0627\u064a\u0631 4, 2022","format":false,"excerpt":"Formation de grande qualit\u00e9 pour pr\u00e9parer les cadres et les chercheurs qualifi\u00e9s aux exigences du march\u00e9 du travail; d\u00e9velopper le secteur productif et de la recherche agricole et r\u00e9soudre les probl\u00e8mes li\u00e9s \u00e0 la protection durable des cultures \u00e0 la lumi\u00e8re du d\u00e9veloppement scientifique afin que la communication, le d\u00e9veloppement\u2026","rel":"","context":"\u062a\u062f\u0648\u064a\u0646\u0629 \u0645\u0634\u0627\u0628\u0647\u0629","block_context":{"text":"\u062a\u062f\u0648\u064a\u0646\u0629 \u0645\u0634\u0627\u0628\u0647\u0629","link":""},"img":{"alt_text":"","src":"","width":0,"height":0},"classes":[]},{"id":4465,"url":"http:\/\/www.svu.edu.eg\/faculties\/agr\/fr\/secteur-du-service-communautaire-et-le-developpement-environnemental\/administration-des-crises-et-des-catastrophes\/","url_meta":{"origin":4532,"position":5},"title":"Administration des crises et des catastrophes","author":"omar","date":"\u0641\u0628\u0631\u0627\u064a\u0631 1, 2022","format":false,"excerpt":"L\u2019id\u00e9e de cr\u00e9er une unit\u00e9 : Prot\u00e9ger l\u2019ensemble des installations de la facult\u00e9 contre les salles de cours, les laboratoires et\u00a0 les biblioth\u00e8ques , ainsi que tout le contenu de ces installations contre l\u2019\u00e9quipement scientifique et de laboratoire, les livres, la recherche, les documents et divers outils. Vision\u00a0: D\u00e9velopper la\u2026","rel":"","context":"\u062a\u062f\u0648\u064a\u0646\u0629 \u0645\u0634\u0627\u0628\u0647\u0629","block_context":{"text":"\u062a\u062f\u0648\u064a\u0646\u0629 \u0645\u0634\u0627\u0628\u0647\u0629","link":""},"img":{"alt_text":"","src":"","width":0,"height":0},"classes":[]}],"_links":{"self":[{"href":"http:\/\/www.svu.edu.eg\/faculties\/agr\/wp-json\/wp\/v2\/pages\/4532"}],"collection":[{"href":"http:\/\/www.svu.edu.eg\/faculties\/agr\/wp-json\/wp\/v2\/pages"}],"about":[{"href":"http:\/\/www.svu.edu.eg\/faculties\/agr\/wp-json\/wp\/v2\/types\/page"}],"author":[{"embeddable":true,"href":"http:\/\/www.svu.edu.eg\/faculties\/agr\/wp-json\/wp\/v2\/users\/2"}],"replies":[{"embeddable":true,"href":"http:\/\/www.svu.edu.eg\/faculties\/agr\/wp-json\/wp\/v2\/comments?post=4532"}],"version-history":[{"count":2,"href":"http:\/\/www.svu.edu.eg\/faculties\/agr\/wp-json\/wp\/v2\/pages\/4532\/revisions"}],"predecessor-version":[{"id":4534,"href":"http:\/\/www.svu.edu.eg\/faculties\/agr\/wp-json\/wp\/v2\/pages\/4532\/revisions\/4534"}],"wp:attachment":[{"href":"http:\/\/www.svu.edu.eg\/faculties\/agr\/wp-json\/wp\/v2\/media?parent=4532"}],"curies":[{"name":"wp","href":"https:\/\/api.w.org\/{rel}","templated":true}]}}