{"id":4525,"date":"2022-02-02T20:11:04","date_gmt":"2022-02-02T20:11:04","guid":{"rendered":"http:\/\/www.svu.edu.eg\/faculties\/agr\/?page_id=4525"},"modified":"2022-02-02T20:11:08","modified_gmt":"2022-02-02T20:11:08","slug":"projets-de-developpement","status":"publish","type":"page","link":"http:\/\/www.svu.edu.eg\/faculties\/agr\/fr\/projets-de-developpement\/","title":{"rendered":"Projets de d\u00e9veloppement"},"content":{"rendered":"","protected":false},"excerpt":{"rendered":"","protected":false},"author":2,"featured_media":0,"parent":0,"menu_order":0,"comment_status":"closed","ping_status":"closed","template":"","meta":[],"jetpack_sharing_enabled":true,"jetpack-related-posts":[{"id":2723,"url":"http:\/\/www.svu.edu.eg\/faculties\/agr\/fr\/projets-de-participation-des-etudiants\/","url_meta":{"origin":4525,"position":0},"title":"Projets de participation des \u00e9tudiants","author":"omar","date":"\u0641\u0628\u0631\u0627\u064a\u0631 4, 2022","format":false,"excerpt":"1- Projet de d\u00e9veloppement d\u2019une technologie pour produire de plusieurs plants de l\u00e9gumes \u00e0 Q\u00e9na. 2-Projet relatif \u00e0 la production et \u00e0 la fabrication d\u2019amidon et de pain alimentaire \u00e0 partir de ma\u00efs. 3- Projet d'\u00e9tablissement d'un \u00a0mod\u00e8le de ferme dans les \u00a0terres nouvellement r\u00e9par\u00e9es.","rel":"","context":"\u062a\u062f\u0648\u064a\u0646\u0629 \u0645\u0634\u0627\u0628\u0647\u0629","block_context":{"text":"\u062a\u062f\u0648\u064a\u0646\u0629 \u0645\u0634\u0627\u0628\u0647\u0629","link":""},"img":{"alt_text":"","src":"","width":0,"height":0},"classes":[]},{"id":4593,"url":"http:\/\/www.svu.edu.eg\/faculties\/agr\/fr\/projets-de-participation-des-etudiants\/developpement-de-la-technologie-des-plants-de-recoltes\/","url_meta":{"origin":4525,"position":1},"title":"D\u00e9veloppement de la technologie des plants de r\u00e9coltes","author":"omar","date":"\u0641\u0628\u0631\u0627\u064a\u0631 4, 2022","format":false,"excerpt":"La province de Q\u00e9na est l\u2019une des provinces les plus prometteuses dans la production agricole en g\u00e9n\u00e9ral et la production de l\u00e9gumes en particulier en raison de son vaste fond d\u00e9sertique et le climat propice \u00e0 la production de divers produits agricoles et de la disponibilit\u00e9 de la main-d\u2019\u0153uvre. Les\u2026","rel":"","context":"\u062a\u062f\u0648\u064a\u0646\u0629 \u0645\u0634\u0627\u0628\u0647\u0629","block_context":{"text":"\u062a\u062f\u0648\u064a\u0646\u0629 \u0645\u0634\u0627\u0628\u0647\u0629","link":""},"img":{"alt_text":"","src":"","width":0,"height":0},"classes":[]},{"id":4462,"url":"http:\/\/www.svu.edu.eg\/faculties\/agr\/fr\/secteur-du-service-communautaire-et-le-developpement-environnemental\/convois\/","url_meta":{"origin":4525,"position":2},"title":"Convois","author":"omar","date":"\u0641\u0628\u0631\u0627\u064a\u0631 1, 2022","format":false,"excerpt":"Le secteur du service communautaire et du d\u00e9veloppement environnemental de la facult\u00e9 d\u2019Agriculture de l\u2019Universit\u00e9 du Sud de la Vall\u00e9e, avec la participation de membres du corps professoral de la facult\u00e9, met en \u0153uvre des convois\u00a0 agricoles au niveau du centre d\u2019extension dans les villages et les centres des provinces\u2026","rel":"","context":"\u062a\u062f\u0648\u064a\u0646\u0629 \u0645\u0634\u0627\u0628\u0647\u0629","block_context":{"text":"\u062a\u062f\u0648\u064a\u0646\u0629 \u0645\u0634\u0627\u0628\u0647\u0629","link":""},"img":{"alt_text":"","src":"","width":0,"height":0},"classes":[]},{"id":4494,"url":"http:\/\/www.svu.edu.eg\/faculties\/agr\/fr\/lunite-des-services-electronique\/les-projets-de-lunite\/","url_meta":{"origin":4525,"position":3},"title":"Les projets de l&#8217;unit\u00e9","author":"omar","date":"\u0641\u0628\u0631\u0627\u064a\u0631 2, 2022","format":false,"excerpt":"","rel":"","context":"\u062a\u062f\u0648\u064a\u0646\u0629 \u0645\u0634\u0627\u0628\u0647\u0629","block_context":{"text":"\u062a\u062f\u0648\u064a\u0646\u0629 \u0645\u0634\u0627\u0628\u0647\u0629","link":""},"img":{"alt_text":"","src":"","width":0,"height":0},"classes":[]},{"id":4598,"url":"http:\/\/www.svu.edu.eg\/faculties\/agr\/fr\/projets-de-participation-des-etudiants\/projet-de-modelisation-dune-ferme\/","url_meta":{"origin":4525,"position":4},"title":"Projet de mod\u00e9lisation d\u2019une ferme","author":"omar","date":"\u0641\u0628\u0631\u0627\u064a\u0631 4, 2022","format":false,"excerpt":"Projet de mod\u00e9lisation d\u2019une ferme\u00a0 avec des terres nouvellement r\u00e9par\u00e9es","rel":"","context":"\u062a\u062f\u0648\u064a\u0646\u0629 \u0645\u0634\u0627\u0628\u0647\u0629","block_context":{"text":"\u062a\u062f\u0648\u064a\u0646\u0629 \u0645\u0634\u0627\u0628\u0647\u0629","link":""},"img":{"alt_text":"","src":"","width":0,"height":0},"classes":[]},{"id":4595,"url":"http:\/\/www.svu.edu.eg\/faculties\/agr\/fr\/projets-de-participation-des-etudiants\/fabrication-damidon-et-de-pain-alimentaire-de-sorgho\/","url_meta":{"origin":4525,"position":5},"title":"Fabrication d\u2019amidon et de pain alimentaire de sorgho","author":"omar","date":"\u0641\u0628\u0631\u0627\u064a\u0631 4, 2022","format":false,"excerpt":"Fabrication d\u2019amidon et de pain alimentaire \u00e0 partir de sorgho","rel":"","context":"\u062a\u062f\u0648\u064a\u0646\u0629 \u0645\u0634\u0627\u0628\u0647\u0629","block_context":{"text":"\u062a\u062f\u0648\u064a\u0646\u0629 \u0645\u0634\u0627\u0628\u0647\u0629","link":""},"img":{"alt_text":"","src":"","width":0,"height":0},"classes":[]}],"_links":{"self":[{"href":"http:\/\/www.svu.edu.eg\/faculties\/agr\/wp-json\/wp\/v2\/pages\/4525"}],"collection":[{"href":"http:\/\/www.svu.edu.eg\/faculties\/agr\/wp-json\/wp\/v2\/pages"}],"about":[{"href":"http:\/\/www.svu.edu.eg\/faculties\/agr\/wp-json\/wp\/v2\/types\/page"}],"author":[{"embeddable":true,"href":"http:\/\/www.svu.edu.eg\/faculties\/agr\/wp-json\/wp\/v2\/users\/2"}],"replies":[{"embeddable":true,"href":"http:\/\/www.svu.edu.eg\/faculties\/agr\/wp-json\/wp\/v2\/comments?post=4525"}],"version-history":[{"count":1,"href":"http:\/\/www.svu.edu.eg\/faculties\/agr\/wp-json\/wp\/v2\/pages\/4525\/revisions"}],"predecessor-version":[{"id":4526,"href":"http:\/\/www.svu.edu.eg\/faculties\/agr\/wp-json\/wp\/v2\/pages\/4525\/revisions\/4526"}],"wp:attachment":[{"href":"http:\/\/www.svu.edu.eg\/faculties\/agr\/wp-json\/wp\/v2\/media?parent=4525"}],"curies":[{"name":"wp","href":"https:\/\/api.w.org\/{rel}","templated":true}]}}