{"id":4514,"date":"2022-02-02T20:04:46","date_gmt":"2022-02-02T20:04:46","guid":{"rendered":"http:\/\/www.svu.edu.eg\/faculties\/agr\/?page_id=4514"},"modified":"2022-02-02T20:04:52","modified_gmt":"2022-02-02T20:04:52","slug":"membres-du-conseil-dadministration","status":"publish","type":"page","link":"http:\/\/www.svu.edu.eg\/faculties\/agr\/fr\/membres-du-conseil-dadministration\/","title":{"rendered":"Membres du Conseil d&#8217;administration"},"content":{"rendered":"<table>\n<tbody>\n<tr>\n<td width=\"31\">&nbsp;<\/td>\n<td width=\"264\"><strong>Nom<\/strong><\/td>\n<td width=\"148\"><strong>Membres<\/strong><\/td>\n<td width=\"148\"><strong>Fonction<\/strong><\/td>\n<\/tr>\n<tr>\n<td width=\"31\">1<\/td>\n<td width=\"264\">Dr. Essam El-din Abdelhady<\/td>\n<td width=\"148\">Doyen de la facult\u00e9<\/td>\n<td width=\"148\">Chef<\/td>\n<\/tr>\n<tr>\n<td width=\"31\">2<\/td>\n<td width=\"264\">Dr. Abo Bakr Abdelmenam<\/td>\n<td width=\"148\">Membre<\/td>\n<td width=\"148\">Vice- doyen pour les affaires \u00e9ducatives et \u00e9tudiantes<\/td>\n<\/tr>\n<tr>\n<td width=\"31\">3<\/td>\n<td width=\"264\">Dr. Moamen Mohamed Elwasfy<\/td>\n<td width=\"148\">Membre<\/td>\n<td width=\"148\">Vice- doyen pour les \u00e9tudes sup\u00e9rieures et&nbsp; la recherche<\/td>\n<\/tr>\n<tr>\n<td width=\"31\">4<\/td>\n<td width=\"264\">Dr. Abdelaziz&nbsp; Sheba Abdelrahman<\/td>\n<td width=\"148\">Membre<\/td>\n<td width=\"148\">Vice-doyen &nbsp;pour le service communautaire et le d\u00e9veloppement environnemental<\/td>\n<\/tr>\n<tr>\n<td width=\"31\">5<\/td>\n<td width=\"264\">Dr. Tharout Mohamed Elameen<\/td>\n<td width=\"148\">Membre<\/td>\n<td width=\"148\">Chef de d\u00e9partement de botanique agricole<\/td>\n<\/tr>\n<tr>\n<td width=\"31\">6<\/td>\n<td width=\"264\">Dr. Mohamed Syed Hassan<\/td>\n<td width=\"148\">Membre<\/td>\n<td width=\"148\">Chef de d\u00e9partement des r\u00e9coltes<\/td>\n<\/tr>\n<tr>\n<td width=\"31\">7<\/td>\n<td width=\"264\">Dr. Aymen Mohamed Abdelnaby<\/td>\n<td width=\"148\">Membre<\/td>\n<td width=\"148\">Chef de d\u00e9partement d\u2019horticulture<\/td>\n<\/tr>\n<tr>\n<td width=\"31\">8<\/td>\n<td width=\"264\">Dr. Kareem Mohamed Mahaney<\/td>\n<td width=\"148\">Membre<\/td>\n<td width=\"148\">Chef de d\u00e9partement de protection phytosanitaire<\/td>\n<\/tr>\n<tr>\n<td width=\"31\">9<\/td>\n<td width=\"264\">Dr. Montaser Mohamed Hamdoon<\/td>\n<td width=\"148\">Membre<\/td>\n<td width=\"148\">Chef de d\u00e9partement d\u2019\u00e9conomie et de vulgarisation agricole<\/td>\n<\/tr>\n<\/tbody>\n<\/table>\n<p>&nbsp;<\/p>\n","protected":false},"excerpt":{"rendered":"<p>&nbsp; Nom Membres Fonction 1 Dr. Essam El-din Abdelhady Doyen de la facult\u00e9 Chef 2 Dr. Abo Bakr Abdelmenam Membre Vice- doyen pour les affaires \u00e9ducatives et \u00e9tudiantes 3 Dr. [&hellip;]<\/p>\n","protected":false},"author":2,"featured_media":0,"parent":0,"menu_order":0,"comment_status":"closed","ping_status":"closed","template":"","meta":[],"jetpack_sharing_enabled":true,"jetpack-related-posts":[{"id":4435,"url":"http:\/\/www.svu.edu.eg\/faculties\/agr\/fr\/secteur-des-etudes-superieures-et-de-la-recherche\/vice-doyen-pour-les-etudes-superieures\/","url_meta":{"origin":4514,"position":0},"title":"Vice- doyen pour les \u00e9tudes sup\u00e9rieures","author":"omar","date":"\u064a\u0646\u0627\u064a\u0631 31, 2022","format":false,"excerpt":"Dr. Moamen Mohamed Elwasfy Mobile:01000866728 T\u00e9l\u00e9:1290 E-mail: m.baghdady@agr.svu.edu.eg","rel":"","context":"\u062a\u062f\u0648\u064a\u0646\u0629 \u0645\u0634\u0627\u0628\u0647\u0629","block_context":{"text":"\u062a\u062f\u0648\u064a\u0646\u0629 \u0645\u0634\u0627\u0628\u0647\u0629","link":""},"img":{"alt_text":"","src":"","width":0,"height":0},"classes":[]},{"id":4549,"url":"http:\/\/www.svu.edu.eg\/faculties\/agr\/fr\/unite-de-suivi-des-diplomes\/activites-de-lunite\/","url_meta":{"origin":4514,"position":1},"title":"Activit\u00e9s de l&#8217;Unit\u00e9","author":"omar","date":"\u0641\u0628\u0631\u0627\u064a\u0631 2, 2022","format":false,"excerpt":"Cours de formation pour pr\u00e9parer les \u00e9tudiants au march\u00e9 du travail 1\/4\/2018 Sous les auspices du dr. Mohamed Ali, doyen de la facult\u00e9, et du dr. \u00a0Abdulaziz Shiba Abdurrahman, vice- doyen de la facult\u00e9 pour le service communautaire et les affaires de d\u00e9veloppement environnemental, dans le cadre de l\u2019int\u00e9r\u00eat de\u2026","rel":"","context":"\u062a\u062f\u0648\u064a\u0646\u0629 \u0645\u0634\u0627\u0628\u0647\u0629","block_context":{"text":"\u062a\u062f\u0648\u064a\u0646\u0629 \u0645\u0634\u0627\u0628\u0647\u0629","link":""},"img":{"alt_text":"","src":"","width":0,"height":0},"classes":[]},{"id":2714,"url":"http:\/\/www.svu.edu.eg\/faculties\/agr\/fr\/unite-de-suivi-des-diplomes\/","url_meta":{"origin":4514,"position":2},"title":"Unit\u00e9 de suivi des dipl\u00f4m\u00e9s","author":"omar","date":"\u0641\u0628\u0631\u0627\u064a\u0631 2, 2022","format":false,"excerpt":"La vision Communication continue avec la soci\u00e9t\u00e9 en faisant un suivi aupr\u00e8s des dipl\u00f4m\u00e9s de la facult\u00e9 pour \u00e9laborer et am\u00e9liorer leurs cours afin de r\u00e9pondre aux exigences des march\u00e9s du travail locaux et r\u00e9gionaux. La mission Ouvrir les voies de communication entre la facult\u00e9 et ses dipl\u00f4m\u00e9s pour une\u2026","rel":"","context":"\u062a\u062f\u0648\u064a\u0646\u0629 \u0645\u0634\u0627\u0628\u0647\u0629","block_context":{"text":"\u062a\u062f\u0648\u064a\u0646\u0629 \u0645\u0634\u0627\u0628\u0647\u0629","link":""},"img":{"alt_text":"","src":"","width":0,"height":0},"classes":[]},{"id":4471,"url":"http:\/\/www.svu.edu.eg\/faculties\/agr\/fr\/secteur-du-service-communautaire-et-le-developpement-environnemental\/securite-et-hygiene\/","url_meta":{"origin":4514,"position":3},"title":"S\u00e9curit\u00e9 et Hygi\u00e8ne","author":"omar","date":"\u0641\u0628\u0631\u0627\u064a\u0631 1, 2022","format":false,"excerpt":"La s\u00e9curit\u00e9 et la sant\u00e9 au travail sont d\u00e9finies comme la science qui vise \u00e0 pr\u00e9server la s\u00e9curit\u00e9 et la sant\u00e9 des personnes en fournissant des environnements de travail s\u00fbrs, exempts d\u2019accidents du travail, de blessures ou de maladies, c\u2019est-\u00e0-dire un ensemble de proc\u00e9dures, des r\u00e8gles et des r\u00e8glements dans\u2026","rel":"","context":"\u062a\u062f\u0648\u064a\u0646\u0629 \u0645\u0634\u0627\u0628\u0647\u0629","block_context":{"text":"\u062a\u062f\u0648\u064a\u0646\u0629 \u0645\u0634\u0627\u0628\u0647\u0629","link":""},"img":{"alt_text":"","src":"","width":0,"height":0},"classes":[]},{"id":4420,"url":"http:\/\/www.svu.edu.eg\/faculties\/agr\/fr\/communaute-scientifique\/","url_meta":{"origin":4514,"position":4},"title":"Communaut\u00e9 scientifique","author":"omar","date":"\u064a\u0646\u0627\u064a\u0631 31, 2022","format":false,"excerpt":"Le conseil de la facult\u00e9 compos\u00e9e de membres du corps professoral aux d\u00e9partements acad\u00e9mique participant \u00e0 un seul programme a form\u00e9 des \"services scientifiques\" internes, avec un maximum de deux membres de chaque d\u00e9partement. T\u00e2ches de communaut\u00e9 scientifique Les cours et toutes les questions p\u00e9dagogiques relatives \u00e0 ce programme leur\u2026","rel":"","context":"\u062a\u062f\u0648\u064a\u0646\u0629 \u0645\u0634\u0627\u0628\u0647\u0629","block_context":{"text":"\u062a\u062f\u0648\u064a\u0646\u0629 \u0645\u0634\u0627\u0628\u0647\u0629","link":""},"img":{"alt_text":"","src":"","width":0,"height":0},"classes":[]},{"id":2643,"url":"http:\/\/www.svu.edu.eg\/faculties\/agr\/fr\/secteur-des-etudes-superieures-et-de-la-recherche\/","url_meta":{"origin":4514,"position":5},"title":"\u00c9tudes sup\u00e9rieures et Recherches","author":"omar","date":"\u064a\u0646\u0627\u064a\u0631 30, 2022","format":false,"excerpt":"Vice- doyen des \u00e9tudes sup\u00e9rieures et de la recherche supervise le secteurLe secteur se compose de cinq d\u00e9partements:1- \u00c9tudes sup\u00e9rieures2-Recherches3- Relations publiques4-Revue5-Bibloth\u00e8queObjectifs du secteurPr\u00e9parer des cadres scientifiques capables de mener des recherches scientifiques dans diff\u00e9rents domaines agricoles.Pr\u00e9parer des cadres de recherche pour les dipl\u00f4mes, les ma\u00eetrises et les doctorats.Am\u00e9liorer les\u2026","rel":"","context":"\u062a\u062f\u0648\u064a\u0646\u0629 \u0645\u0634\u0627\u0628\u0647\u0629","block_context":{"text":"\u062a\u062f\u0648\u064a\u0646\u0629 \u0645\u0634\u0627\u0628\u0647\u0629","link":""},"img":{"alt_text":"","src":"","width":0,"height":0},"classes":[]}],"_links":{"self":[{"href":"http:\/\/www.svu.edu.eg\/faculties\/agr\/wp-json\/wp\/v2\/pages\/4514"}],"collection":[{"href":"http:\/\/www.svu.edu.eg\/faculties\/agr\/wp-json\/wp\/v2\/pages"}],"about":[{"href":"http:\/\/www.svu.edu.eg\/faculties\/agr\/wp-json\/wp\/v2\/types\/page"}],"author":[{"embeddable":true,"href":"http:\/\/www.svu.edu.eg\/faculties\/agr\/wp-json\/wp\/v2\/users\/2"}],"replies":[{"embeddable":true,"href":"http:\/\/www.svu.edu.eg\/faculties\/agr\/wp-json\/wp\/v2\/comments?post=4514"}],"version-history":[{"count":2,"href":"http:\/\/www.svu.edu.eg\/faculties\/agr\/wp-json\/wp\/v2\/pages\/4514\/revisions"}],"predecessor-version":[{"id":4516,"href":"http:\/\/www.svu.edu.eg\/faculties\/agr\/wp-json\/wp\/v2\/pages\/4514\/revisions\/4516"}],"wp:attachment":[{"href":"http:\/\/www.svu.edu.eg\/faculties\/agr\/wp-json\/wp\/v2\/media?parent=4514"}],"curies":[{"name":"wp","href":"https:\/\/api.w.org\/{rel}","templated":true}]}}