{"id":4451,"date":"2022-02-01T20:19:34","date_gmt":"2022-02-01T20:19:34","guid":{"rendered":"http:\/\/www.svu.edu.eg\/faculties\/agr\/?page_id=4451"},"modified":"2022-02-01T20:19:40","modified_gmt":"2022-02-01T20:19:40","slug":"regles-et-dispositions-du-doctorat","status":"publish","type":"page","link":"http:\/\/www.svu.edu.eg\/faculties\/agr\/fr\/secteur-des-etudes-superieures-et-de-la-recherche\/regles-et-dispositions-du-doctorat\/","title":{"rendered":"R\u00e8gles et dispositions du doctorat"},"content":{"rendered":"","protected":false},"excerpt":{"rendered":"","protected":false},"author":2,"featured_media":0,"parent":2643,"menu_order":0,"comment_status":"closed","ping_status":"closed","template":"","meta":[],"jetpack_sharing_enabled":true,"jetpack-related-posts":[{"id":4447,"url":"http:\/\/www.svu.edu.eg\/faculties\/agr\/fr\/secteur-des-etudes-superieures-et-de-la-recherche\/regles-et-dispositions-relatives-a-une-maitrise\/","url_meta":{"origin":4451,"position":0},"title":"R\u00e8gles et dispositions relatives \u00e0  ma\u00eetrise","author":"omar","date":"\u0641\u0628\u0631\u0627\u064a\u0631 1, 2022","format":false,"excerpt":"","rel":"","context":"\u062a\u062f\u0648\u064a\u0646\u0629 \u0645\u0634\u0627\u0628\u0647\u0629","block_context":{"text":"\u062a\u062f\u0648\u064a\u0646\u0629 \u0645\u0634\u0627\u0628\u0647\u0629","link":""},"img":{"alt_text":"","src":"","width":0,"height":0},"classes":[]},{"id":4566,"url":"http:\/\/www.svu.edu.eg\/faculties\/agr\/fr\/projet-de-developpement-du-systeme-devaluation-des-etudiants-et-des-examens\/systeme-financier\/","url_meta":{"origin":4451,"position":1},"title":"Syst\u00e8me financier","author":"omar","date":"\u0641\u0628\u0631\u0627\u064a\u0631 4, 2022","format":false,"excerpt":"Le syst\u00e8me financier est aux frais de l\u2019Unit\u00e9 des dispositions contenues dans la Loi sur l\u2019organisation universitaire, son r\u00e8glement d\u2019ex\u00e9cution, la Loi sur les appels d\u2019offres et son r\u00e8glement d\u2019ex\u00e9cution, le r\u00e8glement sur l\u2019indemnit\u00e9 de d\u00e9placement.","rel":"","context":"\u062a\u062f\u0648\u064a\u0646\u0629 \u0645\u0634\u0627\u0628\u0647\u0629","block_context":{"text":"\u062a\u062f\u0648\u064a\u0646\u0629 \u0645\u0634\u0627\u0628\u0647\u0629","link":""},"img":{"alt_text":"","src":"","width":0,"height":0},"classes":[]},{"id":4445,"url":"http:\/\/www.svu.edu.eg\/faculties\/agr\/fr\/secteur-des-etudes-superieures-et-de-la-recherche\/dates-dinscription\/","url_meta":{"origin":4451,"position":2},"title":"Dates d\u2019inscription","author":"omar","date":"\u0641\u0628\u0631\u0627\u064a\u0631 1, 2022","format":false,"excerpt":"Les \u00e9tudiants postulent une ma\u00eetrise en recherche et un doctorat en philosophie deux fois par ann\u00e9e au cours de la premi\u00e8re moiti\u00e9 d\u2019ao\u00fbt et au cours de d\u00e9cembre. L\u2019\u00e9tudiant, avec l\u2019aide du Comit\u00e9 de supervision et dans les d\u00e9lais requis pour la mise en \u0153uvre, pr\u00e9pare le plan de recherche\u2026","rel":"","context":"\u062a\u062f\u0648\u064a\u0646\u0629 \u0645\u0634\u0627\u0628\u0647\u0629","block_context":{"text":"\u062a\u062f\u0648\u064a\u0646\u0629 \u0645\u0634\u0627\u0628\u0647\u0629","link":""},"img":{"alt_text":"","src":"","width":0,"height":0},"classes":[]},{"id":4471,"url":"http:\/\/www.svu.edu.eg\/faculties\/agr\/fr\/secteur-du-service-communautaire-et-le-developpement-environnemental\/securite-et-hygiene\/","url_meta":{"origin":4451,"position":3},"title":"S\u00e9curit\u00e9 et Hygi\u00e8ne","author":"omar","date":"\u0641\u0628\u0631\u0627\u064a\u0631 1, 2022","format":false,"excerpt":"La s\u00e9curit\u00e9 et la sant\u00e9 au travail sont d\u00e9finies comme la science qui vise \u00e0 pr\u00e9server la s\u00e9curit\u00e9 et la sant\u00e9 des personnes en fournissant des environnements de travail s\u00fbrs, exempts d\u2019accidents du travail, de blessures ou de maladies, c\u2019est-\u00e0-dire un ensemble de proc\u00e9dures, des r\u00e8gles et des r\u00e8glements dans\u2026","rel":"","context":"\u062a\u062f\u0648\u064a\u0646\u0629 \u0645\u0634\u0627\u0628\u0647\u0629","block_context":{"text":"\u062a\u062f\u0648\u064a\u0646\u0629 \u0645\u0634\u0627\u0628\u0647\u0629","link":""},"img":{"alt_text":"","src":"","width":0,"height":0},"classes":[]},{"id":2665,"url":"http:\/\/www.svu.edu.eg\/faculties\/agr\/fr\/programmes-educatifs\/","url_meta":{"origin":4451,"position":4},"title":"Programmes \u00e9ducatifs","author":"omar","date":"\u062f\u064a\u0633\u0645\u0628\u0631 26, 2020","format":false,"excerpt":"Les programmes \u00e9ducatifs de la facult\u00e9 d\u2019agriculture \u00e0 l'Universit\u00e9 du Sud de la vall\u00e9e pour le baccalaur\u00e9at et la licence sont les suivants: A- Baccalaur\u00e9at Un seul programme est : programme g\u00e9n\u00e9ral de production agricole. B- l'apprentissage ouvert (Baccalaur\u00e9at en sciences agricoles en administration de projets et technologie agricole (partenariat\u2026","rel":"","context":"\u062a\u062f\u0648\u064a\u0646\u0629 \u0645\u0634\u0627\u0628\u0647\u0629","block_context":{"text":"\u062a\u062f\u0648\u064a\u0646\u0629 \u0645\u0634\u0627\u0628\u0647\u0629","link":""},"img":{"alt_text":"","src":"","width":0,"height":0},"classes":[]},{"id":4441,"url":"http:\/\/www.svu.edu.eg\/faculties\/agr\/fr\/secteur-des-etudes-superieures-et-de-la-recherche\/disciplines-attribuees-par-les-departements-scientifiques-a-la-maitrise-et-au-doctorat\/","url_meta":{"origin":4451,"position":5},"title":"Disciplines attribu\u00e9es par les d\u00e9partements scientifiques \u00e0 la ma\u00eetrise  et au doctorat","author":"omar","date":"\u064a\u0646\u0627\u064a\u0631 31, 2022","format":false,"excerpt":"","rel":"","context":"\u062a\u062f\u0648\u064a\u0646\u0629 \u0645\u0634\u0627\u0628\u0647\u0629","block_context":{"text":"\u062a\u062f\u0648\u064a\u0646\u0629 \u0645\u0634\u0627\u0628\u0647\u0629","link":""},"img":{"alt_text":"","src":"","width":0,"height":0},"classes":[]}],"_links":{"self":[{"href":"http:\/\/www.svu.edu.eg\/faculties\/agr\/wp-json\/wp\/v2\/pages\/4451"}],"collection":[{"href":"http:\/\/www.svu.edu.eg\/faculties\/agr\/wp-json\/wp\/v2\/pages"}],"about":[{"href":"http:\/\/www.svu.edu.eg\/faculties\/agr\/wp-json\/wp\/v2\/types\/page"}],"author":[{"embeddable":true,"href":"http:\/\/www.svu.edu.eg\/faculties\/agr\/wp-json\/wp\/v2\/users\/2"}],"replies":[{"embeddable":true,"href":"http:\/\/www.svu.edu.eg\/faculties\/agr\/wp-json\/wp\/v2\/comments?post=4451"}],"version-history":[{"count":1,"href":"http:\/\/www.svu.edu.eg\/faculties\/agr\/wp-json\/wp\/v2\/pages\/4451\/revisions"}],"predecessor-version":[{"id":4452,"href":"http:\/\/www.svu.edu.eg\/faculties\/agr\/wp-json\/wp\/v2\/pages\/4451\/revisions\/4452"}],"up":[{"embeddable":true,"href":"http:\/\/www.svu.edu.eg\/faculties\/agr\/wp-json\/wp\/v2\/pages\/2643"}],"wp:attachment":[{"href":"http:\/\/www.svu.edu.eg\/faculties\/agr\/wp-json\/wp\/v2\/media?parent=4451"}],"curies":[{"name":"wp","href":"https:\/\/api.w.org\/{rel}","templated":true}]}}