{"id":4445,"date":"2022-02-01T19:52:18","date_gmt":"2022-02-01T19:52:18","guid":{"rendered":"http:\/\/www.svu.edu.eg\/faculties\/agr\/?page_id=4445"},"modified":"2022-02-01T19:52:26","modified_gmt":"2022-02-01T19:52:26","slug":"dates-dinscription","status":"publish","type":"page","link":"http:\/\/www.svu.edu.eg\/faculties\/agr\/fr\/secteur-des-etudes-superieures-et-de-la-recherche\/dates-dinscription\/","title":{"rendered":"Dates d\u2019inscription"},"content":{"rendered":"<p><span style=\"font-size: 14pt;\">Les \u00e9tudiants postulent une ma\u00eetrise en recherche et un doctorat en philosophie deux fois par ann\u00e9e au cours de la premi\u00e8re moiti\u00e9 d\u2019ao\u00fbt et au cours de d\u00e9cembre. L\u2019\u00e9tudiant, avec l\u2019aide du Comit\u00e9 de supervision et dans les d\u00e9lais requis pour la mise en \u0153uvre, pr\u00e9pare le plan de recherche et le pr\u00e9sente \u00e0 la facult\u00e9 du d\u00e9partement avant de recommander l\u2019inscription. Le nombre d\u2019\u00e9tudiants admis chaque ann\u00e9e est \u00e9t\u00e9 d\u00e9termin\u00e9 par le conseil de la facult\u00e9 sur proposition des conseils de district.<\/span><\/p>\n","protected":false},"excerpt":{"rendered":"<p>Les \u00e9tudiants postulent une ma\u00eetrise en recherche et un doctorat en philosophie deux fois par ann\u00e9e au cours de la premi\u00e8re moiti\u00e9 d\u2019ao\u00fbt et au cours de d\u00e9cembre. L\u2019\u00e9tudiant, avec [&hellip;]<\/p>\n","protected":false},"author":2,"featured_media":0,"parent":2643,"menu_order":0,"comment_status":"closed","ping_status":"closed","template":"","meta":[],"jetpack_sharing_enabled":true,"jetpack-related-posts":[{"id":4465,"url":"http:\/\/www.svu.edu.eg\/faculties\/agr\/fr\/secteur-du-service-communautaire-et-le-developpement-environnemental\/administration-des-crises-et-des-catastrophes\/","url_meta":{"origin":4445,"position":0},"title":"Administration des crises et des catastrophes","author":"omar","date":"\u0641\u0628\u0631\u0627\u064a\u0631 1, 2022","format":false,"excerpt":"L\u2019id\u00e9e de cr\u00e9er une unit\u00e9 : Prot\u00e9ger l\u2019ensemble des installations de la facult\u00e9 contre les salles de cours, les laboratoires et\u00a0 les biblioth\u00e8ques , ainsi que tout le contenu de ces installations contre l\u2019\u00e9quipement scientifique et de laboratoire, les livres, la recherche, les documents et divers outils. Vision\u00a0: D\u00e9velopper la\u2026","rel":"","context":"\u062a\u062f\u0648\u064a\u0646\u0629 \u0645\u0634\u0627\u0628\u0647\u0629","block_context":{"text":"\u062a\u062f\u0648\u064a\u0646\u0629 \u0645\u0634\u0627\u0628\u0647\u0629","link":""},"img":{"alt_text":"","src":"","width":0,"height":0},"classes":[]},{"id":4420,"url":"http:\/\/www.svu.edu.eg\/faculties\/agr\/fr\/communaute-scientifique\/","url_meta":{"origin":4445,"position":1},"title":"Communaut\u00e9 scientifique","author":"omar","date":"\u064a\u0646\u0627\u064a\u0631 31, 2022","format":false,"excerpt":"Le conseil de la facult\u00e9 compos\u00e9e de membres du corps professoral aux d\u00e9partements acad\u00e9mique participant \u00e0 un seul programme a form\u00e9 des \"services scientifiques\" internes, avec un maximum de deux membres de chaque d\u00e9partement. T\u00e2ches de communaut\u00e9 scientifique Les cours et toutes les questions p\u00e9dagogiques relatives \u00e0 ce programme leur\u2026","rel":"","context":"\u062a\u062f\u0648\u064a\u0646\u0629 \u0645\u0634\u0627\u0628\u0647\u0629","block_context":{"text":"\u062a\u062f\u0648\u064a\u0646\u0629 \u0645\u0634\u0627\u0628\u0647\u0629","link":""},"img":{"alt_text":"","src":"","width":0,"height":0},"classes":[]},{"id":4408,"url":"http:\/\/www.svu.edu.eg\/faculties\/agr\/fr\/reglement-dadmission-des-etudiants\/","url_meta":{"origin":4445,"position":2},"title":"R\u00e8glement d&#8217;admission des \u00e9tudiants","author":"omar","date":"\u064a\u0646\u0627\u064a\u0631 31, 2022","format":false,"excerpt":"\u00c0 la fin de chaque ann\u00e9e universitaire, le Conseil sup\u00e9rieur des universit\u00e9s d\u00e9termine le nombre d\u2019\u00e9tudiants de la R\u00e9publique arabe d\u2019\u00c9gypte admis dans chaque facult\u00e9 ou institut au cours de l\u2019ann\u00e9e universitaire suivante qui ont obtenu un dipl\u00f4me secondaire g\u00e9n\u00e9ral ou un dipl\u00f4me \u00e9quivalent sur proposition de l\u2019universit\u00e9 conseils. Sous\u2026","rel":"","context":"\u062a\u062f\u0648\u064a\u0646\u0629 \u0645\u0634\u0627\u0628\u0647\u0629","block_context":{"text":"\u062a\u062f\u0648\u064a\u0646\u0629 \u0645\u0634\u0627\u0628\u0647\u0629","link":""},"img":{"alt_text":"","src":"","width":0,"height":0},"classes":[]},{"id":2714,"url":"http:\/\/www.svu.edu.eg\/faculties\/agr\/fr\/unite-de-suivi-des-diplomes\/","url_meta":{"origin":4445,"position":3},"title":"Unit\u00e9 de suivi des dipl\u00f4m\u00e9s","author":"omar","date":"\u0641\u0628\u0631\u0627\u064a\u0631 2, 2022","format":false,"excerpt":"La vision Communication continue avec la soci\u00e9t\u00e9 en faisant un suivi aupr\u00e8s des dipl\u00f4m\u00e9s de la facult\u00e9 pour \u00e9laborer et am\u00e9liorer leurs cours afin de r\u00e9pondre aux exigences des march\u00e9s du travail locaux et r\u00e9gionaux. La mission Ouvrir les voies de communication entre la facult\u00e9 et ses dipl\u00f4m\u00e9s pour une\u2026","rel":"","context":"\u062a\u062f\u0648\u064a\u0646\u0629 \u0645\u0634\u0627\u0628\u0647\u0629","block_context":{"text":"\u062a\u062f\u0648\u064a\u0646\u0629 \u0645\u0634\u0627\u0628\u0647\u0629","link":""},"img":{"alt_text":"","src":"","width":0,"height":0},"classes":[]},{"id":4549,"url":"http:\/\/www.svu.edu.eg\/faculties\/agr\/fr\/unite-de-suivi-des-diplomes\/activites-de-lunite\/","url_meta":{"origin":4445,"position":4},"title":"Activit\u00e9s de l&#8217;Unit\u00e9","author":"omar","date":"\u0641\u0628\u0631\u0627\u064a\u0631 2, 2022","format":false,"excerpt":"Cours de formation pour pr\u00e9parer les \u00e9tudiants au march\u00e9 du travail 1\/4\/2018 Sous les auspices du dr. Mohamed Ali, doyen de la facult\u00e9, et du dr. \u00a0Abdulaziz Shiba Abdurrahman, vice- doyen de la facult\u00e9 pour le service communautaire et les affaires de d\u00e9veloppement environnemental, dans le cadre de l\u2019int\u00e9r\u00eat de\u2026","rel":"","context":"\u062a\u062f\u0648\u064a\u0646\u0629 \u0645\u0634\u0627\u0628\u0647\u0629","block_context":{"text":"\u062a\u062f\u0648\u064a\u0646\u0629 \u0645\u0634\u0627\u0628\u0647\u0629","link":""},"img":{"alt_text":"","src":"","width":0,"height":0},"classes":[]},{"id":2653,"url":"http:\/\/www.svu.edu.eg\/faculties\/agr\/fr\/bref-historique\/","url_meta":{"origin":4445,"position":5},"title":"Bref historique","author":"omar","date":"\u062f\u064a\u0633\u0645\u0628\u0631 26, 2020","format":false,"excerpt":"La facult\u00e9 d\u2019Agriculture de l\u2019Universit\u00e9 du sud de la vall\u00e9e a \u00e9t\u00e9 cr\u00e9\u00e9 en 1998 par le d\u00e9cret R\u00e9publicain No. 1665 de 1996 en tant que branche de la facult\u00e9 d\u2019Agriculture de Sohag et a ensuite d\u00e9missionn\u00e9 par le d\u00e9cret Minist\u00e9riel No. 129 de 2006. le r\u00e8glement int\u00e9rieur a \u00e9t\u00e9\u2026","rel":"","context":"\u062a\u062f\u0648\u064a\u0646\u0629 \u0645\u0634\u0627\u0628\u0647\u0629","block_context":{"text":"\u062a\u062f\u0648\u064a\u0646\u0629 \u0645\u0634\u0627\u0628\u0647\u0629","link":""},"img":{"alt_text":"","src":"","width":0,"height":0},"classes":[]}],"_links":{"self":[{"href":"http:\/\/www.svu.edu.eg\/faculties\/agr\/wp-json\/wp\/v2\/pages\/4445"}],"collection":[{"href":"http:\/\/www.svu.edu.eg\/faculties\/agr\/wp-json\/wp\/v2\/pages"}],"about":[{"href":"http:\/\/www.svu.edu.eg\/faculties\/agr\/wp-json\/wp\/v2\/types\/page"}],"author":[{"embeddable":true,"href":"http:\/\/www.svu.edu.eg\/faculties\/agr\/wp-json\/wp\/v2\/users\/2"}],"replies":[{"embeddable":true,"href":"http:\/\/www.svu.edu.eg\/faculties\/agr\/wp-json\/wp\/v2\/comments?post=4445"}],"version-history":[{"count":1,"href":"http:\/\/www.svu.edu.eg\/faculties\/agr\/wp-json\/wp\/v2\/pages\/4445\/revisions"}],"predecessor-version":[{"id":4446,"href":"http:\/\/www.svu.edu.eg\/faculties\/agr\/wp-json\/wp\/v2\/pages\/4445\/revisions\/4446"}],"up":[{"embeddable":true,"href":"http:\/\/www.svu.edu.eg\/faculties\/agr\/wp-json\/wp\/v2\/pages\/2643"}],"wp:attachment":[{"href":"http:\/\/www.svu.edu.eg\/faculties\/agr\/wp-json\/wp\/v2\/media?parent=4445"}],"curies":[{"name":"wp","href":"https:\/\/api.w.org\/{rel}","templated":true}]}}