{"id":4388,"date":"2022-01-29T21:23:00","date_gmt":"2022-01-29T21:23:00","guid":{"rendered":"http:\/\/www.svu.edu.eg\/faculties\/agr\/?page_id=4388"},"modified":"2022-01-29T21:23:05","modified_gmt":"2022-01-29T21:23:05","slug":"vision-et-mission-du-departement-de-protection-phytosanitaire","status":"publish","type":"page","link":"http:\/\/www.svu.edu.eg\/faculties\/agr\/fr\/vision-et-mission-du-departement-de-protection-phytosanitaire\/","title":{"rendered":"Vision et Mission du d\u00e9partement de protection phytosanitaire"},"content":{"rendered":"<p><span style=\"font-size: 14pt;\"><strong>Vision du d\u00e9partement<\/strong><\/span><\/p>\n<p>D\u00e9partement de la protection phytosanitaire cherche \u00e0 devenir un d\u00e9partement scientifique de premier plan et distingu\u00e9 dans le domaine de l\u2019\u00e9ducation, de la recherche scientifique, du service communautaire et de la protection de l\u2019environnement par les membres du corps professoral, les \u00e9tudiants des \u00e9tudes sup\u00e9rieures et dipl\u00f4m\u00e9s qualifi\u00e9s de nouvelles sciences de la protection phytosanitaire et qualifi\u00e9s pour la concurrence nationale et internationale.<\/p>\n<p><span style=\"font-size: 14pt;\">Mission du d\u00e9partement<\/span><\/p>\n<p>D\u00e9partement de la protection phytosanitaire cherche \u00e0 pr\u00e9parer un dipl\u00f4m\u00e9 en protection phytosanitaire qualifi\u00e9e qui peut absorber les techniques modernes qui lui permettent de rivaliser sur le march\u00e9 du travail local et mondial et de contribuer au d\u00e9veloppement de la soci\u00e9t\u00e9 par la recherche scientifique et un partenariat efficace avec la communaut\u00e9 ext\u00e9rieure pour atteindre les objectifs de d\u00e9veloppement durable de l\u2019\u00c9tat<\/p>\n","protected":false},"excerpt":{"rendered":"<p>Vision du d\u00e9partement D\u00e9partement de la protection phytosanitaire cherche \u00e0 devenir un d\u00e9partement scientifique de premier plan et distingu\u00e9 dans le domaine de l\u2019\u00e9ducation, de la recherche scientifique, du service [&hellip;]<\/p>\n","protected":false},"author":2,"featured_media":0,"parent":0,"menu_order":0,"comment_status":"closed","ping_status":"closed","template":"","meta":[],"jetpack_sharing_enabled":true,"jetpack-related-posts":[{"id":4577,"url":"http:\/\/www.svu.edu.eg\/faculties\/agr\/fr\/nouvelle-maitrise-en-protection-durable-des-recoltes\/mission-du-programme\/","url_meta":{"origin":4388,"position":0},"title":"Mission du programme","author":"omar","date":"\u0641\u0628\u0631\u0627\u064a\u0631 4, 2022","format":false,"excerpt":"Formation de grande qualit\u00e9 pour pr\u00e9parer les cadres et les chercheurs qualifi\u00e9s aux exigences du march\u00e9 du travail; d\u00e9velopper le secteur productif et de la recherche agricole et r\u00e9soudre les probl\u00e8mes li\u00e9s \u00e0 la protection durable des cultures \u00e0 la lumi\u00e8re du d\u00e9veloppement scientifique afin que la communication, le d\u00e9veloppement\u2026","rel":"","context":"\u062a\u062f\u0648\u064a\u0646\u0629 \u0645\u0634\u0627\u0628\u0647\u0629","block_context":{"text":"\u062a\u062f\u0648\u064a\u0646\u0629 \u0645\u0634\u0627\u0628\u0647\u0629","link":""},"img":{"alt_text":"","src":"","width":0,"height":0},"classes":[]},{"id":4514,"url":"http:\/\/www.svu.edu.eg\/faculties\/agr\/fr\/membres-du-conseil-dadministration\/","url_meta":{"origin":4388,"position":1},"title":"Membres du Conseil d&#8217;administration","author":"omar","date":"\u0641\u0628\u0631\u0627\u064a\u0631 2, 2022","format":false,"excerpt":"\u00a0 Nom Membres Fonction 1 Dr. Essam El-din Abdelhady Doyen de la facult\u00e9 Chef 2 Dr. Abo Bakr Abdelmenam Membre Vice- doyen pour les affaires \u00e9ducatives et \u00e9tudiantes 3 Dr. Moamen Mohamed Elwasfy Membre Vice- doyen pour les \u00e9tudes sup\u00e9rieures et\u00a0 la recherche 4 Dr. Abdelaziz\u00a0 Sheba Abdelrahman Membre Vice-doyen\u2026","rel":"","context":"\u062a\u062f\u0648\u064a\u0646\u0629 \u0645\u0634\u0627\u0628\u0647\u0629","block_context":{"text":"\u062a\u062f\u0648\u064a\u0646\u0629 \u0645\u0634\u0627\u0628\u0647\u0629","link":""},"img":{"alt_text":"","src":"","width":0,"height":0},"classes":[]},{"id":4420,"url":"http:\/\/www.svu.edu.eg\/faculties\/agr\/fr\/communaute-scientifique\/","url_meta":{"origin":4388,"position":2},"title":"Communaut\u00e9 scientifique","author":"omar","date":"\u064a\u0646\u0627\u064a\u0631 31, 2022","format":false,"excerpt":"Le conseil de la facult\u00e9 compos\u00e9e de membres du corps professoral aux d\u00e9partements acad\u00e9mique participant \u00e0 un seul programme a form\u00e9 des \"services scientifiques\" internes, avec un maximum de deux membres de chaque d\u00e9partement. T\u00e2ches de communaut\u00e9 scientifique Les cours et toutes les questions p\u00e9dagogiques relatives \u00e0 ce programme leur\u2026","rel":"","context":"\u062a\u062f\u0648\u064a\u0646\u0629 \u0645\u0634\u0627\u0628\u0647\u0629","block_context":{"text":"\u062a\u062f\u0648\u064a\u0646\u0629 \u0645\u0634\u0627\u0628\u0647\u0629","link":""},"img":{"alt_text":"","src":"","width":0,"height":0},"classes":[]},{"id":4575,"url":"http:\/\/www.svu.edu.eg\/faculties\/agr\/fr\/nouvelle-maitrise-en-protection-durable-des-recoltes\/vision-du-programme\/","url_meta":{"origin":4388,"position":3},"title":"Vision du programme","author":"omar","date":"\u0641\u0628\u0631\u0627\u064a\u0631 4, 2022","format":false,"excerpt":"Excellence dans le domaine de la protection durable des plantes aux niveaux national, r\u00e9gional et international par l\u2019engagement \u00e0 la qualit\u00e9, le d\u00e9veloppement continu et la coop\u00e9ration constructive avec la communaut\u00e9 locale et les institutions et instituts scientifiques arabes et \u00e9trangers dans un cadre culturel, social et de valeur pour\u2026","rel":"","context":"\u062a\u062f\u0648\u064a\u0646\u0629 \u0645\u0634\u0627\u0628\u0647\u0629","block_context":{"text":"\u062a\u062f\u0648\u064a\u0646\u0629 \u0645\u0634\u0627\u0628\u0647\u0629","link":""},"img":{"alt_text":"","src":"","width":0,"height":0},"classes":[]},{"id":4511,"url":"http:\/\/www.svu.edu.eg\/faculties\/agr\/fr\/vision-mission-et-objectifs-de-la-qualite\/","url_meta":{"origin":4388,"position":4},"title":"Vision, mission et objectifs de la qualit\u00e9","author":"omar","date":"\u0641\u0628\u0631\u0627\u064a\u0631 2, 2022","format":false,"excerpt":"Mission de l\u2019Unit\u00e9 : Sensibiliser \u00e0 la culture et aux t\u00e2ches de qualit\u00e9 de la facult\u00e9 d\u2019agriculture et am\u00e9liorer le niveau de performance qui ne peut \u00eatre atteint que par les processus de rectification du niveau de performance des membres du corps professoral, les \u00e9tudiants et le personnel et la\u2026","rel":"","context":"\u062a\u062f\u0648\u064a\u0646\u0629 \u0645\u0634\u0627\u0628\u0647\u0629","block_context":{"text":"\u062a\u062f\u0648\u064a\u0646\u0629 \u0645\u0634\u0627\u0628\u0647\u0629","link":""},"img":{"alt_text":"","src":"","width":0,"height":0},"classes":[]},{"id":4579,"url":"http:\/\/www.svu.edu.eg\/faculties\/agr\/fr\/nouvelle-maitrise-en-protection-durable-des-recoltes\/objectifs-du-programme\/","url_meta":{"origin":4388,"position":5},"title":"Objectifs du programme","author":"omar","date":"\u0641\u0628\u0631\u0627\u064a\u0631 4, 2022","format":false,"excerpt":"D\u00e9velopper de l\u2019enseignement sup\u00e9rieur en proposant un nouveau master en protection durable des cultures en phase avec les nouveaux d\u00e9veloppements mondiaux, la demande sur le march\u00e9 du travail, et conform\u00e9ment \u00e0 la Convention de Bologne et aux normes internationales par les moyens suivants: 1- Proposer un nouveau programme de master\u2026","rel":"","context":"\u062a\u062f\u0648\u064a\u0646\u0629 \u0645\u0634\u0627\u0628\u0647\u0629","block_context":{"text":"\u062a\u062f\u0648\u064a\u0646\u0629 \u0645\u0634\u0627\u0628\u0647\u0629","link":""},"img":{"alt_text":"","src":"","width":0,"height":0},"classes":[]}],"_links":{"self":[{"href":"http:\/\/www.svu.edu.eg\/faculties\/agr\/wp-json\/wp\/v2\/pages\/4388"}],"collection":[{"href":"http:\/\/www.svu.edu.eg\/faculties\/agr\/wp-json\/wp\/v2\/pages"}],"about":[{"href":"http:\/\/www.svu.edu.eg\/faculties\/agr\/wp-json\/wp\/v2\/types\/page"}],"author":[{"embeddable":true,"href":"http:\/\/www.svu.edu.eg\/faculties\/agr\/wp-json\/wp\/v2\/users\/2"}],"replies":[{"embeddable":true,"href":"http:\/\/www.svu.edu.eg\/faculties\/agr\/wp-json\/wp\/v2\/comments?post=4388"}],"version-history":[{"count":1,"href":"http:\/\/www.svu.edu.eg\/faculties\/agr\/wp-json\/wp\/v2\/pages\/4388\/revisions"}],"predecessor-version":[{"id":4389,"href":"http:\/\/www.svu.edu.eg\/faculties\/agr\/wp-json\/wp\/v2\/pages\/4388\/revisions\/4389"}],"wp:attachment":[{"href":"http:\/\/www.svu.edu.eg\/faculties\/agr\/wp-json\/wp\/v2\/media?parent=4388"}],"curies":[{"name":"wp","href":"https:\/\/api.w.org\/{rel}","templated":true}]}}