{"id":2714,"date":"2022-02-02T09:34:15","date_gmt":"2022-02-02T09:34:15","guid":{"rendered":"http:\/\/www.svu.edu.eg\/faculties\/agr\/?page_id=2714"},"modified":"2022-02-02T20:52:08","modified_gmt":"2022-02-02T20:52:08","slug":"unite-de-suivi-des-diplomes","status":"publish","type":"page","link":"http:\/\/www.svu.edu.eg\/faculties\/agr\/fr\/unite-de-suivi-des-diplomes\/","title":{"rendered":"Unit\u00e9 de suivi des dipl\u00f4m\u00e9s"},"content":{"rendered":"<p><strong><u>La vision<\/u><\/strong><\/p>\n<p>Communication continue avec la soci\u00e9t\u00e9 en faisant un suivi aupr\u00e8s des dipl\u00f4m\u00e9s de la facult\u00e9 pour \u00e9laborer et am\u00e9liorer leurs cours afin de r\u00e9pondre aux exigences des march\u00e9s du travail locaux et r\u00e9gionaux.<\/p>\n<p><strong><u>La mission<\/u><\/strong><\/p>\n<p>Ouvrir les voies de communication entre la facult\u00e9 et ses dipl\u00f4m\u00e9s pour une coop\u00e9ration significative et constructive au service de la facult\u00e9, des dipl\u00f4m\u00e9s et de la soci\u00e9t\u00e9.<\/p>\n<p><strong><u>Objectifs strat\u00e9giques de l\u2019unit\u00e9&nbsp;<\/u><\/strong><strong>:<\/strong><\/p>\n<p>1-\u00e9tabli un canal de communication entre les dipl\u00f4m\u00e9s et la facult\u00e9.<\/p>\n<p>2-cr\u00e9er et relier des bases de donn\u00e9es sur les dipl\u00f4m\u00e9s au forum des dipl\u00f4m\u00e9s qui est li\u00e9 au site de la facult\u00e9<\/p>\n<p>3-soutenir la diffusion d\u2019une culture de la qualit\u00e9 et de la sensibilisation \u00e0 l\u2019importance de l\u2019\u00e9valuation de la performance \u00e0 tous les niveaux<br \/>\n4-Contribuer \u00e0 offrir des possibilit\u00e9s d\u2019emploi professionnel aux dipl\u00f4m\u00e9s<br \/>\n5-Communiquer avec les autorit\u00e9s, les institutions et les entreprises pour avoir acc\u00e8s \u00e0 Cr\u00e9er des possibilit\u00e9s d\u2019emploi pour les dipl\u00f4m\u00e9s de la facult\u00e9.<br \/>\n6-d\u00e9velopper les comp\u00e9tences des dipl\u00f4m\u00e9s en identifiant les cours qui contribuent et les aident \u00e0 recruter.<br \/>\n7-L\u2019\u00e9tablissement d\u2019une journ\u00e9e annuelle pour les dipl\u00f4m\u00e9s, les entrepreneurs, et les entreprises qui doivent \u00eatre employ\u00e9s par les dipl\u00f4m\u00e9s de la facult\u00e9.<\/p>\n<p><strong><u>T\u00e2ches et Fonctions de l\u2019unit\u00e9&nbsp;:<\/u><\/strong><\/p>\n<p>1-Activer et mettre \u00e0 jour p\u00e9riodiquement la base de donn\u00e9es du Forum des anciens afin de stimuler la cr\u00e9ation d\u2019un lien \u00e9troit entre les dipl\u00f4m\u00e9s et le coll\u00e8ge.<br \/>\n2-Promouvoir et encourager la participation des dipl\u00f4m\u00e9s \u00e0 des cours, des s\u00e9minaires et des ateliers dans le cadre de programmes de formation continue.<br \/>\n3. Ouvrir des canaux de communication entre le Coll\u00e8ge et les propri\u00e9taires des \u00e9tablissements et organismes industriels environnants pour conna\u00eetre les besoins de leurs dipl\u00f4m\u00e9es.<\/p>\n<p>4-Mise en \u0153uvre de questionnaires normalis\u00e9s pour r\u00e9pondre aux besoins et aux propri\u00e9taires des \u00e9tablissements et organismes industriels et communautaires avoisinants.<\/p>\n<p>5- Informer les dipl\u00f4m\u00e9s des besoins et les propri\u00e9taires des \u00e9tablissements et organismes industriels environnants et de la communaut\u00e9 des fonctions appropri\u00e9es pour leurs sp\u00e9cialisations.<\/p>\n<p>6- Inviter les dipl\u00f4m\u00e9s \u00e0 des activit\u00e9s coll\u00e9giales et \u00e0 des programmes de perfectionnement continus.<\/p>\n<p>7-Faire une journ\u00e9e annuelle des dipl\u00f4m\u00e9s.<\/p>\n<p>Le bureau fait partie du mandat du sous-secr\u00e9taire au service communautaire et au d\u00e9veloppement de l\u2019environnement de la facult\u00e9.<\/p>\n<p>Doyen de la facult\u00e9 :&nbsp;&nbsp; Pr\u00e9sident<br \/>\nSuperviseur du bureau:&nbsp; Vice &#8211; doyen des services communautaires et du d\u00e9veloppement de l\u2019environnement<br \/>\nDirecteur de l\u2019unit\u00e9 d\u2019assurance de la qualit\u00e9: Membre<br \/>\nMembre du corps professoral : Membre<br \/>\nResponsable des dipl\u00f4mes: &nbsp;Membre<br \/>\nResponsable administratif : Soutien &nbsp;technique<\/p>\n","protected":false},"excerpt":{"rendered":"<p>La vision Communication continue avec la soci\u00e9t\u00e9 en faisant un suivi aupr\u00e8s des dipl\u00f4m\u00e9s de la facult\u00e9 pour \u00e9laborer et am\u00e9liorer leurs cours afin de r\u00e9pondre aux exigences des march\u00e9s [&hellip;]<\/p>\n","protected":false},"author":2,"featured_media":0,"parent":0,"menu_order":0,"comment_status":"closed","ping_status":"closed","template":"","meta":[],"jetpack_sharing_enabled":true,"jetpack-related-posts":[{"id":4549,"url":"http:\/\/www.svu.edu.eg\/faculties\/agr\/fr\/unite-de-suivi-des-diplomes\/activites-de-lunite\/","url_meta":{"origin":2714,"position":0},"title":"Activit\u00e9s de l&#8217;Unit\u00e9","author":"omar","date":"\u0641\u0628\u0631\u0627\u064a\u0631 2, 2022","format":false,"excerpt":"Cours de formation pour pr\u00e9parer les \u00e9tudiants au march\u00e9 du travail 1\/4\/2018 Sous les auspices du dr. Mohamed Ali, doyen de la facult\u00e9, et du dr. \u00a0Abdulaziz Shiba Abdurrahman, vice- doyen de la facult\u00e9 pour le service communautaire et les affaires de d\u00e9veloppement environnemental, dans le cadre de l\u2019int\u00e9r\u00eat de\u2026","rel":"","context":"\u062a\u062f\u0648\u064a\u0646\u0629 \u0645\u0634\u0627\u0628\u0647\u0629","block_context":{"text":"\u062a\u062f\u0648\u064a\u0646\u0629 \u0645\u0634\u0627\u0628\u0647\u0629","link":""},"img":{"alt_text":"","src":"","width":0,"height":0},"classes":[]},{"id":4511,"url":"http:\/\/www.svu.edu.eg\/faculties\/agr\/fr\/vision-mission-et-objectifs-de-la-qualite\/","url_meta":{"origin":2714,"position":1},"title":"Vision, mission et objectifs de la qualit\u00e9","author":"omar","date":"\u0641\u0628\u0631\u0627\u064a\u0631 2, 2022","format":false,"excerpt":"Mission de l\u2019Unit\u00e9 : Sensibiliser \u00e0 la culture et aux t\u00e2ches de qualit\u00e9 de la facult\u00e9 d\u2019agriculture et am\u00e9liorer le niveau de performance qui ne peut \u00eatre atteint que par les processus de rectification du niveau de performance des membres du corps professoral, les \u00e9tudiants et le personnel et la\u2026","rel":"","context":"\u062a\u062f\u0648\u064a\u0646\u0629 \u0645\u0634\u0627\u0628\u0647\u0629","block_context":{"text":"\u062a\u062f\u0648\u064a\u0646\u0629 \u0645\u0634\u0627\u0628\u0647\u0629","link":""},"img":{"alt_text":"","src":"","width":0,"height":0},"classes":[]},{"id":2717,"url":"http:\/\/www.svu.edu.eg\/faculties\/agr\/fr\/projet-de-developpement-du-systeme-devaluation-des-etudiants-et-des-examens\/","url_meta":{"origin":2714,"position":2},"title":"Projet de d\u00e9veloppement du syst\u00e8me d\u2019\u00e9valuation des \u00e9tudiants et des examens","author":"omar","date":"\u0641\u0628\u0631\u0627\u064a\u0631 4, 2022","format":false,"excerpt":"Dans le cadre des efforts de l\u2019universit\u00e9 pour mettre en \u0153uvre des r\u00e8glements de qualit\u00e9 en coop\u00e9ration avec les universit\u00e9s \u00e9gyptiennes, il est n\u00e9cessaire d\u2019\u00e9valuer les \u00e9tudiants au niveau de licence et de baccalaur\u00e9at afin d\u2019atteindre les r\u00e9sultats scientifiques visant \u00e0 qualifier les dipl\u00f4m\u00e9s au plus haut niveau pour r\u00e9pondre\u2026","rel":"","context":"\u062a\u062f\u0648\u064a\u0646\u0629 \u0645\u0634\u0627\u0628\u0647\u0629","block_context":{"text":"\u062a\u062f\u0648\u064a\u0646\u0629 \u0645\u0634\u0627\u0628\u0647\u0629","link":""},"img":{"alt_text":"","src":"","width":0,"height":0},"classes":[]},{"id":4462,"url":"http:\/\/www.svu.edu.eg\/faculties\/agr\/fr\/secteur-du-service-communautaire-et-le-developpement-environnemental\/convois\/","url_meta":{"origin":2714,"position":3},"title":"Convois","author":"omar","date":"\u0641\u0628\u0631\u0627\u064a\u0631 1, 2022","format":false,"excerpt":"Le secteur du service communautaire et du d\u00e9veloppement environnemental de la facult\u00e9 d\u2019Agriculture de l\u2019Universit\u00e9 du Sud de la Vall\u00e9e, avec la participation de membres du corps professoral de la facult\u00e9, met en \u0153uvre des convois\u00a0 agricoles au niveau du centre d\u2019extension dans les villages et les centres des provinces\u2026","rel":"","context":"\u062a\u062f\u0648\u064a\u0646\u0629 \u0645\u0634\u0627\u0628\u0647\u0629","block_context":{"text":"\u062a\u062f\u0648\u064a\u0646\u0629 \u0645\u0634\u0627\u0628\u0647\u0629","link":""},"img":{"alt_text":"","src":"","width":0,"height":0},"classes":[]},{"id":4468,"url":"http:\/\/www.svu.edu.eg\/faculties\/agr\/fr\/secteur-du-service-communautaire-et-le-developpement-environnemental\/lunite-de-formation\/","url_meta":{"origin":2714,"position":4},"title":"l&#8217;Unit\u00e9 de formation","author":"omar","date":"\u0641\u0628\u0631\u0627\u064a\u0631 1, 2022","format":false,"excerpt":"Vision de l\u2019unit\u00e9\u00a0: Excellence\u00a0 dans la prestation et l\u2019\u00e9valuation des programmes de formation pour les diverses cibles de la facult\u00e9 afin d\u2019assurer la r\u00e9alisation de la vision de la facult\u00e9. Mission de l\u2019unit\u00e9 : Dans le cadre de la mission de la facult\u00e9, l\u2019Unit\u00e9 s\u2019engage \u00e0 d\u00e9velopper les ressources humaines\u2026","rel":"","context":"\u062a\u062f\u0648\u064a\u0646\u0629 \u0645\u0634\u0627\u0628\u0647\u0629","block_context":{"text":"\u062a\u062f\u0648\u064a\u0646\u0629 \u0645\u0634\u0627\u0628\u0647\u0629","link":""},"img":{"alt_text":"","src":"","width":0,"height":0},"classes":[]},{"id":4420,"url":"http:\/\/www.svu.edu.eg\/faculties\/agr\/fr\/communaute-scientifique\/","url_meta":{"origin":2714,"position":5},"title":"Communaut\u00e9 scientifique","author":"omar","date":"\u064a\u0646\u0627\u064a\u0631 31, 2022","format":false,"excerpt":"Le conseil de la facult\u00e9 compos\u00e9e de membres du corps professoral aux d\u00e9partements acad\u00e9mique participant \u00e0 un seul programme a form\u00e9 des \"services scientifiques\" internes, avec un maximum de deux membres de chaque d\u00e9partement. T\u00e2ches de communaut\u00e9 scientifique Les cours et toutes les questions p\u00e9dagogiques relatives \u00e0 ce programme leur\u2026","rel":"","context":"\u062a\u062f\u0648\u064a\u0646\u0629 \u0645\u0634\u0627\u0628\u0647\u0629","block_context":{"text":"\u062a\u062f\u0648\u064a\u0646\u0629 \u0645\u0634\u0627\u0628\u0647\u0629","link":""},"img":{"alt_text":"","src":"","width":0,"height":0},"classes":[]}],"_links":{"self":[{"href":"http:\/\/www.svu.edu.eg\/faculties\/agr\/wp-json\/wp\/v2\/pages\/2714"}],"collection":[{"href":"http:\/\/www.svu.edu.eg\/faculties\/agr\/wp-json\/wp\/v2\/pages"}],"about":[{"href":"http:\/\/www.svu.edu.eg\/faculties\/agr\/wp-json\/wp\/v2\/types\/page"}],"author":[{"embeddable":true,"href":"http:\/\/www.svu.edu.eg\/faculties\/agr\/wp-json\/wp\/v2\/users\/2"}],"replies":[{"embeddable":true,"href":"http:\/\/www.svu.edu.eg\/faculties\/agr\/wp-json\/wp\/v2\/comments?post=2714"}],"version-history":[{"count":2,"href":"http:\/\/www.svu.edu.eg\/faculties\/agr\/wp-json\/wp\/v2\/pages\/2714\/revisions"}],"predecessor-version":[{"id":4548,"href":"http:\/\/www.svu.edu.eg\/faculties\/agr\/wp-json\/wp\/v2\/pages\/2714\/revisions\/4548"}],"wp:attachment":[{"href":"http:\/\/www.svu.edu.eg\/faculties\/agr\/wp-json\/wp\/v2\/media?parent=2714"}],"curies":[{"name":"wp","href":"https:\/\/api.w.org\/{rel}","templated":true}]}}