{"id":2708,"date":"2020-12-27T08:52:21","date_gmt":"2020-12-27T08:52:21","guid":{"rendered":"http:\/\/www.svu.edu.eg\/faculties\/agr\/?page_id=2708"},"modified":"2021-01-02T18:39:19","modified_gmt":"2021-01-02T18:39:19","slug":"services-electroniques","status":"publish","type":"page","link":"http:\/\/www.svu.edu.eg\/faculties\/agr\/fr\/services-electroniques\/","title":{"rendered":"Services \u00e9lectroniques"},"content":{"rendered":"<p><strong><span style=\"font-size: 14pt;\">IT Unit\u00e9<\/span><\/strong><\/p>\n<h2>l\u2019ICTP a cr\u00e9\u00e9 des unit\u00e9s dans les facult\u00e9s pour tous les \u00e9tudiants et les membres du corps professoral comme l&#8217;unit\u00e9 de services \u00e9lectroniques \u00a0au cours des cinq prochaines ann\u00e9es, progressivement, avec 20\u00a0% des facult\u00e9s de chaque universit\u00e9 par ann\u00e9e. Ces unit\u00e9s sont le lien entre les six projets pr\u00e9sent\u00e9s par l\u2019ICTP au niveau universitaire et les diff\u00e9rentes facult\u00e9s.<\/h2>\n<h2>En plus les unit\u00e9s rendaient \u00a0plus efficace des projets universitaires (r\u00e9seau, syst\u00e8mes d\u2019information d&#8217;administration, formation, biblioth\u00e8que num\u00e9rique, apprentissage en ligne, passerelle num\u00e9rique), ainsi que des services exceptionnels en technologie de l\u2019information aux facult\u00e9s.<\/h2>\n","protected":false},"excerpt":{"rendered":"<p>IT Unit\u00e9 l\u2019ICTP a cr\u00e9\u00e9 des unit\u00e9s dans les facult\u00e9s pour tous les \u00e9tudiants et les membres du corps professoral comme l&#8217;unit\u00e9 de services \u00e9lectroniques \u00a0au cours des cinq prochaines [&hellip;]<\/p>\n","protected":false},"author":2,"featured_media":0,"parent":0,"menu_order":0,"comment_status":"closed","ping_status":"closed","template":"","meta":[],"jetpack_sharing_enabled":true,"jetpack-related-posts":[{"id":4408,"url":"http:\/\/www.svu.edu.eg\/faculties\/agr\/fr\/reglement-dadmission-des-etudiants\/","url_meta":{"origin":2708,"position":0},"title":"R\u00e8glement d&#8217;admission des \u00e9tudiants","author":"omar","date":"\u064a\u0646\u0627\u064a\u0631 31, 2022","format":false,"excerpt":"\u00c0 la fin de chaque ann\u00e9e universitaire, le Conseil sup\u00e9rieur des universit\u00e9s d\u00e9termine le nombre d\u2019\u00e9tudiants de la R\u00e9publique arabe d\u2019\u00c9gypte admis dans chaque facult\u00e9 ou institut au cours de l\u2019ann\u00e9e universitaire suivante qui ont obtenu un dipl\u00f4me secondaire g\u00e9n\u00e9ral ou un dipl\u00f4me \u00e9quivalent sur proposition de l\u2019universit\u00e9 conseils. Sous\u2026","rel":"","context":"\u062a\u062f\u0648\u064a\u0646\u0629 \u0645\u0634\u0627\u0628\u0647\u0629","block_context":{"text":"\u062a\u062f\u0648\u064a\u0646\u0629 \u0645\u0634\u0627\u0628\u0647\u0629","link":""},"img":{"alt_text":"","src":"","width":0,"height":0},"classes":[]},{"id":2674,"url":"http:\/\/www.svu.edu.eg\/faculties\/agr\/fr\/bureau-des-etrangers\/","url_meta":{"origin":2708,"position":1},"title":"Bureau des \u00e9trangers","author":"omar","date":"\u062f\u064a\u0633\u0645\u0628\u0631 26, 2020","format":false,"excerpt":"La vision La facult\u00e9 vise \u00e0 approfondir les relations entre la facult\u00e9 d\u2019Agriculture et les facult\u00e9s dans le monde en g\u00e9n\u00e9ral, l\u2019Afrique et l\u2019Asie en particulier.\u00a0 La mission Offre un \u00a0soutien pour les \u00e9tudiants \u00e9trangers pour pr\u00e9parer les cadres agricoles distingu\u00e9s et diriger la recherche scientifique pour faire face \u00e0\u2026","rel":"","context":"\u062a\u062f\u0648\u064a\u0646\u0629 \u0645\u0634\u0627\u0628\u0647\u0629","block_context":{"text":"\u062a\u062f\u0648\u064a\u0646\u0629 \u0645\u0634\u0627\u0628\u0647\u0629","link":""},"img":{"alt_text":"","src":"","width":0,"height":0},"classes":[]},{"id":4420,"url":"http:\/\/www.svu.edu.eg\/faculties\/agr\/fr\/communaute-scientifique\/","url_meta":{"origin":2708,"position":2},"title":"Communaut\u00e9 scientifique","author":"omar","date":"\u064a\u0646\u0627\u064a\u0631 31, 2022","format":false,"excerpt":"Le conseil de la facult\u00e9 compos\u00e9e de membres du corps professoral aux d\u00e9partements acad\u00e9mique participant \u00e0 un seul programme a form\u00e9 des \"services scientifiques\" internes, avec un maximum de deux membres de chaque d\u00e9partement. T\u00e2ches de communaut\u00e9 scientifique Les cours et toutes les questions p\u00e9dagogiques relatives \u00e0 ce programme leur\u2026","rel":"","context":"\u062a\u062f\u0648\u064a\u0646\u0629 \u0645\u0634\u0627\u0628\u0647\u0629","block_context":{"text":"\u062a\u062f\u0648\u064a\u0646\u0629 \u0645\u0634\u0627\u0628\u0647\u0629","link":""},"img":{"alt_text":"","src":"","width":0,"height":0},"classes":[]},{"id":4468,"url":"http:\/\/www.svu.edu.eg\/faculties\/agr\/fr\/secteur-du-service-communautaire-et-le-developpement-environnemental\/lunite-de-formation\/","url_meta":{"origin":2708,"position":3},"title":"l&#8217;Unit\u00e9 de formation","author":"omar","date":"\u0641\u0628\u0631\u0627\u064a\u0631 1, 2022","format":false,"excerpt":"Vision de l\u2019unit\u00e9\u00a0: Excellence\u00a0 dans la prestation et l\u2019\u00e9valuation des programmes de formation pour les diverses cibles de la facult\u00e9 afin d\u2019assurer la r\u00e9alisation de la vision de la facult\u00e9. Mission de l\u2019unit\u00e9 : Dans le cadre de la mission de la facult\u00e9, l\u2019Unit\u00e9 s\u2019engage \u00e0 d\u00e9velopper les ressources humaines\u2026","rel":"","context":"\u062a\u062f\u0648\u064a\u0646\u0629 \u0645\u0634\u0627\u0628\u0647\u0629","block_context":{"text":"\u062a\u062f\u0648\u064a\u0646\u0629 \u0645\u0634\u0627\u0628\u0647\u0629","link":""},"img":{"alt_text":"","src":"","width":0,"height":0},"classes":[]},{"id":2640,"url":"http:\/\/www.svu.edu.eg\/faculties\/agr\/fr\/secteur-des-affaires-educatives-et-etudiantes\/","url_meta":{"origin":2708,"position":4},"title":"Affaires \u00e9ducatives et \u00e9tudiantes","author":"omar","date":"\u064a\u0646\u0627\u064a\u0631 30, 2022","format":false,"excerpt":"Secteur des affaires \u00e9ducatives et \u00e9tudiantes \u00a0Vice-recteur de la facult\u00e9 pour les affaires \u00e9ducatives et \u00e9tudiantes dirige les affaires des \u00e9tudiants et\u00a0 leur inscription \u00e0 leur licence. T\u00e2ches de l'administration des affaires \u00e9tudiantes la participation \u00e0 l\u2019\u00e9laboration de politiques sur les \u00e9tudes, les examens, l\u2019\u00e9ducation et les affaires \u00e9tudiantes. \u2022\u2026","rel":"","context":"\u062a\u062f\u0648\u064a\u0646\u0629 \u0645\u0634\u0627\u0628\u0647\u0629","block_context":{"text":"\u062a\u062f\u0648\u064a\u0646\u0629 \u0645\u0634\u0627\u0628\u0647\u0629","link":""},"img":{"alt_text":"","src":"","width":0,"height":0},"classes":[]},{"id":4425,"url":"http:\/\/www.svu.edu.eg\/faculties\/agr\/fr\/affaires-educatives-et-etudiantes\/","url_meta":{"origin":2708,"position":5},"title":"Affaires \u00e9ducatives et \u00e9tudiantes","author":"omar","date":"\u064a\u0646\u0627\u064a\u0631 31, 2022","format":false,"excerpt":"Secteur des affaires \u00e9ducatives et \u00e9tudiantes \u00a0Vice-recteur de la facult\u00e9 pour les affaires \u00e9ducatives et \u00e9tudiantes dirige les affaires des \u00e9tudiants et\u00a0 leur inscription \u00e0 leur licence. T\u00e2ches de l\u2019administration des affaires \u00e9tudiantes la participation \u00e0 l\u2019\u00e9laboration de politiques sur les \u00e9tudes, les examens, l\u2019\u00e9ducation et les affaires \u00e9tudiantes. \u2022\u2026","rel":"","context":"\u062a\u062f\u0648\u064a\u0646\u0629 \u0645\u0634\u0627\u0628\u0647\u0629","block_context":{"text":"\u062a\u062f\u0648\u064a\u0646\u0629 \u0645\u0634\u0627\u0628\u0647\u0629","link":""},"img":{"alt_text":"","src":"","width":0,"height":0},"classes":[]}],"_links":{"self":[{"href":"http:\/\/www.svu.edu.eg\/faculties\/agr\/wp-json\/wp\/v2\/pages\/2708"}],"collection":[{"href":"http:\/\/www.svu.edu.eg\/faculties\/agr\/wp-json\/wp\/v2\/pages"}],"about":[{"href":"http:\/\/www.svu.edu.eg\/faculties\/agr\/wp-json\/wp\/v2\/types\/page"}],"author":[{"embeddable":true,"href":"http:\/\/www.svu.edu.eg\/faculties\/agr\/wp-json\/wp\/v2\/users\/2"}],"replies":[{"embeddable":true,"href":"http:\/\/www.svu.edu.eg\/faculties\/agr\/wp-json\/wp\/v2\/comments?post=2708"}],"version-history":[{"count":2,"href":"http:\/\/www.svu.edu.eg\/faculties\/agr\/wp-json\/wp\/v2\/pages\/2708\/revisions"}],"predecessor-version":[{"id":2731,"href":"http:\/\/www.svu.edu.eg\/faculties\/agr\/wp-json\/wp\/v2\/pages\/2708\/revisions\/2731"}],"wp:attachment":[{"href":"http:\/\/www.svu.edu.eg\/faculties\/agr\/wp-json\/wp\/v2\/media?parent=2708"}],"curies":[{"name":"wp","href":"https:\/\/api.w.org\/{rel}","templated":true}]}}