{"id":2671,"date":"2020-12-26T09:22:44","date_gmt":"2020-12-26T09:22:44","guid":{"rendered":"http:\/\/www.svu.edu.eg\/faculties\/agr\/?page_id=2671"},"modified":"2020-12-26T09:22:44","modified_gmt":"2020-12-26T09:22:44","slug":"definition-du-programme-detude","status":"publish","type":"page","link":"http:\/\/www.svu.edu.eg\/faculties\/agr\/fr\/definition-du-programme-detude\/","title":{"rendered":"D\u00e9finition du programme d&#8217;\u00e9tude"},"content":{"rendered":"","protected":false},"excerpt":{"rendered":"","protected":false},"author":2,"featured_media":0,"parent":0,"menu_order":0,"comment_status":"closed","ping_status":"closed","template":"","meta":[],"jetpack_sharing_enabled":true,"jetpack-related-posts":[{"id":4420,"url":"http:\/\/www.svu.edu.eg\/faculties\/agr\/fr\/communaute-scientifique\/","url_meta":{"origin":2671,"position":0},"title":"Communaut\u00e9 scientifique","author":"omar","date":"\u064a\u0646\u0627\u064a\u0631 31, 2022","format":false,"excerpt":"Le conseil de la facult\u00e9 compos\u00e9e de membres du corps professoral aux d\u00e9partements acad\u00e9mique participant \u00e0 un seul programme a form\u00e9 des \"services scientifiques\" internes, avec un maximum de deux membres de chaque d\u00e9partement. T\u00e2ches de communaut\u00e9 scientifique Les cours et toutes les questions p\u00e9dagogiques relatives \u00e0 ce programme leur\u2026","rel":"","context":"\u062a\u062f\u0648\u064a\u0646\u0629 \u0645\u0634\u0627\u0628\u0647\u0629","block_context":{"text":"\u062a\u062f\u0648\u064a\u0646\u0629 \u0645\u0634\u0627\u0628\u0647\u0629","link":""},"img":{"alt_text":"","src":"","width":0,"height":0},"classes":[]},{"id":4577,"url":"http:\/\/www.svu.edu.eg\/faculties\/agr\/fr\/nouvelle-maitrise-en-protection-durable-des-recoltes\/mission-du-programme\/","url_meta":{"origin":2671,"position":1},"title":"Mission du programme","author":"omar","date":"\u0641\u0628\u0631\u0627\u064a\u0631 4, 2022","format":false,"excerpt":"Formation de grande qualit\u00e9 pour pr\u00e9parer les cadres et les chercheurs qualifi\u00e9s aux exigences du march\u00e9 du travail; d\u00e9velopper le secteur productif et de la recherche agricole et r\u00e9soudre les probl\u00e8mes li\u00e9s \u00e0 la protection durable des cultures \u00e0 la lumi\u00e8re du d\u00e9veloppement scientifique afin que la communication, le d\u00e9veloppement\u2026","rel":"","context":"\u062a\u062f\u0648\u064a\u0646\u0629 \u0645\u0634\u0627\u0628\u0647\u0629","block_context":{"text":"\u062a\u062f\u0648\u064a\u0646\u0629 \u0645\u0634\u0627\u0628\u0647\u0629","link":""},"img":{"alt_text":"","src":"","width":0,"height":0},"classes":[]},{"id":4579,"url":"http:\/\/www.svu.edu.eg\/faculties\/agr\/fr\/nouvelle-maitrise-en-protection-durable-des-recoltes\/objectifs-du-programme\/","url_meta":{"origin":2671,"position":2},"title":"Objectifs du programme","author":"omar","date":"\u0641\u0628\u0631\u0627\u064a\u0631 4, 2022","format":false,"excerpt":"D\u00e9velopper de l\u2019enseignement sup\u00e9rieur en proposant un nouveau master en protection durable des cultures en phase avec les nouveaux d\u00e9veloppements mondiaux, la demande sur le march\u00e9 du travail, et conform\u00e9ment \u00e0 la Convention de Bologne et aux normes internationales par les moyens suivants: 1- Proposer un nouveau programme de master\u2026","rel":"","context":"\u062a\u062f\u0648\u064a\u0646\u0629 \u0645\u0634\u0627\u0628\u0647\u0629","block_context":{"text":"\u062a\u062f\u0648\u064a\u0646\u0629 \u0645\u0634\u0627\u0628\u0647\u0629","link":""},"img":{"alt_text":"","src":"","width":0,"height":0},"classes":[]},{"id":4575,"url":"http:\/\/www.svu.edu.eg\/faculties\/agr\/fr\/nouvelle-maitrise-en-protection-durable-des-recoltes\/vision-du-programme\/","url_meta":{"origin":2671,"position":3},"title":"Vision du programme","author":"omar","date":"\u0641\u0628\u0631\u0627\u064a\u0631 4, 2022","format":false,"excerpt":"Excellence dans le domaine de la protection durable des plantes aux niveaux national, r\u00e9gional et international par l\u2019engagement \u00e0 la qualit\u00e9, le d\u00e9veloppement continu et la coop\u00e9ration constructive avec la communaut\u00e9 locale et les institutions et instituts scientifiques arabes et \u00e9trangers dans un cadre culturel, social et de valeur pour\u2026","rel":"","context":"\u062a\u062f\u0648\u064a\u0646\u0629 \u0645\u0634\u0627\u0628\u0647\u0629","block_context":{"text":"\u062a\u062f\u0648\u064a\u0646\u0629 \u0645\u0634\u0627\u0628\u0647\u0629","link":""},"img":{"alt_text":"","src":"","width":0,"height":0},"classes":[]},{"id":4412,"url":"http:\/\/www.svu.edu.eg\/faculties\/agr\/fr\/systeme-detudes-superieures\/","url_meta":{"origin":2671,"position":4},"title":"Syst\u00e8me d\u2019\u00e9tudes sup\u00e9rieures","author":"omar","date":"\u064a\u0646\u0627\u064a\u0631 31, 2022","format":false,"excerpt":"\u00c0 la demande du Conseil de la facult\u00e9 d' agriculture, l\u2019Universit\u00e9 du Sud de la Vall\u00e9e d\u00e9cerne un dipl\u00f4me de sciences agricoles en (production agricole g\u00e9n\u00e9rale). \u00a0\u00c9tude en classe - deux semestres par ann\u00e9e scolaire sur une p\u00e9riode de quatre ans. \u2022 Un dipl\u00f4me d'\u00e9tudes sup\u00e9rieures en sciences agricoles (programme\u2026","rel":"","context":"\u062a\u062f\u0648\u064a\u0646\u0629 \u0645\u0634\u0627\u0628\u0647\u0629","block_context":{"text":"\u062a\u062f\u0648\u064a\u0646\u0629 \u0645\u0634\u0627\u0628\u0647\u0629","link":""},"img":{"alt_text":"","src":"","width":0,"height":0},"classes":[]},{"id":2665,"url":"http:\/\/www.svu.edu.eg\/faculties\/agr\/fr\/programmes-educatifs\/","url_meta":{"origin":2671,"position":5},"title":"Programmes \u00e9ducatifs","author":"omar","date":"\u062f\u064a\u0633\u0645\u0628\u0631 26, 2020","format":false,"excerpt":"Les programmes \u00e9ducatifs de la facult\u00e9 d\u2019agriculture \u00e0 l'Universit\u00e9 du Sud de la vall\u00e9e pour le baccalaur\u00e9at et la licence sont les suivants: A- Baccalaur\u00e9at Un seul programme est : programme g\u00e9n\u00e9ral de production agricole. B- l'apprentissage ouvert (Baccalaur\u00e9at en sciences agricoles en administration de projets et technologie agricole (partenariat\u2026","rel":"","context":"\u062a\u062f\u0648\u064a\u0646\u0629 \u0645\u0634\u0627\u0628\u0647\u0629","block_context":{"text":"\u062a\u062f\u0648\u064a\u0646\u0629 \u0645\u0634\u0627\u0628\u0647\u0629","link":""},"img":{"alt_text":"","src":"","width":0,"height":0},"classes":[]}],"_links":{"self":[{"href":"http:\/\/www.svu.edu.eg\/faculties\/agr\/wp-json\/wp\/v2\/pages\/2671"}],"collection":[{"href":"http:\/\/www.svu.edu.eg\/faculties\/agr\/wp-json\/wp\/v2\/pages"}],"about":[{"href":"http:\/\/www.svu.edu.eg\/faculties\/agr\/wp-json\/wp\/v2\/types\/page"}],"author":[{"embeddable":true,"href":"http:\/\/www.svu.edu.eg\/faculties\/agr\/wp-json\/wp\/v2\/users\/2"}],"replies":[{"embeddable":true,"href":"http:\/\/www.svu.edu.eg\/faculties\/agr\/wp-json\/wp\/v2\/comments?post=2671"}],"version-history":[{"count":1,"href":"http:\/\/www.svu.edu.eg\/faculties\/agr\/wp-json\/wp\/v2\/pages\/2671\/revisions"}],"predecessor-version":[{"id":2672,"href":"http:\/\/www.svu.edu.eg\/faculties\/agr\/wp-json\/wp\/v2\/pages\/2671\/revisions\/2672"}],"wp:attachment":[{"href":"http:\/\/www.svu.edu.eg\/faculties\/agr\/wp-json\/wp\/v2\/media?parent=2671"}],"curies":[{"name":"wp","href":"https:\/\/api.w.org\/{rel}","templated":true}]}}